{"id":4113,"date":"2018-12-18T16:42:19","date_gmt":"2018-12-18T16:42:19","guid":{"rendered":"https:\/\/www.transisole.rivedemo.it\/investimenti-mezzi-euro6-e-logistica-sostenibile\/"},"modified":"2019-11-11T09:25:40","modified_gmt":"2019-11-11T09:25:40","slug":"inversiones","status":"publish","type":"page","link":"https:\/\/www.transisole.rivedemo.it\/es\/inversiones","title":{"rendered":"Inversiones"},"content":{"rendered":"<div class=\"wpb-content-wrapper\"><p>[vc_row][vc_column width=\u00bb2\/3&#8243;][vc_custom_heading text=\u00bbInversi\u00f3n constante en nuevos medios, dep\u00f3sitos y aparcamientos extendidos, recursos humanos constantemente formados, plataformas de seguimiento y tecnolog\u00edas avanzadas\u00bb font_container=\u00bbtag:h3|text_align:left\u00bb google_fonts=\u00bbfont_family:Titillium%20Web%3A200%2C200italic%2C300%2C300italic%2Cregular%2Citalic%2C600%2C600italic%2C700%2C700italic%2C900|font_style:400%20regular%3A400%3Anormal\u00bb][vc_column_text]<\/p>\n<h3>Euro6 media park y log\u00edstica sostenible<\/h3>\n<p>[\/vc_column_text][vc_row_inner][vc_column_inner width=\u00bb1\/2&#8243;][vc_single_image image=\u00bb2996&#8243; img_size=\u00bbfull\u00bb alignment=\u00bbcenter\u00bb style=\u00bbvc_box_outline\u00bb][\/vc_column_inner][vc_column_inner width=\u00bb1\/2&#8243;][vc_column_text]Toda la flota consiste en una flota muy moderna y eficiente de m\u00e1s de 2,000 veh\u00edculos, incluyendo TIR con tecnolog\u00eda de Lng. La flota de maquinaria y equipo se actualiza constantemente para minimizar las emisiones nocivas y la contaminaci\u00f3n ac\u00fastica.<\/p>\n<p>Trans Isole favorece la elecci\u00f3n de un tipo de transporte mar\u00edtimo intermodal en comparaci\u00f3n con el transporte por carretera exclusivo y la log\u00edstica sostenible es la piedra angular estrat\u00e9gica empresarial, cuyo objetivo es reducir el impacto ambiental de los diversos enlaces en la cadena log\u00edstica, sin penalizar la calidad del servicio. y rentabilidad econ\u00f3mica.[\/vc_column_text][\/vc_column_inner][\/vc_row_inner][vc_empty_space][vc_column_text]<a class=\"button icon_right size-sm\" href=\"https:\/\/www.transisole.rivedemo.it\/es\/flota-camion-estacionamiento-medios-de-transporte\/\" rel=\"noopener\">Ver la flota de la empresa<i class=\"stm-arrow-next\"><\/i><\/a>[\/vc_column_text][vc_empty_space][vc_column_text]<\/p>\n<h3>Recursos humanos y educaci\u00f3n continua<\/h3>\n<p>[\/vc_column_text][vc_row_inner][vc_column_inner width=\u00bb1\/2&#8243;][vc_single_image image=\u00bb2976&#8243; img_size=\u00bbfull\u00bb alignment=\u00bbcenter\u00bb style=\u00bbvc_box_outline\u00bb][\/vc_column_inner][vc_column_inner width=\u00bb1\/2&#8243;][vc_column_text]Actualizaci\u00f3n continua y especializaci\u00f3n de habilidades. Los recursos humanos son el punto de partida para cada producci\u00f3n y la base para un crecimiento constante.<\/p>\n<p>Trans Isole invierte en educaci\u00f3n continua y actualizaci\u00f3n profesional de los empleados, que considera su principal riqueza. La b\u00fasqueda de personal calificado, cursos de capacitaci\u00f3n y cursos de actualizaci\u00f3n son las piedras angulares que gu\u00edan las elecciones estrat\u00e9gicas y corporativas en el campo de los recursos humanos, todo dirigido a mejorar la productividad del trabajo.[\/vc_column_text][\/vc_column_inner][\/vc_row_inner][vc_column_text]<em>\u00abSolo conferiendo en nuestros recursos humanos, podemos responder activamente a los desaf\u00edos del mercado y mantener la calidad de todos los servicios\u00bb.<\/em>[\/vc_column_text][vc_column_text]<a class=\"button icon_right size-sm\" href=\"https:\/\/www.transisole.rivedemo.it\/es\/magazine\/\" rel=\"noopener\">Jefes periodistas que hablan sobre nosotros<i class=\"stm-arrow-next\"><\/i><\/a>[\/vc_column_text][vc_empty_space][vc_column_text]<\/p>\n<h3>Servicio al cliente<\/h3>\n<p>[\/vc_column_text][vc_row_inner][vc_column_inner width=\u00bb1\/2&#8243;][vc_single_image image=\u00bb3121&#8243; img_size=\u00bbfull\u00bb alignment=\u00bbcenter\u00bb style=\u00bbvc_box_outline\u00bb][\/vc_column_inner][vc_column_inner width=\u00bb1\/2&#8243;][vc_column_text]Trans Isole proporciona informaci\u00f3n sobre pedidos, su estado y responde a cualquier problema encontrado en los diversos procesos de log\u00edstica y \/ o transporte.<\/p>\n<p>Es posible contactar a uno de nuestros operadores por tel\u00e9fono o whatsapp que, en tiempo real, podr\u00e1 indicar el progreso de un pedido, responder a problemas espec\u00edficos o dirigirlo a una persona de contacto dedicada a sus necesidades.[\/vc_column_text][\/vc_column_inner][\/vc_row_inner][vc_empty_space][vc_column_text]<a class=\"button icon_right size-sm\" href=\"https:\/\/www.transisole.rivedemo.it\/es\/servicio-al-cliente-transportes-logistica\/\" rel=\"noopener\">Contacte con el centro operativo de servicio al cliente<i class=\"stm-arrow-next\"><\/i><\/a>[\/vc_column_text][vc_empty_space][vc_column_text]<\/p>\n<h3>Nuevos dep\u00f3sitos y estacionamientos con fotovoltaico<\/h3>\n<p>[\/vc_column_text][vc_row_inner][vc_column_inner width=\u00bb1\/2&#8243;][vc_single_image image=\u00bb3034&#8243; img_size=\u00bbfull\u00bb alignment=\u00bbcenter\u00bb style=\u00bbvc_box_outline\u00bb][\/vc_column_inner][vc_column_inner width=\u00bb1\/2&#8243;][vc_column_text]Trans Isole es consciente de que la actividad de transporte produce efectos en el medio ambiente y, por esta raz\u00f3n, favorece el transporte intermodal con respecto al de los neum\u00e1ticos solo para reducir las emisiones de CO2 y, al mismo tiempo, invertir en medios de transporte. innovador con impacto ambiental reducido.<\/p>\n<p>Adem\u00e1s, la Compa\u00f1\u00eda busca compensar el medio ambiente con inversiones en nuevos dep\u00f3sitos y estacionamientos con techos fotovoltaicos para la producci\u00f3n de electricidad alternativa. Una forma de apoyar el medio ambiente, apoyando innovaciones v\u00e1lidas y concretas.[\/vc_column_text][\/vc_column_inner][\/vc_row_inner][vc_empty_space][vc_column_text]<a class=\"button icon_right size-sm\" href=\"https:\/\/www.transisole.rivedemo.it\/es\/logistica-servicio-transporte-italia\/\" rel=\"noopener\">Ver la log\u00edstica de italia<i class=\"stm-arrow-next\"><\/i><\/a>[\/vc_column_text][vc_column_text]<\/p>\n<h3>Sistema de tratamiento, recuperaci\u00f3n y reemplazo del agua de descarga<\/h3>\n<p>[\/vc_column_text][vc_row_inner][vc_column_inner width=\u00bb1\/2&#8243;][vc_single_image image=\u00bb3224&#8243; img_size=\u00bbfull\u00bb alignment=\u00bbcenter\u00bb style=\u00bbvc_box_outline\u00bb][\/vc_column_inner][vc_column_inner width=\u00bb1\/2&#8243;][vc_column_text]Trans Isole valora altamente la recuperaci\u00f3n del agua, un recurso que es cada vez m\u00e1s escaso en nuestro territorio, integrando un sistema para recuperar y reutilizar los recursos h\u00eddricos.<br \/>\nEl sistema de reutilizaci\u00f3n del agua ha sido cuidadosamente planificado y dise\u00f1ado en relaci\u00f3n con la empresa y la actividad de lavado, a fin de tener un grado de elasticidad acorde con las solicitudes, incluso el agua inmediata. Este sistema se basa en un proceso de decantaci\u00f3n, purificaci\u00f3n con un sistema de lodos activados y filtraci\u00f3n, destinado al tratamiento de aguas residuales industriales, m\u00e1s espec\u00edficamente para la purificaci\u00f3n de aguas residuales con baja carga org\u00e1nica (como las derivadas de los lavados de autos).[\/vc_column_text][\/vc_column_inner][\/vc_row_inner][vc_empty_space][vc_column_text]<a class=\"button icon_right size-sm\" href=\"https:\/\/www.transisole.rivedemo.it\/es\/especialistas-en-logistica-sostenible-go-green\/\" rel=\"noopener\">Visualiza la pol\u00edtica ambiental de<br \/>\nsalvaguadia<i class=\"stm-arrow-next\"><\/i><\/a>[\/vc_column_text][vc_empty_space][\/vc_column][vc_column width=\u00bb1\/3&#8243;][vc_widget_sidebar sidebar_id=\u00bbtranscargo-right-sidebar\u00bb][\/vc_column][\/vc_row][vc_row full_width=\u00bbstretch_row\u00bb el_class=\u00bbsecondary_bg_color\u00bb css=\u00bb.vc_custom_1447746818281{margin-bottom: 0px !important;}\u00bb][vc_column][vc_cta h2=\u00bbPara info sobre servicios de Transporte, Log\u00edstica y Distribuci\u00f3n:\u00bb shape=\u00bbsquare\u00bb add_button=\u00bbright\u00bb btn_title=\u00bbPedir un presupuesto\u00bb btn_style=\u00bboutline\u00bb btn_shape=\u00bbround\u00bb btn_color=\u00bbwhite\u00bb btn_i_align=\u00bbright\u00bb btn_i_icon_fontawesome=\u00bbstm-arrow-next\u00bb btn_add_icon=\u00bbtrue\u00bb el_class=\u00bbsecondary_bg_color\u00bb btn_link=\u00bburl:%2F%3Fp%3D471|||\u00bb][\/vc_cta][\/vc_column][\/vc_row]<\/p>\n<\/div>","protected":false},"excerpt":{"rendered":"<p>[vc_row][vc_column width=\u00bb2\/3&#8243;][vc_custom_heading text=\u00bbInversi\u00f3n constante en nuevos medios, dep\u00f3sitos y aparcamientos extendidos, recursos humanos constantemente formados, plataformas de seguimiento y tecnolog\u00edas avanzadas\u00bb font_container=\u00bbtag:h3|text_align:left\u00bb google_fonts=\u00bbfont_family:Titillium%20Web%3A200%2C200italic%2C300%2C300italic%2Cregular%2Citalic%2C600%2C600italic%2C700%2C700italic%2C900|font_style:400%20regular%3A400%3Anormal\u00bb][vc_column_text] Euro6 media park y log\u00edstica sostenible [\/vc_column_text][vc_row_inner][vc_column_inner width=\u00bb1\/2&#8243;][vc_single_image image=\u00bb2996&#8243; img_size=\u00bbfull\u00bb&#8230;<\/p>\n","protected":false},"author":2,"featured_media":0,"parent":0,"menu_order":0,"comment_status":"closed","ping_status":"closed","template":"","meta":{"footnotes":""},"class_list":["post-4113","page","type-page","status-publish","hentry"],"yoast_head":"<!-- This site is optimized with the Yoast SEO plugin v25.6 - https:\/\/yoast.com\/wordpress\/plugins\/seo\/ -->\n<title>Inversiones - Trans Isole<\/title>\n<meta name=\"robots\" content=\"noindex, follow, max-snippet:-1, max-image-preview:large, max-video-preview:-1\" \/>\n<meta property=\"og:locale\" content=\"es_ES\" \/>\n<meta property=\"og:type\" content=\"article\" \/>\n<meta property=\"og:title\" content=\"Inversiones - Trans Isole\" \/>\n<meta property=\"og:description\" content=\"[vc_row][vc_column width=\u00bb2\/3&#8243;][vc_custom_heading text=\u00bbInversi\u00f3n constante en nuevos medios, dep\u00f3sitos y aparcamientos extendidos, recursos humanos constantemente formados, plataformas de seguimiento y tecnolog\u00edas avanzadas\u00bb font_container=\u00bbtag:h3|text_align:left\u00bb google_fonts=\u00bbfont_family:Titillium%20Web%3A200%2C200italic%2C300%2C300italic%2Cregular%2Citalic%2C600%2C600italic%2C700%2C700italic%2C900|font_style:400%20regular%3A400%3Anormal\u00bb][vc_column_text] Euro6 media park y log\u00edstica sostenible [\/vc_column_text][vc_row_inner][vc_column_inner width=\u00bb1\/2&#8243;][vc_single_image image=\u00bb2996&#8243; img_size=\u00bbfull\u00bb...\" \/>\n<meta property=\"og:url\" content=\"https:\/\/www.transisole.rivedemo.it\/investimenti-mezzi-euro6-e-logistica-sostenibile\" \/>\n<meta property=\"og:site_name\" content=\"Trans Isole\" \/>\n<meta property=\"article:publisher\" content=\"https:\/\/www.facebook.com\/transisole\" \/>\n<meta property=\"article:modified_time\" content=\"2019-11-11T09:25:40+00:00\" \/>\n<meta name=\"twitter:card\" content=\"summary_large_image\" \/>\n<meta name=\"twitter:label1\" content=\"Tiempo de lectura\" \/>\n\t<meta name=\"twitter:data1\" content=\"5 minutos\" \/>\n<script type=\"application\/ld+json\" class=\"yoast-schema-graph\">{\"@context\":\"https:\/\/schema.org\",\"@graph\":[{\"@type\":\"WebPage\",\"@id\":\"https:\/\/www.transisole.rivedemo.it\/investimenti-mezzi-euro6-e-logistica-sostenibile\",\"url\":\"https:\/\/www.transisole.rivedemo.it\/investimenti-mezzi-euro6-e-logistica-sostenibile\",\"name\":\"Inversiones - Trans Isole\",\"isPartOf\":{\"@id\":\"https:\/\/www.transisole.rivedemo.it\/#website\"},\"datePublished\":\"2018-12-18T16:42:19+00:00\",\"dateModified\":\"2019-11-11T09:25:40+00:00\",\"breadcrumb\":{\"@id\":\"https:\/\/www.transisole.rivedemo.it\/investimenti-mezzi-euro6-e-logistica-sostenibile#breadcrumb\"},\"inLanguage\":\"es\",\"potentialAction\":[{\"@type\":\"ReadAction\",\"target\":[\"https:\/\/www.transisole.rivedemo.it\/investimenti-mezzi-euro6-e-logistica-sostenibile\"]}]},{\"@type\":\"BreadcrumbList\",\"@id\":\"https:\/\/www.transisole.rivedemo.it\/investimenti-mezzi-euro6-e-logistica-sostenibile#breadcrumb\",\"itemListElement\":[{\"@type\":\"ListItem\",\"position\":1,\"name\":\"Home\",\"item\":\"https:\/\/www.transisole.rivedemo.it\/\"},{\"@type\":\"ListItem\",\"position\":2,\"name\":\"Inversiones\"}]},{\"@type\":\"WebSite\",\"@id\":\"https:\/\/www.transisole.rivedemo.it\/#website\",\"url\":\"https:\/\/www.transisole.rivedemo.it\/\",\"name\":\"Trans Isole\",\"description\":\"Trasporto in Italia, Europa e isole, Deposito e Logistica\",\"potentialAction\":[{\"@type\":\"SearchAction\",\"target\":{\"@type\":\"EntryPoint\",\"urlTemplate\":\"https:\/\/www.transisole.rivedemo.it\/?s={search_term_string}\"},\"query-input\":{\"@type\":\"PropertyValueSpecification\",\"valueRequired\":true,\"valueName\":\"search_term_string\"}}],\"inLanguage\":\"es\"}]}<\/script>\n<!-- \/ Yoast SEO plugin. -->","yoast_head_json":{"title":"Inversiones - Trans Isole","robots":{"index":"noindex","follow":"follow","max-snippet":"max-snippet:-1","max-image-preview":"max-image-preview:large","max-video-preview":"max-video-preview:-1"},"og_locale":"es_ES","og_type":"article","og_title":"Inversiones - Trans Isole","og_description":"[vc_row][vc_column width=\u00bb2\/3&#8243;][vc_custom_heading text=\u00bbInversi\u00f3n constante en nuevos medios, dep\u00f3sitos y aparcamientos extendidos, recursos humanos constantemente formados, plataformas de seguimiento y tecnolog\u00edas avanzadas\u00bb font_container=\u00bbtag:h3|text_align:left\u00bb google_fonts=\u00bbfont_family:Titillium%20Web%3A200%2C200italic%2C300%2C300italic%2Cregular%2Citalic%2C600%2C600italic%2C700%2C700italic%2C900|font_style:400%20regular%3A400%3Anormal\u00bb][vc_column_text] Euro6 media park y log\u00edstica sostenible [\/vc_column_text][vc_row_inner][vc_column_inner width=\u00bb1\/2&#8243;][vc_single_image image=\u00bb2996&#8243; img_size=\u00bbfull\u00bb...","og_url":"https:\/\/www.transisole.rivedemo.it\/investimenti-mezzi-euro6-e-logistica-sostenibile","og_site_name":"Trans Isole","article_publisher":"https:\/\/www.facebook.com\/transisole","article_modified_time":"2019-11-11T09:25:40+00:00","twitter_card":"summary_large_image","twitter_misc":{"Tiempo de lectura":"5 minutos"},"schema":{"@context":"https:\/\/schema.org","@graph":[{"@type":"WebPage","@id":"https:\/\/www.transisole.rivedemo.it\/investimenti-mezzi-euro6-e-logistica-sostenibile","url":"https:\/\/www.transisole.rivedemo.it\/investimenti-mezzi-euro6-e-logistica-sostenibile","name":"Inversiones - Trans Isole","isPartOf":{"@id":"https:\/\/www.transisole.rivedemo.it\/#website"},"datePublished":"2018-12-18T16:42:19+00:00","dateModified":"2019-11-11T09:25:40+00:00","breadcrumb":{"@id":"https:\/\/www.transisole.rivedemo.it\/investimenti-mezzi-euro6-e-logistica-sostenibile#breadcrumb"},"inLanguage":"es","potentialAction":[{"@type":"ReadAction","target":["https:\/\/www.transisole.rivedemo.it\/investimenti-mezzi-euro6-e-logistica-sostenibile"]}]},{"@type":"BreadcrumbList","@id":"https:\/\/www.transisole.rivedemo.it\/investimenti-mezzi-euro6-e-logistica-sostenibile#breadcrumb","itemListElement":[{"@type":"ListItem","position":1,"name":"Home","item":"https:\/\/www.transisole.rivedemo.it\/"},{"@type":"ListItem","position":2,"name":"Inversiones"}]},{"@type":"WebSite","@id":"https:\/\/www.transisole.rivedemo.it\/#website","url":"https:\/\/www.transisole.rivedemo.it\/","name":"Trans Isole","description":"Trasporto in Italia, Europa e isole, Deposito e Logistica","potentialAction":[{"@type":"SearchAction","target":{"@type":"EntryPoint","urlTemplate":"https:\/\/www.transisole.rivedemo.it\/?s={search_term_string}"},"query-input":{"@type":"PropertyValueSpecification","valueRequired":true,"valueName":"search_term_string"}}],"inLanguage":"es"}]}},"_links":{"self":[{"href":"https:\/\/www.transisole.rivedemo.it\/es\/wp-json\/wp\/v2\/pages\/4113","targetHints":{"allow":["GET"]}}],"collection":[{"href":"https:\/\/www.transisole.rivedemo.it\/es\/wp-json\/wp\/v2\/pages"}],"about":[{"href":"https:\/\/www.transisole.rivedemo.it\/es\/wp-json\/wp\/v2\/types\/page"}],"author":[{"embeddable":true,"href":"https:\/\/www.transisole.rivedemo.it\/es\/wp-json\/wp\/v2\/users\/2"}],"replies":[{"embeddable":true,"href":"https:\/\/www.transisole.rivedemo.it\/es\/wp-json\/wp\/v2\/comments?post=4113"}],"version-history":[{"count":5,"href":"https:\/\/www.transisole.rivedemo.it\/es\/wp-json\/wp\/v2\/pages\/4113\/revisions"}],"predecessor-version":[{"id":4146,"href":"https:\/\/www.transisole.rivedemo.it\/es\/wp-json\/wp\/v2\/pages\/4113\/revisions\/4146"}],"wp:attachment":[{"href":"https:\/\/www.transisole.rivedemo.it\/es\/wp-json\/wp\/v2\/media?parent=4113"}],"curies":[{"name":"wp","href":"https:\/\/api.w.org\/{rel}","templated":true}]}}