{"id":2791,"date":"2018-09-27T14:17:53","date_gmt":"2018-09-27T14:17:53","guid":{"rendered":"https:\/\/www.transisole.rivedemo.it\/certificazioni-e-premi\/"},"modified":"2025-06-27T19:28:35","modified_gmt":"2025-06-27T19:28:35","slug":"certificaciones-y-premios","status":"publish","type":"page","link":"https:\/\/www.transisole.rivedemo.it\/es\/certificaciones-y-premios","title":{"rendered":"Certificaciones y Premios"},"content":{"rendered":"<div class=\"wpb-content-wrapper\"><p>[vc_row][vc_column width=\u00bb2\/3&#8243;][vc_separator][vc_custom_heading text=\u00bbTransporte intermodal y log\u00edstica de mercanc\u00edas var\u00eda, en Europa.\u00bb font_container=\u00bbtag:h3|text_align:left\u00bb google_fonts=\u00bbfont_family:Titillium%20Web%3A200%2C200italic%2C300%2C300italic%2Cregular%2Citalic%2C600%2C600italic%2C700%2C700italic%2C900|font_style:400%20regular%3A400%3Anormal\u00bb][vc_empty_space][vc_custom_heading text=\u00bbCERTIFICADOS\u00bb font_container=\u00bbtag:h4|text_align:left\u00bb google_fonts=\u00bbfont_family:Titillium%20Web%3A200%2C200italic%2C300%2C300italic%2Cregular%2Citalic%2C600%2C600italic%2C700%2C700italic%2C900|font_style:400%20regular%3A400%3Anormal\u00bb][vc_row_inner][vc_column_inner el_class=\u00bbtext-center\u00bb width=\u00bb1\/2&#8243;][vc_single_image image=\u00bb9095&#8243; alignment=\u00bbcenter\u00bb][vc_column_text]<a class=\"button size-sm\" href=\"https:\/\/www.transisole.rivedemo.it\/wp-content\/uploads\/2025\/06\/F49_391066277_web_v2_8c87ba5e-071f-4a04-8615-3509f3bc018b_en_compressed.pdf\" target=\"_blank\" rel=\"noopener\">Descargar Certificaci\u00f3n<\/a>[\/vc_column_text][\/vc_column_inner][vc_column_inner el_class=\u00bbtext-center\u00bb width=\u00bb1\/2&#8243;][vc_single_image image=\u00bb9099&#8243; alignment=\u00bbcenter\u00bb][vc_column_text]<a class=\"button size-sm\" href=\"https:\/\/www.transisole.rivedemo.it\/wp-content\/uploads\/2025\/06\/F49_391066279_web_v2_06f94105-7c7a-4a04-9371-ee787cc33caa_en_compressed.pdf\" target=\"_blank\" rel=\"noopener\">Descargar Certificaci\u00f3n<\/a>[\/vc_column_text][\/vc_column_inner][\/vc_row_inner][vc_row_inner][vc_column_inner el_class=\u00bbtext-center\u00bb width=\u00bb1\/2&#8243;][vc_single_image image=\u00bb9102&#8243; alignment=\u00bbcenter\u00bb][vc_column_text]<a class=\"button size-sm\" href=\"https:\/\/www.transisole.rivedemo.it\/wp-content\/uploads\/2025\/06\/F49_391066281_web_v2_24f2dbc7-0603-4a0f-ba47-25376baf84d5_it_compressed.pdf\" target=\"_blank\" rel=\"noopener\">Descargar Certificaci\u00f3n<\/a>[\/vc_column_text][\/vc_column_inner][vc_column_inner el_class=\u00bbtext-center\u00bb width=\u00bb1\/2&#8243;][\/vc_column_inner][\/vc_row_inner][vc_empty_space height=\u00bb50px\u00bb][vc_custom_heading text=\u00bbPREMIOS\u00bb font_container=\u00bbtag:h4|text_align:left\u00bb google_fonts=\u00bbfont_family:Titillium%20Web%3A200%2C200italic%2C300%2C300italic%2Cregular%2Citalic%2C600%2C600italic%2C700%2C700italic%2C900|font_style:400%20regular%3A400%3Anormal\u00bb][vc_row_inner][vc_column_inner el_class=\u00bbtext-center\u00bb width=\u00bb1\/2&#8243;][vc_single_image image=\u00bb9091&#8243; alignment=\u00bbcenter\u00bb][vc_column_text]\u00bbPremio Italy Post\u00bb entre las empresas Champions 2025 con mejores desempe\u00f1os en t\u00e9rminos de Ebitd[\/vc_column_text][\/vc_column_inner][vc_column_inner el_class=\u00bbtext-center\u00bb width=\u00bb1\/2&#8243;][vc_single_image image=\u00bb6807&#8243; alignment=\u00bbcenter\u00bb][vc_column_text]Eccellenza dell&#8217;Anno in\u00a0Innovazione &amp; Sostenibilit\u00e0 per Soluzioni Logistiche[\/vc_column_text][vc_column_text]<a class=\"button size-sm\" href=\"https:\/\/www.transisole.rivedemo.it\/wp-content\/uploads\/2023\/07\/attestato-premiazione-le-fonti-awards-2023.pdf\" target=\"_blank\" rel=\"noopener\">Descargar Certificaci\u00f3n<\/a>[\/vc_column_text][\/vc_column_inner][\/vc_row_inner][vc_row_inner][vc_column_inner el_class=\u00bbtext-center\u00bb width=\u00bb1\/2&#8243;][vc_single_image image=\u00bb6556&#8243; alignment=\u00bbcenter\u00bb][vc_column_text]\u00bbPremio Italy Post\u00bb entre las empresas Champions 2023 con mejores desempe\u00f1os en t\u00e9rminos de Ebitd[\/vc_column_text][vc_column_text]<a class=\"button size-sm\" href=\"https:\/\/www.transisole.rivedemo.it\/wp-content\/uploads\/2023\/04\/riconoscimento-post-italy-2023.png\" target=\"_blank\" rel=\"noopener\">Descargar Certificaci\u00f3n<\/a>[\/vc_column_text][\/vc_column_inner][vc_column_inner el_class=\u00bbtext-center\u00bb width=\u00bb1\/2&#8243;][vc_single_image image=\u00bb6128&#8243; alignment=\u00bbcenter\u00bb][vc_column_text]\u00bbPremio Industria Felix\u00bb por Desempe\u00f1o de Gesti\u00f3n, Fiabilidad Financiera y Sostenibilidad[\/vc_column_text][vc_column_text]<a class=\"button size-sm\" href=\"https:\/\/www.transisole.rivedemo.it\/wp-content\/uploads\/2022\/12\/albo-oro-industria-felix-2022.pdf\" target=\"_blank\" rel=\"noopener\">Descargar Certificaci\u00f3n<\/a>[\/vc_column_text][\/vc_column_inner][\/vc_row_inner][vc_empty_space height=\u00bb50px\u00bb][vc_row_inner][vc_column_inner el_class=\u00bbtext-center\u00bb width=\u00bb1\/2&#8243;][vc_single_image image=\u00bb5759&#8243; alignment=\u00bbcenter\u00bb][vc_column_text]Eccellenza dell&#8217;Anno in\u00a0Innovazione &amp; Sostenibilit\u00e0 per Soluzioni Logistiche[\/vc_column_text][vc_column_text]<a class=\"button size-sm\" href=\"https:\/\/www.transisole.rivedemo.it\/wp-content\/uploads\/2022\/07\/attestato-premiazione-le-fonti-awards-2022.pdf\" target=\"_blank\" rel=\"noopener\">Descargar Certificaci\u00f3n<\/a>[\/vc_column_text][\/vc_column_inner][vc_column_inner el_class=\u00bbtext-center\u00bb width=\u00bb1\/2&#8243;][vc_single_image image=\u00bb1849&#8243; alignment=\u00bbcenter\u00bb][vc_column_text]Eccellenze nella crescita: Imprenditori a confronto &#8211;\u00a0PMI Eccellenti[\/vc_column_text][vc_column_text]<a class=\"button size-sm\" href=\"https:\/\/www.transisole.rivedemo.it\/wp-content\/uploads\/2018\/09\/presentazione-premio-osservatorio-pmi-2016.pdf\" target=\"_blank\" rel=\"noopener\">Descargar la Presentaci\u00f3n<\/a>[\/vc_column_text][\/vc_column_inner][\/vc_row_inner][vc_empty_space][\/vc_column][vc_column width=\u00bb1\/3&#8243;][vc_widget_sidebar sidebar_id=\u00bbtranscargo-right-sidebar\u00bb][\/vc_column][\/vc_row][vc_row full_width=\u00bbstretch_row\u00bb el_class=\u00bbsecondary_bg_color\u00bb css=\u00bb.vc_custom_1447746818281{margin-bottom: 0px !important;}\u00bb][vc_column][vc_cta h2=\u00bbPara info sobre servicios de Transporte, Log\u00edstica y Distribuci\u00f3n:\u00bb shape=\u00bbsquare\u00bb add_button=\u00bbright\u00bb btn_title=\u00bbPedir un presupuesto\u00bb btn_style=\u00bboutline\u00bb btn_shape=\u00bbround\u00bb btn_color=\u00bbwhite\u00bb btn_i_align=\u00bbright\u00bb btn_i_icon_fontawesome=\u00bbstm-arrow-next\u00bb btn_add_icon=\u00bbtrue\u00bb el_class=\u00bbsecondary_bg_color\u00bb btn_link=\u00bburl:%2Fes%2F%3Fp%3D2545|||\u00bb][\/vc_cta][\/vc_column][\/vc_row]<\/p>\n<\/div>","protected":false},"excerpt":{"rendered":"<p>[vc_row][vc_column width=\u00bb2\/3&#8243;][vc_separator][vc_custom_heading text=\u00bbTransporte intermodal y log\u00edstica de mercanc\u00edas var\u00eda, en Europa.\u00bb font_container=\u00bbtag:h3|text_align:left\u00bb google_fonts=\u00bbfont_family:Titillium%20Web%3A200%2C200italic%2C300%2C300italic%2Cregular%2Citalic%2C600%2C600italic%2C700%2C700italic%2C900|font_style:400%20regular%3A400%3Anormal\u00bb][vc_empty_space][vc_custom_heading text=\u00bbCERTIFICADOS\u00bb font_container=\u00bbtag:h4|text_align:left\u00bb google_fonts=\u00bbfont_family:Titillium%20Web%3A200%2C200italic%2C300%2C300italic%2Cregular%2Citalic%2C600%2C600italic%2C700%2C700italic%2C900|font_style:400%20regular%3A400%3Anormal\u00bb][vc_row_inner][vc_column_inner el_class=\u00bbtext-center\u00bb width=\u00bb1\/2&#8243;][vc_single_image image=\u00bb9095&#8243; alignment=\u00bbcenter\u00bb][vc_column_text]Descargar Certificaci\u00f3n[\/vc_column_text][\/vc_column_inner][vc_column_inner el_class=\u00bbtext-center\u00bb width=\u00bb1\/2&#8243;][vc_single_image image=\u00bb9099&#8243; alignment=\u00bbcenter\u00bb][vc_column_text]Descargar Certificaci\u00f3n[\/vc_column_text][\/vc_column_inner][\/vc_row_inner][vc_row_inner][vc_column_inner el_class=\u00bbtext-center\u00bb width=\u00bb1\/2&#8243;][vc_single_image image=\u00bb9102&#8243; alignment=\u00bbcenter\u00bb][vc_column_text]Descargar Certificaci\u00f3n[\/vc_column_text][\/vc_column_inner][vc_column_inner el_class=\u00bbtext-center\u00bb width=\u00bb1\/2&#8243;][\/vc_column_inner][\/vc_row_inner][vc_empty_space&#8230;<\/p>\n","protected":false},"author":2,"featured_media":0,"parent":0,"menu_order":0,"comment_status":"closed","ping_status":"closed","template":"","meta":{"footnotes":""},"class_list":["post-2791","page","type-page","status-publish","hentry"],"yoast_head":"<!-- This site is optimized with the Yoast SEO plugin v25.6 - https:\/\/yoast.com\/wordpress\/plugins\/seo\/ -->\n<title>Certificaciones y Premios - Trans Isole<\/title>\n<meta name=\"robots\" content=\"noindex, follow, max-snippet:-1, max-image-preview:large, max-video-preview:-1\" \/>\n<meta property=\"og:locale\" content=\"es_ES\" \/>\n<meta property=\"og:type\" content=\"article\" \/>\n<meta property=\"og:title\" content=\"Certificaciones y Premios - Trans Isole\" \/>\n<meta property=\"og:description\" content=\"[vc_row][vc_column width=\u00bb2\/3&#8243;][vc_separator][vc_custom_heading text=\u00bbTransporte intermodal y log\u00edstica de mercanc\u00edas var\u00eda, en Europa.\u00bb font_container=\u00bbtag:h3|text_align:left\u00bb google_fonts=\u00bbfont_family:Titillium%20Web%3A200%2C200italic%2C300%2C300italic%2Cregular%2Citalic%2C600%2C600italic%2C700%2C700italic%2C900|font_style:400%20regular%3A400%3Anormal\u00bb][vc_empty_space][vc_custom_heading text=\u00bbCERTIFICADOS\u00bb font_container=\u00bbtag:h4|text_align:left\u00bb google_fonts=\u00bbfont_family:Titillium%20Web%3A200%2C200italic%2C300%2C300italic%2Cregular%2Citalic%2C600%2C600italic%2C700%2C700italic%2C900|font_style:400%20regular%3A400%3Anormal\u00bb][vc_row_inner][vc_column_inner el_class=\u00bbtext-center\u00bb width=\u00bb1\/2&#8243;][vc_single_image image=\u00bb9095&#8243; alignment=\u00bbcenter\u00bb][vc_column_text]Descargar Certificaci\u00f3n[\/vc_column_text][\/vc_column_inner][vc_column_inner el_class=\u00bbtext-center\u00bb width=\u00bb1\/2&#8243;][vc_single_image image=\u00bb9099&#8243; alignment=\u00bbcenter\u00bb][vc_column_text]Descargar Certificaci\u00f3n[\/vc_column_text][\/vc_column_inner][\/vc_row_inner][vc_row_inner][vc_column_inner el_class=\u00bbtext-center\u00bb width=\u00bb1\/2&#8243;][vc_single_image image=\u00bb9102&#8243; alignment=\u00bbcenter\u00bb][vc_column_text]Descargar Certificaci\u00f3n[\/vc_column_text][\/vc_column_inner][vc_column_inner el_class=\u00bbtext-center\u00bb width=\u00bb1\/2&#8243;][\/vc_column_inner][\/vc_row_inner][vc_empty_space...\" \/>\n<meta property=\"og:url\" content=\"https:\/\/www.transisole.rivedemo.it\/certificazioni-e-premi\" \/>\n<meta property=\"og:site_name\" content=\"Trans Isole\" \/>\n<meta property=\"article:publisher\" content=\"https:\/\/www.facebook.com\/transisole\" \/>\n<meta property=\"article:modified_time\" content=\"2025-06-27T19:28:35+00:00\" \/>\n<meta name=\"twitter:card\" content=\"summary_large_image\" \/>\n<meta name=\"twitter:label1\" content=\"Tiempo de lectura\" \/>\n\t<meta name=\"twitter:data1\" content=\"3 minutos\" \/>\n<script type=\"application\/ld+json\" class=\"yoast-schema-graph\">{\"@context\":\"https:\/\/schema.org\",\"@graph\":[{\"@type\":\"WebPage\",\"@id\":\"https:\/\/www.transisole.rivedemo.it\/certificazioni-e-premi\",\"url\":\"https:\/\/www.transisole.rivedemo.it\/certificazioni-e-premi\",\"name\":\"Certificaciones y Premios - Trans Isole\",\"isPartOf\":{\"@id\":\"https:\/\/www.transisole.rivedemo.it\/#website\"},\"datePublished\":\"2018-09-27T14:17:53+00:00\",\"dateModified\":\"2025-06-27T19:28:35+00:00\",\"breadcrumb\":{\"@id\":\"https:\/\/www.transisole.rivedemo.it\/certificazioni-e-premi#breadcrumb\"},\"inLanguage\":\"es\",\"potentialAction\":[{\"@type\":\"ReadAction\",\"target\":[\"https:\/\/www.transisole.rivedemo.it\/certificazioni-e-premi\"]}]},{\"@type\":\"BreadcrumbList\",\"@id\":\"https:\/\/www.transisole.rivedemo.it\/certificazioni-e-premi#breadcrumb\",\"itemListElement\":[{\"@type\":\"ListItem\",\"position\":1,\"name\":\"Home\",\"item\":\"https:\/\/www.transisole.rivedemo.it\/\"},{\"@type\":\"ListItem\",\"position\":2,\"name\":\"Certificaciones y Premios\"}]},{\"@type\":\"WebSite\",\"@id\":\"https:\/\/www.transisole.rivedemo.it\/#website\",\"url\":\"https:\/\/www.transisole.rivedemo.it\/\",\"name\":\"Trans Isole\",\"description\":\"Trasporto in Italia, Europa e isole, Deposito e Logistica\",\"potentialAction\":[{\"@type\":\"SearchAction\",\"target\":{\"@type\":\"EntryPoint\",\"urlTemplate\":\"https:\/\/www.transisole.rivedemo.it\/?s={search_term_string}\"},\"query-input\":{\"@type\":\"PropertyValueSpecification\",\"valueRequired\":true,\"valueName\":\"search_term_string\"}}],\"inLanguage\":\"es\"}]}<\/script>\n<!-- \/ Yoast SEO plugin. -->","yoast_head_json":{"title":"Certificaciones y Premios - Trans Isole","robots":{"index":"noindex","follow":"follow","max-snippet":"max-snippet:-1","max-image-preview":"max-image-preview:large","max-video-preview":"max-video-preview:-1"},"og_locale":"es_ES","og_type":"article","og_title":"Certificaciones y Premios - Trans Isole","og_description":"[vc_row][vc_column width=\u00bb2\/3&#8243;][vc_separator][vc_custom_heading text=\u00bbTransporte intermodal y log\u00edstica de mercanc\u00edas var\u00eda, en Europa.\u00bb font_container=\u00bbtag:h3|text_align:left\u00bb google_fonts=\u00bbfont_family:Titillium%20Web%3A200%2C200italic%2C300%2C300italic%2Cregular%2Citalic%2C600%2C600italic%2C700%2C700italic%2C900|font_style:400%20regular%3A400%3Anormal\u00bb][vc_empty_space][vc_custom_heading text=\u00bbCERTIFICADOS\u00bb font_container=\u00bbtag:h4|text_align:left\u00bb google_fonts=\u00bbfont_family:Titillium%20Web%3A200%2C200italic%2C300%2C300italic%2Cregular%2Citalic%2C600%2C600italic%2C700%2C700italic%2C900|font_style:400%20regular%3A400%3Anormal\u00bb][vc_row_inner][vc_column_inner el_class=\u00bbtext-center\u00bb width=\u00bb1\/2&#8243;][vc_single_image image=\u00bb9095&#8243; alignment=\u00bbcenter\u00bb][vc_column_text]Descargar Certificaci\u00f3n[\/vc_column_text][\/vc_column_inner][vc_column_inner el_class=\u00bbtext-center\u00bb width=\u00bb1\/2&#8243;][vc_single_image image=\u00bb9099&#8243; alignment=\u00bbcenter\u00bb][vc_column_text]Descargar Certificaci\u00f3n[\/vc_column_text][\/vc_column_inner][\/vc_row_inner][vc_row_inner][vc_column_inner el_class=\u00bbtext-center\u00bb width=\u00bb1\/2&#8243;][vc_single_image image=\u00bb9102&#8243; alignment=\u00bbcenter\u00bb][vc_column_text]Descargar Certificaci\u00f3n[\/vc_column_text][\/vc_column_inner][vc_column_inner el_class=\u00bbtext-center\u00bb width=\u00bb1\/2&#8243;][\/vc_column_inner][\/vc_row_inner][vc_empty_space...","og_url":"https:\/\/www.transisole.rivedemo.it\/certificazioni-e-premi","og_site_name":"Trans Isole","article_publisher":"https:\/\/www.facebook.com\/transisole","article_modified_time":"2025-06-27T19:28:35+00:00","twitter_card":"summary_large_image","twitter_misc":{"Tiempo de lectura":"3 minutos"},"schema":{"@context":"https:\/\/schema.org","@graph":[{"@type":"WebPage","@id":"https:\/\/www.transisole.rivedemo.it\/certificazioni-e-premi","url":"https:\/\/www.transisole.rivedemo.it\/certificazioni-e-premi","name":"Certificaciones y Premios - Trans Isole","isPartOf":{"@id":"https:\/\/www.transisole.rivedemo.it\/#website"},"datePublished":"2018-09-27T14:17:53+00:00","dateModified":"2025-06-27T19:28:35+00:00","breadcrumb":{"@id":"https:\/\/www.transisole.rivedemo.it\/certificazioni-e-premi#breadcrumb"},"inLanguage":"es","potentialAction":[{"@type":"ReadAction","target":["https:\/\/www.transisole.rivedemo.it\/certificazioni-e-premi"]}]},{"@type":"BreadcrumbList","@id":"https:\/\/www.transisole.rivedemo.it\/certificazioni-e-premi#breadcrumb","itemListElement":[{"@type":"ListItem","position":1,"name":"Home","item":"https:\/\/www.transisole.rivedemo.it\/"},{"@type":"ListItem","position":2,"name":"Certificaciones y Premios"}]},{"@type":"WebSite","@id":"https:\/\/www.transisole.rivedemo.it\/#website","url":"https:\/\/www.transisole.rivedemo.it\/","name":"Trans Isole","description":"Trasporto in Italia, Europa e isole, Deposito e Logistica","potentialAction":[{"@type":"SearchAction","target":{"@type":"EntryPoint","urlTemplate":"https:\/\/www.transisole.rivedemo.it\/?s={search_term_string}"},"query-input":{"@type":"PropertyValueSpecification","valueRequired":true,"valueName":"search_term_string"}}],"inLanguage":"es"}]}},"_links":{"self":[{"href":"https:\/\/www.transisole.rivedemo.it\/es\/wp-json\/wp\/v2\/pages\/2791","targetHints":{"allow":["GET"]}}],"collection":[{"href":"https:\/\/www.transisole.rivedemo.it\/es\/wp-json\/wp\/v2\/pages"}],"about":[{"href":"https:\/\/www.transisole.rivedemo.it\/es\/wp-json\/wp\/v2\/types\/page"}],"author":[{"embeddable":true,"href":"https:\/\/www.transisole.rivedemo.it\/es\/wp-json\/wp\/v2\/users\/2"}],"replies":[{"embeddable":true,"href":"https:\/\/www.transisole.rivedemo.it\/es\/wp-json\/wp\/v2\/comments?post=2791"}],"version-history":[{"count":25,"href":"https:\/\/www.transisole.rivedemo.it\/es\/wp-json\/wp\/v2\/pages\/2791\/revisions"}],"predecessor-version":[{"id":9109,"href":"https:\/\/www.transisole.rivedemo.it\/es\/wp-json\/wp\/v2\/pages\/2791\/revisions\/9109"}],"wp:attachment":[{"href":"https:\/\/www.transisole.rivedemo.it\/es\/wp-json\/wp\/v2\/media?parent=2791"}],"curies":[{"name":"wp","href":"https:\/\/api.w.org\/{rel}","templated":true}]}}