{"id":2789,"date":"2018-09-27T17:05:23","date_gmt":"2018-09-27T17:05:23","guid":{"rendered":"https:\/\/www.transisole.rivedemo.it\/assicurazione-merci\/"},"modified":"2019-11-11T09:29:52","modified_gmt":"2019-11-11T09:29:52","slug":"seguro-de-bienes","status":"publish","type":"page","link":"https:\/\/www.transisole.rivedemo.it\/es\/seguro-de-bienes","title":{"rendered":"Seguro de bienes"},"content":{"rendered":"<div class=\"wpb-content-wrapper\"><p>[vc_row][vc_column width=\u00bb2\/3&#8243;][vc_custom_heading text=\u00bbSeguro de bienes. Transporte asegurado, desde pol\u00edticas est\u00e1ndar hasta pol\u00edticas adicionales, todo riesgo\u00bb font_container=\u00bbtag:h3|text_align:left\u00bb google_fonts=\u00bbfont_family:Titillium%20Web%3A200%2C200italic%2C300%2C300italic%2Cregular%2Citalic%2C600%2C600italic%2C700%2C700italic%2C900|font_style:400%20regular%3A400%3Anormal\u00bb][vc_column_text]<\/p>\n<h3>Seguro de bienes.<br \/>\n\u00bfPor qu\u00e9 es importante asegurar los bienes que viajan con Trans Isole?<\/h3>\n<p>Porque es importante hacer que los Clientes que conf\u00edan el transporte de sus productos a Trans Isole se sientan seguros.<br \/>\nEl seguro de bienes no se considera un costo, pero es un servicio adicional para ofrecer, un mimo para el Cliente y una protecci\u00f3n adicional para todo lo que se transporta.<\/p>\n<p>Todo lo que viaja con Trans Isole siempre est\u00e1 cubierto por un seguro de transporte de acuerdo con la legislaci\u00f3n vigente.<br \/>\nDesde pol\u00edticas est\u00e1ndar hasta pol\u00edticas integrales de riesgo, gracias a un acuerdo con las principales compa\u00f1\u00edas de seguros, Trans Isole garantiza varias opciones para asegurar sus productos contra cualquier da\u00f1o que pueda ocurrir durante el transporte.[\/vc_column_text][vc_single_image image=\u00bb2371&#8243; img_size=\u00bbfull\u00bb alignment=\u00bbcenter\u00bb style=\u00bbvc_box_outline\u00bb][vc_column_text]<\/p>\n<h3>Si fueron da\u00f1ados a los bienes asegurados, \u00bfc\u00f3mo funciona Trans Isole?<\/h3>\n<p>Trans Isole siempre garantiza un servicio de apertura y manejo para el reembolso de los da\u00f1os por parte de nuestras oficinas en los raros casos en que los bienes podr\u00edan da\u00f1arse y \/ o fallas debido a causas atribuibles a nosotros.<br \/>\nCobertura de riesgo cien por ciento garantizada: si\u00e9ntase seguro con Trans Isole.[\/vc_column_text][\/vc_column][vc_column width=\u00bb1\/3&#8243;][vc_widget_sidebar sidebar_id=\u00bbtranscargo-right-sidebar\u00bb][\/vc_column][\/vc_row][vc_row full_width=\u00bbstretch_row\u00bb el_class=\u00bbsecondary_bg_color\u00bb css=\u00bb.vc_custom_1447746818281{margin-bottom: 0px !important;}\u00bb][vc_column][vc_cta h2=\u00bbPara info sobre servicios de Transporte, Log\u00edstica y Distribuci\u00f3n:\u00bb shape=\u00bbsquare\u00bb add_button=\u00bbright\u00bb btn_title=\u00bbPedir un presupuesto\u00bb btn_style=\u00bboutline\u00bb btn_shape=\u00bbround\u00bb btn_color=\u00bbwhite\u00bb btn_i_align=\u00bbright\u00bb btn_i_icon_fontawesome=\u00bbstm-arrow-next\u00bb btn_add_icon=\u00bbtrue\u00bb el_class=\u00bbsecondary_bg_color\u00bb][\/vc_cta][\/vc_column][\/vc_row]<\/p>\n<\/div>","protected":false},"excerpt":{"rendered":"<p>[vc_row][vc_column width=\u00bb2\/3&#8243;][vc_custom_heading text=\u00bbSeguro de bienes. Transporte asegurado, desde pol\u00edticas est\u00e1ndar hasta pol\u00edticas adicionales, todo riesgo\u00bb font_container=\u00bbtag:h3|text_align:left\u00bb google_fonts=\u00bbfont_family:Titillium%20Web%3A200%2C200italic%2C300%2C300italic%2Cregular%2Citalic%2C600%2C600italic%2C700%2C700italic%2C900|font_style:400%20regular%3A400%3Anormal\u00bb][vc_column_text] Seguro de bienes. \u00bfPor qu\u00e9 es importante asegurar los bienes que viajan con Trans Isole? Porque&#8230;<\/p>\n","protected":false},"author":2,"featured_media":0,"parent":0,"menu_order":0,"comment_status":"closed","ping_status":"closed","template":"","meta":{"footnotes":""},"class_list":["post-2789","page","type-page","status-publish","hentry"],"yoast_head":"<!-- This site is optimized with the Yoast SEO plugin v25.6 - https:\/\/yoast.com\/wordpress\/plugins\/seo\/ -->\n<title>Assicurazione merci, polizze standard e all risk - Trans Isole<\/title>\n<meta name=\"description\" content=\"Assicurazione merci, polizze standard e integrative all risk. Noi di Trans Isole consideriamo importante assicurare le merci che trasportiamo.\" \/>\n<meta name=\"robots\" content=\"noindex, follow, max-snippet:-1, max-image-preview:large, max-video-preview:-1\" \/>\n<meta property=\"og:locale\" content=\"es_ES\" \/>\n<meta property=\"og:type\" content=\"article\" \/>\n<meta property=\"og:title\" content=\"Assicurazione merci, polizze standard e all risk - Trans Isole\" \/>\n<meta property=\"og:description\" content=\"Assicurazione merci, polizze standard e integrative all risk. Noi di Trans Isole consideriamo importante assicurare le merci che trasportiamo.\" \/>\n<meta property=\"og:url\" content=\"https:\/\/www.transisole.rivedemo.it\/assicurazione-merci\" \/>\n<meta property=\"og:site_name\" content=\"Trans Isole\" \/>\n<meta property=\"article:publisher\" content=\"https:\/\/www.facebook.com\/transisole\" \/>\n<meta property=\"article:modified_time\" content=\"2019-11-11T09:29:52+00:00\" \/>\n<meta name=\"twitter:card\" content=\"summary_large_image\" \/>\n<meta name=\"twitter:label1\" content=\"Tiempo de lectura\" \/>\n\t<meta name=\"twitter:data1\" content=\"2 minutos\" \/>\n<script type=\"application\/ld+json\" class=\"yoast-schema-graph\">{\"@context\":\"https:\/\/schema.org\",\"@graph\":[{\"@type\":\"WebPage\",\"@id\":\"https:\/\/www.transisole.rivedemo.it\/assicurazione-merci\",\"url\":\"https:\/\/www.transisole.rivedemo.it\/assicurazione-merci\",\"name\":\"Assicurazione merci, polizze standard e all risk - Trans Isole\",\"isPartOf\":{\"@id\":\"https:\/\/www.transisole.rivedemo.it\/#website\"},\"datePublished\":\"2018-09-27T17:05:23+00:00\",\"dateModified\":\"2019-11-11T09:29:52+00:00\",\"description\":\"Assicurazione merci, polizze standard e integrative all risk. Noi di Trans Isole consideriamo importante assicurare le merci che trasportiamo.\",\"breadcrumb\":{\"@id\":\"https:\/\/www.transisole.rivedemo.it\/assicurazione-merci#breadcrumb\"},\"inLanguage\":\"es\",\"potentialAction\":[{\"@type\":\"ReadAction\",\"target\":[\"https:\/\/www.transisole.rivedemo.it\/assicurazione-merci\"]}]},{\"@type\":\"BreadcrumbList\",\"@id\":\"https:\/\/www.transisole.rivedemo.it\/assicurazione-merci#breadcrumb\",\"itemListElement\":[{\"@type\":\"ListItem\",\"position\":1,\"name\":\"Home\",\"item\":\"https:\/\/www.transisole.rivedemo.it\/\"},{\"@type\":\"ListItem\",\"position\":2,\"name\":\"Seguro de bienes\"}]},{\"@type\":\"WebSite\",\"@id\":\"https:\/\/www.transisole.rivedemo.it\/#website\",\"url\":\"https:\/\/www.transisole.rivedemo.it\/\",\"name\":\"Trans Isole\",\"description\":\"Trasporto in Italia, Europa e isole, Deposito e Logistica\",\"potentialAction\":[{\"@type\":\"SearchAction\",\"target\":{\"@type\":\"EntryPoint\",\"urlTemplate\":\"https:\/\/www.transisole.rivedemo.it\/?s={search_term_string}\"},\"query-input\":{\"@type\":\"PropertyValueSpecification\",\"valueRequired\":true,\"valueName\":\"search_term_string\"}}],\"inLanguage\":\"es\"}]}<\/script>\n<!-- \/ Yoast SEO plugin. -->","yoast_head_json":{"title":"Assicurazione merci, polizze standard e all risk - Trans Isole","description":"Assicurazione merci, polizze standard e integrative all risk. Noi di Trans Isole consideriamo importante assicurare le merci che trasportiamo.","robots":{"index":"noindex","follow":"follow","max-snippet":"max-snippet:-1","max-image-preview":"max-image-preview:large","max-video-preview":"max-video-preview:-1"},"og_locale":"es_ES","og_type":"article","og_title":"Assicurazione merci, polizze standard e all risk - Trans Isole","og_description":"Assicurazione merci, polizze standard e integrative all risk. Noi di Trans Isole consideriamo importante assicurare le merci che trasportiamo.","og_url":"https:\/\/www.transisole.rivedemo.it\/assicurazione-merci","og_site_name":"Trans Isole","article_publisher":"https:\/\/www.facebook.com\/transisole","article_modified_time":"2019-11-11T09:29:52+00:00","twitter_card":"summary_large_image","twitter_misc":{"Tiempo de lectura":"2 minutos"},"schema":{"@context":"https:\/\/schema.org","@graph":[{"@type":"WebPage","@id":"https:\/\/www.transisole.rivedemo.it\/assicurazione-merci","url":"https:\/\/www.transisole.rivedemo.it\/assicurazione-merci","name":"Assicurazione merci, polizze standard e all risk - Trans Isole","isPartOf":{"@id":"https:\/\/www.transisole.rivedemo.it\/#website"},"datePublished":"2018-09-27T17:05:23+00:00","dateModified":"2019-11-11T09:29:52+00:00","description":"Assicurazione merci, polizze standard e integrative all risk. Noi di Trans Isole consideriamo importante assicurare le merci che trasportiamo.","breadcrumb":{"@id":"https:\/\/www.transisole.rivedemo.it\/assicurazione-merci#breadcrumb"},"inLanguage":"es","potentialAction":[{"@type":"ReadAction","target":["https:\/\/www.transisole.rivedemo.it\/assicurazione-merci"]}]},{"@type":"BreadcrumbList","@id":"https:\/\/www.transisole.rivedemo.it\/assicurazione-merci#breadcrumb","itemListElement":[{"@type":"ListItem","position":1,"name":"Home","item":"https:\/\/www.transisole.rivedemo.it\/"},{"@type":"ListItem","position":2,"name":"Seguro de bienes"}]},{"@type":"WebSite","@id":"https:\/\/www.transisole.rivedemo.it\/#website","url":"https:\/\/www.transisole.rivedemo.it\/","name":"Trans Isole","description":"Trasporto in Italia, Europa e isole, Deposito e Logistica","potentialAction":[{"@type":"SearchAction","target":{"@type":"EntryPoint","urlTemplate":"https:\/\/www.transisole.rivedemo.it\/?s={search_term_string}"},"query-input":{"@type":"PropertyValueSpecification","valueRequired":true,"valueName":"search_term_string"}}],"inLanguage":"es"}]}},"_links":{"self":[{"href":"https:\/\/www.transisole.rivedemo.it\/es\/wp-json\/wp\/v2\/pages\/2789","targetHints":{"allow":["GET"]}}],"collection":[{"href":"https:\/\/www.transisole.rivedemo.it\/es\/wp-json\/wp\/v2\/pages"}],"about":[{"href":"https:\/\/www.transisole.rivedemo.it\/es\/wp-json\/wp\/v2\/types\/page"}],"author":[{"embeddable":true,"href":"https:\/\/www.transisole.rivedemo.it\/es\/wp-json\/wp\/v2\/users\/2"}],"replies":[{"embeddable":true,"href":"https:\/\/www.transisole.rivedemo.it\/es\/wp-json\/wp\/v2\/comments?post=2789"}],"version-history":[{"count":5,"href":"https:\/\/www.transisole.rivedemo.it\/es\/wp-json\/wp\/v2\/pages\/2789\/revisions"}],"predecessor-version":[{"id":4147,"href":"https:\/\/www.transisole.rivedemo.it\/es\/wp-json\/wp\/v2\/pages\/2789\/revisions\/4147"}],"wp:attachment":[{"href":"https:\/\/www.transisole.rivedemo.it\/es\/wp-json\/wp\/v2\/media?parent=2789"}],"curies":[{"name":"wp","href":"https:\/\/api.w.org\/{rel}","templated":true}]}}