{"id":2777,"date":"2018-09-27T16:56:25","date_gmt":"2018-09-27T16:56:25","guid":{"rendered":"https:\/\/www.transisole.rivedemo.it\/gestione-pallet\/"},"modified":"2019-11-11T09:32:08","modified_gmt":"2019-11-11T09:32:08","slug":"gestion-de-paletas","status":"publish","type":"page","link":"https:\/\/www.transisole.rivedemo.it\/es\/gestion-de-paletas","title":{"rendered":"Gesti\u00f3n de paletas"},"content":{"rendered":"<div class=\"wpb-content-wrapper\"><p>[vc_row][vc_column width=\u00bb2\/3&#8243;][vc_custom_heading text=\u00bbGesti\u00f3n de paletas y su recuperaci\u00f3n tanto epal como duss\u00bb font_container=\u00bbtag:h3|text_align:left\u00bb google_fonts=\u00bbfont_family:Titillium%20Web%3A200%2C200italic%2C300%2C300italic%2Cregular%2Citalic%2C600%2C600italic%2C700%2C700italic%2C900|font_style:400%20regular%3A400%3Anormal\u00bb][vc_column_text]<\/p>\n<h3>\u00a1Cuidado con el palet!<\/h3>\n<p>La gesti\u00f3n de palets es uno de los problemas que un operador de log\u00edstica tiene que enfrentar todos los d\u00edas.<br \/>\nEn general, cuando el cliente elige transportar con palet, en el momento de la entrega, debe recibir la misma cantidad de paletas que compr\u00f3 para el transporte de sus mercanc\u00edas.[\/vc_column_text][vc_single_image image=\u00bb2356&#8243; img_size=\u00bbfull\u00bb alignment=\u00bbcenter\u00bb style=\u00bbvc_box_outline\u00bb][vc_column_text]<\/p>\n<h3>Gesti\u00f3n avanzada del sector de la paleta Trans Isole<\/h3>\n<p>Para evitar c\u00e1lculos manuales e inconvenientes desagradables, gracias a las plataformas de IT y al software dedicado, podemos conocer en tiempo real el informe de paletas para cada cliente.<br \/>\nLo mismo se aplica a las paletas devueltas por el destinatario de la mercanc\u00eda.[\/vc_column_text][vc_column_text]<\/p>\n<h3>Un equipo bien educado<\/h3>\n<p>Trans Isole forma sus transportadores para que haya una selecci\u00f3n precisa de las paletas devueltas por el destinatario de las mercanc\u00edas, a fin de hacer que la gesti\u00f3n completa del servicio sea simple y fluida.[\/vc_column_text][vc_empty_space][\/vc_column][vc_column width=\u00bb1\/3&#8243;][vc_widget_sidebar sidebar_id=\u00bbtranscargo-right-sidebar\u00bb][\/vc_column][\/vc_row][vc_row full_width=\u00bbstretch_row\u00bb el_class=\u00bbsecondary_bg_color\u00bb css=\u00bb.vc_custom_1447746818281{margin-bottom: 0px !important;}\u00bb][vc_column][vc_cta h2=\u00bbPara info sobre servicios de Transporte, Log\u00edstica y Distribuci\u00f3n:\u00bb shape=\u00bbsquare\u00bb add_button=\u00bbright\u00bb btn_title=\u00bbPedir un presupuesto\u00bb btn_style=\u00bboutline\u00bb btn_shape=\u00bbround\u00bb btn_color=\u00bbwhite\u00bb btn_i_align=\u00bbright\u00bb btn_i_icon_fontawesome=\u00bbstm-arrow-next\u00bb btn_add_icon=\u00bbtrue\u00bb el_class=\u00bbsecondary_bg_color\u00bb btn_link=\u00bburl:%2Fes%2F%3Fp%3D2545|||\u00bb][\/vc_cta][\/vc_column][\/vc_row]<\/p>\n<\/div>","protected":false},"excerpt":{"rendered":"<p>[vc_row][vc_column width=\u00bb2\/3&#8243;][vc_custom_heading text=\u00bbGesti\u00f3n de paletas y su recuperaci\u00f3n tanto epal como duss\u00bb font_container=\u00bbtag:h3|text_align:left\u00bb google_fonts=\u00bbfont_family:Titillium%20Web%3A200%2C200italic%2C300%2C300italic%2Cregular%2Citalic%2C600%2C600italic%2C700%2C700italic%2C900|font_style:400%20regular%3A400%3Anormal\u00bb][vc_column_text] \u00a1Cuidado con el palet! La gesti\u00f3n de palets es uno de los problemas que un operador de log\u00edstica tiene&#8230;<\/p>\n","protected":false},"author":2,"featured_media":0,"parent":0,"menu_order":0,"comment_status":"closed","ping_status":"closed","template":"","meta":{"footnotes":""},"class_list":["post-2777","page","type-page","status-publish","hentry"],"yoast_head":"<!-- This site is optimized with the Yoast SEO plugin v25.6 - https:\/\/yoast.com\/wordpress\/plugins\/seo\/ -->\n<title>Gestione pallet e recupero con personale qualificato - Trans Isole<\/title>\n<meta name=\"description\" content=\"La gestione pallet \u00e8 tra i problemi che un operatore di logistica deve affrontare quotidianamente. Trans Isole offre gestione e recupero pallet epal e duss.\" \/>\n<meta name=\"robots\" content=\"noindex, follow, max-snippet:-1, max-image-preview:large, max-video-preview:-1\" \/>\n<meta property=\"og:locale\" content=\"es_ES\" \/>\n<meta property=\"og:type\" content=\"article\" \/>\n<meta property=\"og:title\" content=\"Gestione pallet e recupero con personale qualificato - Trans Isole\" \/>\n<meta property=\"og:description\" content=\"La gestione pallet \u00e8 tra i problemi che un operatore di logistica deve affrontare quotidianamente. Trans Isole offre gestione e recupero pallet epal e duss.\" \/>\n<meta property=\"og:url\" content=\"https:\/\/www.transisole.rivedemo.it\/gestione-pallet\" \/>\n<meta property=\"og:site_name\" content=\"Trans Isole\" \/>\n<meta property=\"article:publisher\" content=\"https:\/\/www.facebook.com\/transisole\" \/>\n<meta property=\"article:modified_time\" content=\"2019-11-11T09:32:08+00:00\" \/>\n<meta name=\"twitter:card\" content=\"summary_large_image\" \/>\n<meta name=\"twitter:label1\" content=\"Tiempo de lectura\" \/>\n\t<meta name=\"twitter:data1\" content=\"2 minutos\" \/>\n<script type=\"application\/ld+json\" class=\"yoast-schema-graph\">{\"@context\":\"https:\/\/schema.org\",\"@graph\":[{\"@type\":\"WebPage\",\"@id\":\"https:\/\/www.transisole.rivedemo.it\/gestione-pallet\",\"url\":\"https:\/\/www.transisole.rivedemo.it\/gestione-pallet\",\"name\":\"Gestione pallet e recupero con personale qualificato - Trans Isole\",\"isPartOf\":{\"@id\":\"https:\/\/www.transisole.rivedemo.it\/#website\"},\"datePublished\":\"2018-09-27T16:56:25+00:00\",\"dateModified\":\"2019-11-11T09:32:08+00:00\",\"description\":\"La gestione pallet \u00e8 tra i problemi che un operatore di logistica deve affrontare quotidianamente. Trans Isole offre gestione e recupero pallet epal e duss.\",\"breadcrumb\":{\"@id\":\"https:\/\/www.transisole.rivedemo.it\/gestione-pallet#breadcrumb\"},\"inLanguage\":\"es\",\"potentialAction\":[{\"@type\":\"ReadAction\",\"target\":[\"https:\/\/www.transisole.rivedemo.it\/gestione-pallet\"]}]},{\"@type\":\"BreadcrumbList\",\"@id\":\"https:\/\/www.transisole.rivedemo.it\/gestione-pallet#breadcrumb\",\"itemListElement\":[{\"@type\":\"ListItem\",\"position\":1,\"name\":\"Home\",\"item\":\"https:\/\/www.transisole.rivedemo.it\/\"},{\"@type\":\"ListItem\",\"position\":2,\"name\":\"Gesti\u00f3n de paletas\"}]},{\"@type\":\"WebSite\",\"@id\":\"https:\/\/www.transisole.rivedemo.it\/#website\",\"url\":\"https:\/\/www.transisole.rivedemo.it\/\",\"name\":\"Trans Isole\",\"description\":\"Trasporto in Italia, Europa e isole, Deposito e Logistica\",\"potentialAction\":[{\"@type\":\"SearchAction\",\"target\":{\"@type\":\"EntryPoint\",\"urlTemplate\":\"https:\/\/www.transisole.rivedemo.it\/?s={search_term_string}\"},\"query-input\":{\"@type\":\"PropertyValueSpecification\",\"valueRequired\":true,\"valueName\":\"search_term_string\"}}],\"inLanguage\":\"es\"}]}<\/script>\n<!-- \/ Yoast SEO plugin. -->","yoast_head_json":{"title":"Gestione pallet e recupero con personale qualificato - Trans Isole","description":"La gestione pallet \u00e8 tra i problemi che un operatore di logistica deve affrontare quotidianamente. Trans Isole offre gestione e recupero pallet epal e duss.","robots":{"index":"noindex","follow":"follow","max-snippet":"max-snippet:-1","max-image-preview":"max-image-preview:large","max-video-preview":"max-video-preview:-1"},"og_locale":"es_ES","og_type":"article","og_title":"Gestione pallet e recupero con personale qualificato - Trans Isole","og_description":"La gestione pallet \u00e8 tra i problemi che un operatore di logistica deve affrontare quotidianamente. Trans Isole offre gestione e recupero pallet epal e duss.","og_url":"https:\/\/www.transisole.rivedemo.it\/gestione-pallet","og_site_name":"Trans Isole","article_publisher":"https:\/\/www.facebook.com\/transisole","article_modified_time":"2019-11-11T09:32:08+00:00","twitter_card":"summary_large_image","twitter_misc":{"Tiempo de lectura":"2 minutos"},"schema":{"@context":"https:\/\/schema.org","@graph":[{"@type":"WebPage","@id":"https:\/\/www.transisole.rivedemo.it\/gestione-pallet","url":"https:\/\/www.transisole.rivedemo.it\/gestione-pallet","name":"Gestione pallet e recupero con personale qualificato - Trans Isole","isPartOf":{"@id":"https:\/\/www.transisole.rivedemo.it\/#website"},"datePublished":"2018-09-27T16:56:25+00:00","dateModified":"2019-11-11T09:32:08+00:00","description":"La gestione pallet \u00e8 tra i problemi che un operatore di logistica deve affrontare quotidianamente. Trans Isole offre gestione e recupero pallet epal e duss.","breadcrumb":{"@id":"https:\/\/www.transisole.rivedemo.it\/gestione-pallet#breadcrumb"},"inLanguage":"es","potentialAction":[{"@type":"ReadAction","target":["https:\/\/www.transisole.rivedemo.it\/gestione-pallet"]}]},{"@type":"BreadcrumbList","@id":"https:\/\/www.transisole.rivedemo.it\/gestione-pallet#breadcrumb","itemListElement":[{"@type":"ListItem","position":1,"name":"Home","item":"https:\/\/www.transisole.rivedemo.it\/"},{"@type":"ListItem","position":2,"name":"Gesti\u00f3n de paletas"}]},{"@type":"WebSite","@id":"https:\/\/www.transisole.rivedemo.it\/#website","url":"https:\/\/www.transisole.rivedemo.it\/","name":"Trans Isole","description":"Trasporto in Italia, Europa e isole, Deposito e Logistica","potentialAction":[{"@type":"SearchAction","target":{"@type":"EntryPoint","urlTemplate":"https:\/\/www.transisole.rivedemo.it\/?s={search_term_string}"},"query-input":{"@type":"PropertyValueSpecification","valueRequired":true,"valueName":"search_term_string"}}],"inLanguage":"es"}]}},"_links":{"self":[{"href":"https:\/\/www.transisole.rivedemo.it\/es\/wp-json\/wp\/v2\/pages\/2777","targetHints":{"allow":["GET"]}}],"collection":[{"href":"https:\/\/www.transisole.rivedemo.it\/es\/wp-json\/wp\/v2\/pages"}],"about":[{"href":"https:\/\/www.transisole.rivedemo.it\/es\/wp-json\/wp\/v2\/types\/page"}],"author":[{"embeddable":true,"href":"https:\/\/www.transisole.rivedemo.it\/es\/wp-json\/wp\/v2\/users\/2"}],"replies":[{"embeddable":true,"href":"https:\/\/www.transisole.rivedemo.it\/es\/wp-json\/wp\/v2\/comments?post=2777"}],"version-history":[{"count":4,"href":"https:\/\/www.transisole.rivedemo.it\/es\/wp-json\/wp\/v2\/pages\/2777\/revisions"}],"predecessor-version":[{"id":4093,"href":"https:\/\/www.transisole.rivedemo.it\/es\/wp-json\/wp\/v2\/pages\/2777\/revisions\/4093"}],"wp:attachment":[{"href":"https:\/\/www.transisole.rivedemo.it\/es\/wp-json\/wp\/v2\/media?parent=2777"}],"curies":[{"name":"wp","href":"https:\/\/api.w.org\/{rel}","templated":true}]}}