{"id":2775,"date":"2018-09-27T16:54:40","date_gmt":"2018-09-27T16:54:40","guid":{"rendered":"https:\/\/www.transisole.rivedemo.it\/servizio-groupage\/"},"modified":"2019-11-11T09:33:36","modified_gmt":"2019-11-11T09:33:36","slug":"servicio-de-grupaje","status":"publish","type":"page","link":"https:\/\/www.transisole.rivedemo.it\/es\/servicio-de-grupaje","title":{"rendered":"Servicio de grupaje"},"content":{"rendered":"<div class=\"wpb-content-wrapper\"><p>[vc_row][vc_column width=\u00bb2\/3&#8243;][vc_custom_heading text=\u00bbGrupage y cargas completas, elija los precios ventajosos de Trans Isole\u00bb font_container=\u00bbtag:h3|text_align:left\u00bb google_fonts=\u00bbfont_family:Titillium%20Web%3A200%2C200italic%2C300%2C300italic%2Cregular%2Citalic%2C600%2C600italic%2C700%2C700italic%2C900|font_style:400%20regular%3A400%3Anormal\u00bb][vc_column_text]<\/p>\n<h3>\u00bfQue es el servicio de grupage?<\/h3>\n<p>El servicio de grupaje es una t\u00e9cnica de log\u00edstica que consiste en combinar peque\u00f1os lotes de productos de diferentes remitentes y destinatarios para constituir un \u00fanico espacio.<br \/>\nPosteriormente, a trav\u00e9s de la consolidaci\u00f3n, los lotes individuales se agrupar\u00e1n en una sola unidad de carga.<br \/>\nEl servicio de grupaje nace con la contenedorizaci\u00f3n del transporte y la subdivisi\u00f3n de los espacios que dividen los medios de transporte o los contenedores.<br \/>\nMediante grupaje es posible enviar lotes peque\u00f1os ahorrando tanto los costos de los lotes como los de transporte.[\/vc_column_text][vc_single_image image=\u00bb2376&#8243; img_size=\u00bbfull\u00bb alignment=\u00bbcenter\u00bb style=\u00bbvc_box_outline\u00bb][vc_column_text]<\/p>\n<h3>\u00bfPor qu\u00e9 poner el groupage a Trans Isole?<\/h3>\n<p><strong>Trans Isole ofrece un servicio de transporte de grupaje eficiente \u00abpuerta a puerta\u00bb.<\/strong><\/p>\n<p>El servicio de env\u00edo basado en grupaje puerta a puerta es una de las fortalezas de Trans Isole, que permite un ahorro significativo de costos y una reducci\u00f3n en t\u00e9rminos de emisiones nocivas para el beneficio del medio ambiente.<br \/>\nFlexible, segura y econ\u00f3micamente ventajosa, la agrupaci\u00f3n de Trans Isole es ideal para enviar cantidades limitadas de sus productos junto con otros.<\/p>\n<p>Trans Isole es responsable de consolidar de manera \u00f3ptima los lotes peque\u00f1os provenientes de diferentes clientes en una sola unidad de carga, cargando directamente en el remitente o en sus centros en toda Italia, donde el cliente puede entregar las mercanc\u00edas que se agrupar\u00e1n.<\/p>\n<p>La extensa red de corresponsales internacionales permite a Trans Isole garantizar un servicio personalizado, satisfacer cada solicitud y optimizar el transporte.<br \/>\nEl servicio de grupaje es posible gracias a la gran cantidad de rutas y la frecuencia de transporte, tanto nacional como internacional, por carretera y por mar.<\/p>\n<p>Trans Isole es especialista en transporte hacia y desde Sicilia y Cerde\u00f1a y realiza env\u00edos de grupaje para productos directos en toda Italia.<br \/>\nEn las islas, gracias a una organizaci\u00f3n probada y una experiencia consolidada, es capaz de garantizar una excelente capilaridad en la distribuci\u00f3n con un servicio diario y eficiente y tiempos de entrega m\u00ednimos.[\/vc_column_text][vc_empty_space][\/vc_column][vc_column width=\u00bb1\/3&#8243;][vc_widget_sidebar sidebar_id=\u00bbtranscargo-right-sidebar\u00bb][\/vc_column][\/vc_row][vc_row full_width=\u00bbstretch_row\u00bb el_class=\u00bbsecondary_bg_color\u00bb css=\u00bb.vc_custom_1447746818281{margin-bottom: 0px !important;}\u00bb][vc_column][vc_cta h2=\u00bbPara info sobre servicios de Transporte, Log\u00edstica y Distribuci\u00f3n:\u00bb shape=\u00bbsquare\u00bb add_button=\u00bbright\u00bb btn_title=\u00bbPedir un presupuesto\u00bb btn_style=\u00bboutline\u00bb btn_shape=\u00bbround\u00bb btn_color=\u00bbwhite\u00bb btn_i_align=\u00bbright\u00bb btn_i_icon_fontawesome=\u00bbstm-arrow-next\u00bb btn_add_icon=\u00bbtrue\u00bb el_class=\u00bbsecondary_bg_color\u00bb btn_link=\u00bburl:%2Fes%2F%3Fp%3D2545|||\u00bb][\/vc_cta][\/vc_column][\/vc_row]<\/p>\n<\/div>","protected":false},"excerpt":{"rendered":"<p>[vc_row][vc_column width=\u00bb2\/3&#8243;][vc_custom_heading text=\u00bbGrupage y cargas completas, elija los precios ventajosos de Trans Isole\u00bb font_container=\u00bbtag:h3|text_align:left\u00bb google_fonts=\u00bbfont_family:Titillium%20Web%3A200%2C200italic%2C300%2C300italic%2Cregular%2Citalic%2C600%2C600italic%2C700%2C700italic%2C900|font_style:400%20regular%3A400%3Anormal\u00bb][vc_column_text] \u00bfQue es el servicio de grupage? El servicio de grupaje es una t\u00e9cnica de log\u00edstica que consiste en&#8230;<\/p>\n","protected":false},"author":2,"featured_media":0,"parent":0,"menu_order":0,"comment_status":"closed","ping_status":"closed","template":"","meta":{"footnotes":""},"class_list":["post-2775","page","type-page","status-publish","hentry"],"yoast_head":"<!-- This site is optimized with the Yoast SEO plugin v25.6 - https:\/\/yoast.com\/wordpress\/plugins\/seo\/ -->\n<title>Servizio groupage nei trasporti di merce - Trans Isole<\/title>\n<meta name=\"description\" content=\"Il servizio groupage consente di unire piccole partite di merce di mittenti e destinatari diversi cos\u00ec da costituire un unico lotto di spazio.\" \/>\n<meta name=\"robots\" content=\"noindex, follow, max-snippet:-1, max-image-preview:large, max-video-preview:-1\" \/>\n<meta property=\"og:locale\" content=\"es_ES\" \/>\n<meta property=\"og:type\" content=\"article\" \/>\n<meta property=\"og:title\" content=\"Servizio groupage nei trasporti di merce - Trans Isole\" \/>\n<meta property=\"og:description\" content=\"Il servizio groupage consente di unire piccole partite di merce di mittenti e destinatari diversi cos\u00ec da costituire un unico lotto di spazio.\" \/>\n<meta property=\"og:url\" content=\"https:\/\/www.transisole.rivedemo.it\/servizio-groupage\" \/>\n<meta property=\"og:site_name\" content=\"Trans Isole\" \/>\n<meta property=\"article:publisher\" content=\"https:\/\/www.facebook.com\/transisole\" \/>\n<meta property=\"article:modified_time\" content=\"2019-11-11T09:33:36+00:00\" \/>\n<meta name=\"twitter:card\" content=\"summary_large_image\" \/>\n<meta name=\"twitter:label1\" content=\"Tiempo de lectura\" \/>\n\t<meta name=\"twitter:data1\" content=\"3 minutos\" \/>\n<script type=\"application\/ld+json\" class=\"yoast-schema-graph\">{\"@context\":\"https:\/\/schema.org\",\"@graph\":[{\"@type\":\"WebPage\",\"@id\":\"https:\/\/www.transisole.rivedemo.it\/servizio-groupage\",\"url\":\"https:\/\/www.transisole.rivedemo.it\/servizio-groupage\",\"name\":\"Servizio groupage nei trasporti di merce - Trans Isole\",\"isPartOf\":{\"@id\":\"https:\/\/www.transisole.rivedemo.it\/#website\"},\"datePublished\":\"2018-09-27T16:54:40+00:00\",\"dateModified\":\"2019-11-11T09:33:36+00:00\",\"description\":\"Il servizio groupage consente di unire piccole partite di merce di mittenti e destinatari diversi cos\u00ec da costituire un unico lotto di spazio.\",\"breadcrumb\":{\"@id\":\"https:\/\/www.transisole.rivedemo.it\/servizio-groupage#breadcrumb\"},\"inLanguage\":\"es\",\"potentialAction\":[{\"@type\":\"ReadAction\",\"target\":[\"https:\/\/www.transisole.rivedemo.it\/servizio-groupage\"]}]},{\"@type\":\"BreadcrumbList\",\"@id\":\"https:\/\/www.transisole.rivedemo.it\/servizio-groupage#breadcrumb\",\"itemListElement\":[{\"@type\":\"ListItem\",\"position\":1,\"name\":\"Home\",\"item\":\"https:\/\/www.transisole.rivedemo.it\/\"},{\"@type\":\"ListItem\",\"position\":2,\"name\":\"Servicio de grupaje\"}]},{\"@type\":\"WebSite\",\"@id\":\"https:\/\/www.transisole.rivedemo.it\/#website\",\"url\":\"https:\/\/www.transisole.rivedemo.it\/\",\"name\":\"Trans Isole\",\"description\":\"Trasporto in Italia, Europa e isole, Deposito e Logistica\",\"potentialAction\":[{\"@type\":\"SearchAction\",\"target\":{\"@type\":\"EntryPoint\",\"urlTemplate\":\"https:\/\/www.transisole.rivedemo.it\/?s={search_term_string}\"},\"query-input\":{\"@type\":\"PropertyValueSpecification\",\"valueRequired\":true,\"valueName\":\"search_term_string\"}}],\"inLanguage\":\"es\"}]}<\/script>\n<!-- \/ Yoast SEO plugin. -->","yoast_head_json":{"title":"Servizio groupage nei trasporti di merce - Trans Isole","description":"Il servizio groupage consente di unire piccole partite di merce di mittenti e destinatari diversi cos\u00ec da costituire un unico lotto di spazio.","robots":{"index":"noindex","follow":"follow","max-snippet":"max-snippet:-1","max-image-preview":"max-image-preview:large","max-video-preview":"max-video-preview:-1"},"og_locale":"es_ES","og_type":"article","og_title":"Servizio groupage nei trasporti di merce - Trans Isole","og_description":"Il servizio groupage consente di unire piccole partite di merce di mittenti e destinatari diversi cos\u00ec da costituire un unico lotto di spazio.","og_url":"https:\/\/www.transisole.rivedemo.it\/servizio-groupage","og_site_name":"Trans Isole","article_publisher":"https:\/\/www.facebook.com\/transisole","article_modified_time":"2019-11-11T09:33:36+00:00","twitter_card":"summary_large_image","twitter_misc":{"Tiempo de lectura":"3 minutos"},"schema":{"@context":"https:\/\/schema.org","@graph":[{"@type":"WebPage","@id":"https:\/\/www.transisole.rivedemo.it\/servizio-groupage","url":"https:\/\/www.transisole.rivedemo.it\/servizio-groupage","name":"Servizio groupage nei trasporti di merce - Trans Isole","isPartOf":{"@id":"https:\/\/www.transisole.rivedemo.it\/#website"},"datePublished":"2018-09-27T16:54:40+00:00","dateModified":"2019-11-11T09:33:36+00:00","description":"Il servizio groupage consente di unire piccole partite di merce di mittenti e destinatari diversi cos\u00ec da costituire un unico lotto di spazio.","breadcrumb":{"@id":"https:\/\/www.transisole.rivedemo.it\/servizio-groupage#breadcrumb"},"inLanguage":"es","potentialAction":[{"@type":"ReadAction","target":["https:\/\/www.transisole.rivedemo.it\/servizio-groupage"]}]},{"@type":"BreadcrumbList","@id":"https:\/\/www.transisole.rivedemo.it\/servizio-groupage#breadcrumb","itemListElement":[{"@type":"ListItem","position":1,"name":"Home","item":"https:\/\/www.transisole.rivedemo.it\/"},{"@type":"ListItem","position":2,"name":"Servicio de grupaje"}]},{"@type":"WebSite","@id":"https:\/\/www.transisole.rivedemo.it\/#website","url":"https:\/\/www.transisole.rivedemo.it\/","name":"Trans Isole","description":"Trasporto in Italia, Europa e isole, Deposito e Logistica","potentialAction":[{"@type":"SearchAction","target":{"@type":"EntryPoint","urlTemplate":"https:\/\/www.transisole.rivedemo.it\/?s={search_term_string}"},"query-input":{"@type":"PropertyValueSpecification","valueRequired":true,"valueName":"search_term_string"}}],"inLanguage":"es"}]}},"_links":{"self":[{"href":"https:\/\/www.transisole.rivedemo.it\/es\/wp-json\/wp\/v2\/pages\/2775","targetHints":{"allow":["GET"]}}],"collection":[{"href":"https:\/\/www.transisole.rivedemo.it\/es\/wp-json\/wp\/v2\/pages"}],"about":[{"href":"https:\/\/www.transisole.rivedemo.it\/es\/wp-json\/wp\/v2\/types\/page"}],"author":[{"embeddable":true,"href":"https:\/\/www.transisole.rivedemo.it\/es\/wp-json\/wp\/v2\/users\/2"}],"replies":[{"embeddable":true,"href":"https:\/\/www.transisole.rivedemo.it\/es\/wp-json\/wp\/v2\/comments?post=2775"}],"version-history":[{"count":7,"href":"https:\/\/www.transisole.rivedemo.it\/es\/wp-json\/wp\/v2\/pages\/2775\/revisions"}],"predecessor-version":[{"id":4103,"href":"https:\/\/www.transisole.rivedemo.it\/es\/wp-json\/wp\/v2\/pages\/2775\/revisions\/4103"}],"wp:attachment":[{"href":"https:\/\/www.transisole.rivedemo.it\/es\/wp-json\/wp\/v2\/media?parent=2775"}],"curies":[{"name":"wp","href":"https:\/\/api.w.org\/{rel}","templated":true}]}}