{"id":2737,"date":"2018-09-27T14:00:41","date_gmt":"2018-09-27T14:00:41","guid":{"rendered":"https:\/\/www.transisole.rivedemo.it\/mission\/"},"modified":"2019-11-27T10:41:58","modified_gmt":"2019-11-27T10:41:58","slug":"mission","status":"publish","type":"page","link":"https:\/\/www.transisole.rivedemo.it\/es\/mission","title":{"rendered":"Misi\u00f3n"},"content":{"rendered":"<div class=\"wpb-content-wrapper\"><p>[vc_row][vc_column width=\u00bb2\/3&#8243;][vc_custom_heading text=\u00bbDesde hace dos generaciones, cada d\u00eda, abrimos el camino hacia Europa.\u00bb font_container=\u00bbtag:h3|text_align:left\u00bb google_fonts=\u00bbfont_family:Titillium%20Web%3A200%2C200italic%2C300%2C300italic%2Cregular%2Citalic%2C600%2C600italic%2C700%2C700italic%2C900|font_style:400%20regular%3A400%3Anormal\u00bb][vc_column_text]La pasi\u00f3n y la experiencia de dos generaciones de la familia Spighetto unida y la inversi\u00f3n en tecnolog\u00eda, veh\u00edculos y recursos humanos son la clave para el crecimiento de la empresa.[\/vc_column_text][vc_single_image image=\u00bb2084&#8243; img_size=\u00bbfull\u00bb alignment=\u00bbcenter\u00bb style=\u00bbvc_box_shadow_3d\u00bb][vc_column_text]Hoy, la marca Trans Isole es garant\u00eda de fiabilidad en los transportes nacionales e internacionales terrestres de una amplia gama de secctores de mercanc\u00edas, as\u00ed como de transportes especiales, excepcionales, ADR, transportes internacionales mar\u00edtimos y distribuci\u00f3n en toda Europa de mercanc\u00edas y servicios como groupage, dep\u00f3sito de mercanc\u00edas y gesti\u00f3n de pallet.[\/vc_column_text][vc_row_inner][vc_column_inner width=\u00bb1\/4&#8243;][vc_icon icon_fontawesome=\u00bbstm-transport842&#8243; color=\u00bbwhite\u00bb background_style=\u00bbrounded\u00bb background_color=\u00bbcustom\u00bb size=\u00bbxl\u00bb align=\u00bbcenter\u00bb custom_background_color=\u00bb#183651&#8243;][\/vc_column_inner][vc_column_inner width=\u00bb3\/4&#8243;][vc_column_text]Todos los transportes se realizan con empleados propios y con <a href=\"https:\/\/www.transisole.rivedemo.it\/es\/flota-camion-estacionamiento-medios-de-transporte\/\">con veh\u00edculos propios<\/a> geolocalizados, para obtener siempre tiempos de transporte muy cortos con la m\u00e1xima seguridad.[\/vc_column_text][\/vc_column_inner][\/vc_row_inner][vc_empty_space][vc_row_inner][vc_column_inner width=\u00bb1\/4&#8243;][vc_icon icon_fontawesome=\u00bbstm-packaging-and-storage\u00bb color=\u00bbwhite\u00bb background_style=\u00bbrounded\u00bb background_color=\u00bbcustom\u00bb size=\u00bbxl\u00bb align=\u00bbcenter\u00bb custom_background_color=\u00bb#183651&#8243;][\/vc_column_inner][vc_column_inner width=\u00bb3\/4&#8243;][vc_column_text]Trans Isole distribuye productos en toda Europa y ofrece servicios como <a href=\"https:\/\/www.transisole.rivedemo.it\/es\/servicio-de-grupaje\/\">grupaje<\/a>, <a href=\"https:\/\/www.transisole.rivedemo.it\/es\/gestion-de-paletas\/\">gesti\u00f3n de paletas<\/a>, <a href=\"https:\/\/www.transisole.rivedemo.it\/es\/seguro-de-bienes\/\">seguro de bienes<\/a> y almacenamiento de productos con \u00e1reas dedicadas para cada cliente individual y espacios de videovigilancia.[\/vc_column_text][\/vc_column_inner][\/vc_row_inner][vc_empty_space][vc_row_inner][vc_column_inner width=\u00bb1\/4&#8243;][vc_icon icon_fontawesome=\u00bbstm-warehouse\u00bb color=\u00bbwhite\u00bb background_style=\u00bbrounded\u00bb background_color=\u00bbcustom\u00bb size=\u00bbxl\u00bb align=\u00bbcenter\u00bb custom_background_color=\u00bb#183651&#8243;][\/vc_column_inner][vc_column_inner width=\u00bb3\/4&#8243;][vc_column_text]Trans Isole se proyecta hacia el futuro con miras a la mejora continua a trav\u00e9s de inversiones para <a href=\"https:\/\/www.transisole.rivedemo.it\/es\/especialistas-en-logistica-sostenible-go-green\/\">salvaguardar el territorio<\/a> y el medio ambiente. En particular, la Compa\u00f1\u00eda realiza transportes con veh\u00edculos de clase euro 6 o lng y ha instalado paneles solares para cubrir los <a href=\"https:\/\/www.transisole.rivedemo.it\/es\/logistica-servicio-transporte-italia\/\">dep\u00f3sitos principales<\/a>.[\/vc_column_text][\/vc_column_inner][\/vc_row_inner][vc_empty_space][\/vc_column][vc_column width=\u00bb1\/3&#8243;][vc_widget_sidebar sidebar_id=\u00bbtranscargo-right-sidebar\u00bb][\/vc_column][\/vc_row][vc_row full_width=\u00bbstretch_row\u00bb el_class=\u00bbsecondary_bg_color\u00bb css=\u00bb.vc_custom_1447746818281{margin-bottom: 0px !important;}\u00bb][vc_column][vc_cta h2=\u00bbPara info sobre servicios de Transporte, Log\u00edstica y Distribuci\u00f3n:\u00bb shape=\u00bbsquare\u00bb add_button=\u00bbright\u00bb btn_title=\u00bbPedir un presupuesto\u00bb btn_style=\u00bboutline\u00bb btn_shape=\u00bbround\u00bb btn_color=\u00bbwhite\u00bb btn_i_align=\u00bbright\u00bb btn_i_icon_fontawesome=\u00bbstm-arrow-next\u00bb btn_add_icon=\u00bbtrue\u00bb el_class=\u00bbsecondary_bg_color\u00bb btn_link=\u00bburl:%2Fes%2F%3Fp%3D2545|||\u00bb][\/vc_cta][\/vc_column][\/vc_row]<\/p>\n<\/div>","protected":false},"excerpt":{"rendered":"<p>[vc_row][vc_column width=\u00bb2\/3&#8243;][vc_custom_heading text=\u00bbDesde hace dos generaciones, cada d\u00eda, abrimos el camino hacia Europa.\u00bb font_container=\u00bbtag:h3|text_align:left\u00bb google_fonts=\u00bbfont_family:Titillium%20Web%3A200%2C200italic%2C300%2C300italic%2Cregular%2Citalic%2C600%2C600italic%2C700%2C700italic%2C900|font_style:400%20regular%3A400%3Anormal\u00bb][vc_column_text]La pasi\u00f3n y la experiencia de dos generaciones de la familia Spighetto unida y la inversi\u00f3n en tecnolog\u00eda, veh\u00edculos&#8230;<\/p>\n","protected":false},"author":2,"featured_media":0,"parent":0,"menu_order":0,"comment_status":"closed","ping_status":"closed","template":"","meta":{"footnotes":""},"class_list":["post-2737","page","type-page","status-publish","hentry"],"yoast_head":"<!-- This site is optimized with the Yoast SEO plugin v25.6 - https:\/\/yoast.com\/wordpress\/plugins\/seo\/ -->\n<title>mission tans isole - Trans Isole<\/title>\n<meta name=\"robots\" content=\"noindex, follow, max-snippet:-1, max-image-preview:large, max-video-preview:-1\" \/>\n<meta property=\"og:locale\" content=\"es_ES\" \/>\n<meta property=\"og:type\" content=\"article\" \/>\n<meta property=\"og:title\" content=\"mission tans isole - Trans Isole\" \/>\n<meta property=\"og:description\" content=\"[vc_row][vc_column width=\u00bb2\/3&#8243;][vc_custom_heading text=\u00bbDesde hace dos generaciones, cada d\u00eda, abrimos el camino hacia Europa.\u00bb font_container=\u00bbtag:h3|text_align:left\u00bb google_fonts=\u00bbfont_family:Titillium%20Web%3A200%2C200italic%2C300%2C300italic%2Cregular%2Citalic%2C600%2C600italic%2C700%2C700italic%2C900|font_style:400%20regular%3A400%3Anormal\u00bb][vc_column_text]La pasi\u00f3n y la experiencia de dos generaciones de la familia Spighetto unida y la inversi\u00f3n en tecnolog\u00eda, veh\u00edculos...\" \/>\n<meta property=\"og:url\" content=\"https:\/\/www.transisole.rivedemo.it\/mission\" \/>\n<meta property=\"og:site_name\" content=\"Trans Isole\" \/>\n<meta property=\"article:publisher\" content=\"https:\/\/www.facebook.com\/transisole\" \/>\n<meta property=\"article:modified_time\" content=\"2019-11-27T10:41:58+00:00\" \/>\n<meta name=\"twitter:card\" content=\"summary_large_image\" \/>\n<meta name=\"twitter:label1\" content=\"Tiempo de lectura\" \/>\n\t<meta name=\"twitter:data1\" content=\"3 minutos\" \/>\n<script type=\"application\/ld+json\" class=\"yoast-schema-graph\">{\"@context\":\"https:\/\/schema.org\",\"@graph\":[{\"@type\":\"WebPage\",\"@id\":\"https:\/\/www.transisole.rivedemo.it\/mission\",\"url\":\"https:\/\/www.transisole.rivedemo.it\/mission\",\"name\":\"mission tans isole - Trans Isole\",\"isPartOf\":{\"@id\":\"https:\/\/www.transisole.rivedemo.it\/#website\"},\"datePublished\":\"2018-09-27T14:00:41+00:00\",\"dateModified\":\"2019-11-27T10:41:58+00:00\",\"breadcrumb\":{\"@id\":\"https:\/\/www.transisole.rivedemo.it\/mission#breadcrumb\"},\"inLanguage\":\"es\",\"potentialAction\":[{\"@type\":\"ReadAction\",\"target\":[\"https:\/\/www.transisole.rivedemo.it\/mission\"]}]},{\"@type\":\"BreadcrumbList\",\"@id\":\"https:\/\/www.transisole.rivedemo.it\/mission#breadcrumb\",\"itemListElement\":[{\"@type\":\"ListItem\",\"position\":1,\"name\":\"Home\",\"item\":\"https:\/\/www.transisole.rivedemo.it\/\"},{\"@type\":\"ListItem\",\"position\":2,\"name\":\"Misi\u00f3n\"}]},{\"@type\":\"WebSite\",\"@id\":\"https:\/\/www.transisole.rivedemo.it\/#website\",\"url\":\"https:\/\/www.transisole.rivedemo.it\/\",\"name\":\"Trans Isole\",\"description\":\"Trasporto in Italia, Europa e isole, Deposito e Logistica\",\"potentialAction\":[{\"@type\":\"SearchAction\",\"target\":{\"@type\":\"EntryPoint\",\"urlTemplate\":\"https:\/\/www.transisole.rivedemo.it\/?s={search_term_string}\"},\"query-input\":{\"@type\":\"PropertyValueSpecification\",\"valueRequired\":true,\"valueName\":\"search_term_string\"}}],\"inLanguage\":\"es\"}]}<\/script>\n<!-- \/ Yoast SEO plugin. -->","yoast_head_json":{"title":"mission tans isole - Trans Isole","robots":{"index":"noindex","follow":"follow","max-snippet":"max-snippet:-1","max-image-preview":"max-image-preview:large","max-video-preview":"max-video-preview:-1"},"og_locale":"es_ES","og_type":"article","og_title":"mission tans isole - Trans Isole","og_description":"[vc_row][vc_column width=\u00bb2\/3&#8243;][vc_custom_heading text=\u00bbDesde hace dos generaciones, cada d\u00eda, abrimos el camino hacia Europa.\u00bb font_container=\u00bbtag:h3|text_align:left\u00bb google_fonts=\u00bbfont_family:Titillium%20Web%3A200%2C200italic%2C300%2C300italic%2Cregular%2Citalic%2C600%2C600italic%2C700%2C700italic%2C900|font_style:400%20regular%3A400%3Anormal\u00bb][vc_column_text]La pasi\u00f3n y la experiencia de dos generaciones de la familia Spighetto unida y la inversi\u00f3n en tecnolog\u00eda, veh\u00edculos...","og_url":"https:\/\/www.transisole.rivedemo.it\/mission","og_site_name":"Trans Isole","article_publisher":"https:\/\/www.facebook.com\/transisole","article_modified_time":"2019-11-27T10:41:58+00:00","twitter_card":"summary_large_image","twitter_misc":{"Tiempo de lectura":"3 minutos"},"schema":{"@context":"https:\/\/schema.org","@graph":[{"@type":"WebPage","@id":"https:\/\/www.transisole.rivedemo.it\/mission","url":"https:\/\/www.transisole.rivedemo.it\/mission","name":"mission tans isole - Trans Isole","isPartOf":{"@id":"https:\/\/www.transisole.rivedemo.it\/#website"},"datePublished":"2018-09-27T14:00:41+00:00","dateModified":"2019-11-27T10:41:58+00:00","breadcrumb":{"@id":"https:\/\/www.transisole.rivedemo.it\/mission#breadcrumb"},"inLanguage":"es","potentialAction":[{"@type":"ReadAction","target":["https:\/\/www.transisole.rivedemo.it\/mission"]}]},{"@type":"BreadcrumbList","@id":"https:\/\/www.transisole.rivedemo.it\/mission#breadcrumb","itemListElement":[{"@type":"ListItem","position":1,"name":"Home","item":"https:\/\/www.transisole.rivedemo.it\/"},{"@type":"ListItem","position":2,"name":"Misi\u00f3n"}]},{"@type":"WebSite","@id":"https:\/\/www.transisole.rivedemo.it\/#website","url":"https:\/\/www.transisole.rivedemo.it\/","name":"Trans Isole","description":"Trasporto in Italia, Europa e isole, Deposito e Logistica","potentialAction":[{"@type":"SearchAction","target":{"@type":"EntryPoint","urlTemplate":"https:\/\/www.transisole.rivedemo.it\/?s={search_term_string}"},"query-input":{"@type":"PropertyValueSpecification","valueRequired":true,"valueName":"search_term_string"}}],"inLanguage":"es"}]}},"_links":{"self":[{"href":"https:\/\/www.transisole.rivedemo.it\/es\/wp-json\/wp\/v2\/pages\/2737","targetHints":{"allow":["GET"]}}],"collection":[{"href":"https:\/\/www.transisole.rivedemo.it\/es\/wp-json\/wp\/v2\/pages"}],"about":[{"href":"https:\/\/www.transisole.rivedemo.it\/es\/wp-json\/wp\/v2\/types\/page"}],"author":[{"embeddable":true,"href":"https:\/\/www.transisole.rivedemo.it\/es\/wp-json\/wp\/v2\/users\/2"}],"replies":[{"embeddable":true,"href":"https:\/\/www.transisole.rivedemo.it\/es\/wp-json\/wp\/v2\/comments?post=2737"}],"version-history":[{"count":9,"href":"https:\/\/www.transisole.rivedemo.it\/es\/wp-json\/wp\/v2\/pages\/2737\/revisions"}],"predecessor-version":[{"id":4330,"href":"https:\/\/www.transisole.rivedemo.it\/es\/wp-json\/wp\/v2\/pages\/2737\/revisions\/4330"}],"wp:attachment":[{"href":"https:\/\/www.transisole.rivedemo.it\/es\/wp-json\/wp\/v2\/media?parent=2737"}],"curies":[{"name":"wp","href":"https:\/\/api.w.org\/{rel}","templated":true}]}}