{"id":2735,"date":"2018-09-27T13:50:28","date_gmt":"2018-09-27T13:50:28","guid":{"rendered":"https:\/\/www.transisole.rivedemo.it\/storia\/"},"modified":"2019-11-27T10:12:24","modified_gmt":"2019-11-27T10:12:24","slug":"historia-transportes-logistica-ditribucion-empresa","status":"publish","type":"page","link":"https:\/\/www.transisole.rivedemo.it\/es\/historia-transportes-logistica-ditribucion-empresa","title":{"rendered":"Qui\u00e9n somos"},"content":{"rendered":"<div class=\"wpb-content-wrapper\"><p>[vc_row][vc_column width=\u00bb2\/3&#8243;][vc_custom_heading text=\u00bbUna historia de \u00e9xito: Trans Isole, de precursores de intermodalidad al buen ejemplo de log\u00edstica sostenible.\u00bb font_container=\u00bbtag:h3|text_align:left\u00bb google_fonts=\u00bbfont_family:Titillium%20Web%3A200%2C200italic%2C300%2C300italic%2Cregular%2Citalic%2C600%2C600italic%2C700%2C700italic%2C900|font_style:400%20regular%3A400%3Anormal\u00bb][vc_custom_heading text=\u00bbEspecialistas en transporte mar\u00edtimo intermodal y por carretera, Log\u00edstica y Distribuci\u00f3n para todo tipo de mercanc\u00edas, en toda Europa.<\/p>\n<p>\u00bb font_container=\u00bbtag:h4|text_align:left\u00bb google_fonts=\u00bbfont_family:Titillium%20Web%3A200%2C200italic%2C300%2C300italic%2Cregular%2Citalic%2C600%2C600italic%2C700%2C700italic%2C900|font_style:400%20regular%3A400%3Anormal\u00bb][vc_column_text]Trans Isole es la marca que ha representado a\u00a0<strong>la familia Spighetto<\/strong> durante dos generaciones. Una organizaci\u00f3n impecable con un rostro humano que, durante m\u00e1s de <strong>treinta a\u00f1os<\/strong>\u00a0ha acumulado una confianza cada vez mayor en el sector de la carretera mar\u00edtima y el transporte intermodal en Europa.<\/p>\n<p>La s\u00f3lida gesti\u00f3n familiar y el dinamismo gerencial son una garant\u00eda de alta profesionalidad, tiempos de entrega cortos, puntualidad y m\u00e1xima seguridad en el manejo de mercanc\u00edas.<br \/>\nLa compa\u00f1\u00eda puede llevar a cabo cualquier tipo de transporte y env\u00edo de una manera excelente, desde el paquete peque\u00f1o hasta el contenedor completo, hasta el transporte de mercanc\u00edas peligrosas, en ADR y hasta transportes excepcionales y especiales.[\/vc_column_text][vc_single_image image=\u00bb2963&#8243; img_size=\u00bbfull\u00bb alignment=\u00bbcenter\u00bb style=\u00bbvc_box_shadow_3d\u00bb][vc_column_text]El centro de operaciones de Trans Isole se encuentra en Angri, en la provincia de Salerno, en el coraz\u00f3n del distrito de producci\u00f3n Agro Nocerino-Sarnese y en una posici\u00f3n estrat\u00e9gica entre los puertos de N\u00e1poles y Salerno.<\/p>\n<p>Aqu\u00ed hay una Aqu\u00ed hay una <a href=\"https:\/\/www.transisole.rivedemo.it\/es\/flota-camion-estacionamiento-medios-de-transporte\/\">flota de medios de transporte <\/a> en constante evoluci\u00f3n y siempre disponibles.[\/vc_column_text][vc_empty_space][\/vc_column][vc_column width=\u00bb1\/3&#8243;][vc_widget_sidebar sidebar_id=\u00bbtranscargo-right-sidebar\u00bb][\/vc_column][\/vc_row][vc_row full_width=\u00bbstretch_row\u00bb el_class=\u00bbsecondary_bg_color\u00bb css=\u00bb.vc_custom_1447746818281{margin-bottom: 0px !important;}\u00bb][vc_column][vc_cta h2=\u00bbPara info sobre servicios de Transporte, Log\u00edstica y Distribuci\u00f3n:\u00bb shape=\u00bbsquare\u00bb add_button=\u00bbright\u00bb btn_title=\u00bbPedir un presupuesto\u00bb btn_style=\u00bboutline\u00bb btn_shape=\u00bbround\u00bb btn_color=\u00bbwhite\u00bb btn_i_align=\u00bbright\u00bb btn_i_icon_fontawesome=\u00bbstm-arrow-next\u00bb btn_add_icon=\u00bbtrue\u00bb el_class=\u00bbsecondary_bg_color\u00bb btn_link=\u00bburl:https%3A%2F%2Fwww.transisole.rivedemo.it%2Fes%2Fsoluciones-de-transportes-a-medida%2F|||\u00bb][\/vc_cta][\/vc_column][\/vc_row]<\/p>\n<\/div>","protected":false},"excerpt":{"rendered":"<p>[vc_row][vc_column width=\u00bb2\/3&#8243;][vc_custom_heading text=\u00bbUna historia de \u00e9xito: Trans Isole, de precursores de intermodalidad al buen ejemplo de log\u00edstica sostenible.\u00bb font_container=\u00bbtag:h3|text_align:left\u00bb google_fonts=\u00bbfont_family:Titillium%20Web%3A200%2C200italic%2C300%2C300italic%2Cregular%2Citalic%2C600%2C600italic%2C700%2C700italic%2C900|font_style:400%20regular%3A400%3Anormal\u00bb][vc_custom_heading text=\u00bbEspecialistas en transporte mar\u00edtimo intermodal y por carretera, Log\u00edstica y Distribuci\u00f3n para todo&#8230;<\/p>\n","protected":false},"author":2,"featured_media":0,"parent":0,"menu_order":0,"comment_status":"closed","ping_status":"closed","template":"","meta":{"footnotes":""},"class_list":["post-2735","page","type-page","status-publish","hentry"],"yoast_head":"<!-- This site is optimized with the Yoast SEO plugin v25.6 - https:\/\/yoast.com\/wordpress\/plugins\/seo\/ -->\n<title>Trans Isole, trasporti su strada e intermodale marittimo - Trans Isole<\/title>\n<meta name=\"description\" content=\"Trans Isole da oltre trent\u2019anni raccoglie fiducia crescente nel settore dei trasporti su strada ed intermodale marittimo in tutta Europa\" \/>\n<meta name=\"robots\" content=\"noindex, follow, max-snippet:-1, max-image-preview:large, max-video-preview:-1\" \/>\n<meta property=\"og:locale\" content=\"es_ES\" \/>\n<meta property=\"og:type\" content=\"article\" \/>\n<meta property=\"og:title\" content=\"Trans Isole, trasporti su strada e intermodale marittimo - Trans Isole\" \/>\n<meta property=\"og:description\" content=\"Trans Isole da oltre trent\u2019anni raccoglie fiducia crescente nel settore dei trasporti su strada ed intermodale marittimo in tutta Europa\" \/>\n<meta property=\"og:url\" content=\"https:\/\/www.transisole.rivedemo.it\/storia-famiglia-spighetto-trasporti-su-strada-e-intermodale\" \/>\n<meta property=\"og:site_name\" content=\"Trans Isole\" \/>\n<meta property=\"article:publisher\" content=\"https:\/\/www.facebook.com\/transisole\" \/>\n<meta property=\"article:modified_time\" content=\"2019-11-27T10:12:24+00:00\" \/>\n<meta name=\"twitter:card\" content=\"summary_large_image\" \/>\n<meta name=\"twitter:label1\" content=\"Tiempo de lectura\" \/>\n\t<meta name=\"twitter:data1\" content=\"2 minutos\" \/>\n<script type=\"application\/ld+json\" class=\"yoast-schema-graph\">{\"@context\":\"https:\/\/schema.org\",\"@graph\":[{\"@type\":\"WebPage\",\"@id\":\"https:\/\/www.transisole.rivedemo.it\/storia-famiglia-spighetto-trasporti-su-strada-e-intermodale\",\"url\":\"https:\/\/www.transisole.rivedemo.it\/storia-famiglia-spighetto-trasporti-su-strada-e-intermodale\",\"name\":\"Trans Isole, trasporti su strada e intermodale marittimo - Trans Isole\",\"isPartOf\":{\"@id\":\"https:\/\/www.transisole.rivedemo.it\/#website\"},\"datePublished\":\"2018-09-27T13:50:28+00:00\",\"dateModified\":\"2019-11-27T10:12:24+00:00\",\"description\":\"Trans Isole da oltre trent\u2019anni raccoglie fiducia crescente nel settore dei trasporti su strada ed intermodale marittimo in tutta Europa\",\"breadcrumb\":{\"@id\":\"https:\/\/www.transisole.rivedemo.it\/storia-famiglia-spighetto-trasporti-su-strada-e-intermodale#breadcrumb\"},\"inLanguage\":\"es\",\"potentialAction\":[{\"@type\":\"ReadAction\",\"target\":[\"https:\/\/www.transisole.rivedemo.it\/storia-famiglia-spighetto-trasporti-su-strada-e-intermodale\"]}]},{\"@type\":\"BreadcrumbList\",\"@id\":\"https:\/\/www.transisole.rivedemo.it\/storia-famiglia-spighetto-trasporti-su-strada-e-intermodale#breadcrumb\",\"itemListElement\":[{\"@type\":\"ListItem\",\"position\":1,\"name\":\"Home\",\"item\":\"https:\/\/www.transisole.rivedemo.it\/\"},{\"@type\":\"ListItem\",\"position\":2,\"name\":\"Qui\u00e9n somos\"}]},{\"@type\":\"WebSite\",\"@id\":\"https:\/\/www.transisole.rivedemo.it\/#website\",\"url\":\"https:\/\/www.transisole.rivedemo.it\/\",\"name\":\"Trans Isole\",\"description\":\"Trasporto in Italia, Europa e isole, Deposito e Logistica\",\"potentialAction\":[{\"@type\":\"SearchAction\",\"target\":{\"@type\":\"EntryPoint\",\"urlTemplate\":\"https:\/\/www.transisole.rivedemo.it\/?s={search_term_string}\"},\"query-input\":{\"@type\":\"PropertyValueSpecification\",\"valueRequired\":true,\"valueName\":\"search_term_string\"}}],\"inLanguage\":\"es\"}]}<\/script>\n<!-- \/ Yoast SEO plugin. -->","yoast_head_json":{"title":"Trans Isole, trasporti su strada e intermodale marittimo - Trans Isole","description":"Trans Isole da oltre trent\u2019anni raccoglie fiducia crescente nel settore dei trasporti su strada ed intermodale marittimo in tutta Europa","robots":{"index":"noindex","follow":"follow","max-snippet":"max-snippet:-1","max-image-preview":"max-image-preview:large","max-video-preview":"max-video-preview:-1"},"og_locale":"es_ES","og_type":"article","og_title":"Trans Isole, trasporti su strada e intermodale marittimo - Trans Isole","og_description":"Trans Isole da oltre trent\u2019anni raccoglie fiducia crescente nel settore dei trasporti su strada ed intermodale marittimo in tutta Europa","og_url":"https:\/\/www.transisole.rivedemo.it\/storia-famiglia-spighetto-trasporti-su-strada-e-intermodale","og_site_name":"Trans Isole","article_publisher":"https:\/\/www.facebook.com\/transisole","article_modified_time":"2019-11-27T10:12:24+00:00","twitter_card":"summary_large_image","twitter_misc":{"Tiempo de lectura":"2 minutos"},"schema":{"@context":"https:\/\/schema.org","@graph":[{"@type":"WebPage","@id":"https:\/\/www.transisole.rivedemo.it\/storia-famiglia-spighetto-trasporti-su-strada-e-intermodale","url":"https:\/\/www.transisole.rivedemo.it\/storia-famiglia-spighetto-trasporti-su-strada-e-intermodale","name":"Trans Isole, trasporti su strada e intermodale marittimo - Trans Isole","isPartOf":{"@id":"https:\/\/www.transisole.rivedemo.it\/#website"},"datePublished":"2018-09-27T13:50:28+00:00","dateModified":"2019-11-27T10:12:24+00:00","description":"Trans Isole da oltre trent\u2019anni raccoglie fiducia crescente nel settore dei trasporti su strada ed intermodale marittimo in tutta Europa","breadcrumb":{"@id":"https:\/\/www.transisole.rivedemo.it\/storia-famiglia-spighetto-trasporti-su-strada-e-intermodale#breadcrumb"},"inLanguage":"es","potentialAction":[{"@type":"ReadAction","target":["https:\/\/www.transisole.rivedemo.it\/storia-famiglia-spighetto-trasporti-su-strada-e-intermodale"]}]},{"@type":"BreadcrumbList","@id":"https:\/\/www.transisole.rivedemo.it\/storia-famiglia-spighetto-trasporti-su-strada-e-intermodale#breadcrumb","itemListElement":[{"@type":"ListItem","position":1,"name":"Home","item":"https:\/\/www.transisole.rivedemo.it\/"},{"@type":"ListItem","position":2,"name":"Qui\u00e9n somos"}]},{"@type":"WebSite","@id":"https:\/\/www.transisole.rivedemo.it\/#website","url":"https:\/\/www.transisole.rivedemo.it\/","name":"Trans Isole","description":"Trasporto in Italia, Europa e isole, Deposito e Logistica","potentialAction":[{"@type":"SearchAction","target":{"@type":"EntryPoint","urlTemplate":"https:\/\/www.transisole.rivedemo.it\/?s={search_term_string}"},"query-input":{"@type":"PropertyValueSpecification","valueRequired":true,"valueName":"search_term_string"}}],"inLanguage":"es"}]}},"_links":{"self":[{"href":"https:\/\/www.transisole.rivedemo.it\/es\/wp-json\/wp\/v2\/pages\/2735","targetHints":{"allow":["GET"]}}],"collection":[{"href":"https:\/\/www.transisole.rivedemo.it\/es\/wp-json\/wp\/v2\/pages"}],"about":[{"href":"https:\/\/www.transisole.rivedemo.it\/es\/wp-json\/wp\/v2\/types\/page"}],"author":[{"embeddable":true,"href":"https:\/\/www.transisole.rivedemo.it\/es\/wp-json\/wp\/v2\/users\/2"}],"replies":[{"embeddable":true,"href":"https:\/\/www.transisole.rivedemo.it\/es\/wp-json\/wp\/v2\/comments?post=2735"}],"version-history":[{"count":21,"href":"https:\/\/www.transisole.rivedemo.it\/es\/wp-json\/wp\/v2\/pages\/2735\/revisions"}],"predecessor-version":[{"id":4326,"href":"https:\/\/www.transisole.rivedemo.it\/es\/wp-json\/wp\/v2\/pages\/2735\/revisions\/4326"}],"wp:attachment":[{"href":"https:\/\/www.transisole.rivedemo.it\/es\/wp-json\/wp\/v2\/media?parent=2735"}],"curies":[{"name":"wp","href":"https:\/\/api.w.org\/{rel}","templated":true}]}}