{"id":2730,"date":"2018-09-27T16:47:41","date_gmt":"2018-09-27T16:47:41","guid":{"rendered":"https:\/\/www.transisole.rivedemo.it\/eccezionali-speciali\/"},"modified":"2019-11-11T09:36:03","modified_gmt":"2019-11-11T09:36:03","slug":"excepcional-y-especial","status":"publish","type":"page","link":"https:\/\/www.transisole.rivedemo.it\/es\/excepcional-y-especial","title":{"rendered":"Excepcional y especial"},"content":{"rendered":"<div class=\"wpb-content-wrapper\"><p>[vc_row][vc_column width=\u00bb2\/3&#8243;][vc_custom_heading text=\u00bbTransporte excepcional y especial con elevadores, autogramas, camiones y personal especializado\u00bb font_container=\u00bbtag:h3|text_align:left\u00bb google_fonts=\u00bbfont_family:Titillium%20Web%3A200%2C200italic%2C300%2C300italic%2Cregular%2Citalic%2C600%2C600italic%2C700%2C700italic%2C900|font_style:400%20regular%3A400%3Anormal\u00bb][vc_column_text]<\/p>\n<div class=\"disable-p lists-square\">\n<p>Transportes excepcionales y especiales que requieren profesionalismo, precisi\u00f3n y recursos, alcanzables para cualquier tipo de bienes (con la excepci\u00f3n del qu\u00edmico) y siempre con grandes beneficios para los clientes.<\/p>\n<\/div>\n<p>[\/vc_column_text][vc_empty_space][vc_column_text]<\/p>\n<h3>Trans isole no se detengan frente a nada!<\/h3>\n<p>La amplia gama de veh\u00edculos y la colaboraci\u00f3n con socios cuidadosamente seleccionados permiten a las Trans Isole organizar:<\/p>\n<ul>\n<li>Transportes excepcionales por tama\u00f1o o masa (cargas y peso fuera de forma), con carros especiales de piso bajo y remolques extensibles, con permisos permanentes, con existencias t\u00e9cnicas y personal regularmente calificado y calificado.<\/li>\n<li>Transportes especiales, o cargas que adem\u00e1s del env\u00edo requieren servicios adicionales, tales como operaciones de carga\/descarga.<\/li>\n<\/ul>\n<p>[\/vc_column_text][vc_empty_space][vc_column_text]<\/p>\n<h3>Veh\u00edculos excepcionales para transportes excepcionales<\/h3>\n<p>Para este tipo de transporte, Trans Isole puede proporcionar:<\/p>\n<div class=\"disable-p lists-square\">\n<ul>\n<li>Montacargas de varios tama\u00f1os.<\/li>\n<li>Camiones gr\u00faa de caucho y caballete de hasta 300 toneladas.<\/li>\n<li>Gr\u00faas telesc\u00f3picas de hasta 650 toneladas que garantizan cualquier tipo de movimiento y posicionamiento.<\/li>\n<li>Camiones con trampilla elevadora<\/li>\n<li>Cooperativas de porteadores<\/li>\n<\/ul>\n<\/div>\n<p>[\/vc_column_text][vc_empty_space][\/vc_column][vc_column width=\u00bb1\/3&#8243;][vc_widget_sidebar sidebar_id=\u00bbtranscargo-right-sidebar\u00bb][\/vc_column][\/vc_row][vc_row full_width=\u00bbstretch_row\u00bb el_class=\u00bbsecondary_bg_color\u00bb css=\u00bb.vc_custom_1447746818281{margin-bottom: 0px !important;}\u00bb][vc_column][vc_cta h2=\u00bbPara info sobre servicios de Transporte, Log\u00edstica y Distribuci\u00f3n:\u00bb shape=\u00bbsquare\u00bb add_button=\u00bbright\u00bb btn_title=\u00bbPedir un presupuesto\u00bb btn_style=\u00bboutline\u00bb btn_shape=\u00bbround\u00bb btn_color=\u00bbwhite\u00bb btn_i_align=\u00bbright\u00bb btn_i_icon_fontawesome=\u00bbstm-arrow-next\u00bb btn_add_icon=\u00bbtrue\u00bb el_class=\u00bbsecondary_bg_color\u00bb btn_link=\u00bburl:%2Fes%2F%3Fp%3D2545|||\u00bb][\/vc_cta][\/vc_column][\/vc_row]<\/p>\n<\/div>","protected":false},"excerpt":{"rendered":"<p>[vc_row][vc_column width=\u00bb2\/3&#8243;][vc_custom_heading text=\u00bbTransporte excepcional y especial con elevadores, autogramas, camiones y personal especializado\u00bb font_container=\u00bbtag:h3|text_align:left\u00bb google_fonts=\u00bbfont_family:Titillium%20Web%3A200%2C200italic%2C300%2C300italic%2Cregular%2Citalic%2C600%2C600italic%2C700%2C700italic%2C900|font_style:400%20regular%3A400%3Anormal\u00bb][vc_column_text] Transportes excepcionales y especiales que requieren profesionalismo, precisi\u00f3n y recursos, alcanzables para cualquier tipo de bienes (con la&#8230;<\/p>\n","protected":false},"author":2,"featured_media":0,"parent":0,"menu_order":0,"comment_status":"closed","ping_status":"closed","template":"","meta":{"footnotes":""},"class_list":["post-2730","page","type-page","status-publish","hentry"],"yoast_head":"<!-- This site is optimized with the Yoast SEO plugin v25.6 - https:\/\/yoast.com\/wordpress\/plugins\/seo\/ -->\n<title>Trasporti eccezionali e speciali per diversi tipi di merce - Trans Isole<\/title>\n<meta name=\"description\" content=\"Trasporti eccezionali e speciali con elevatori, autogr\u00f9, motrici e personale specializzato che richiedono professionalit\u00e0, accuratezza e risorse.\" \/>\n<meta name=\"robots\" content=\"noindex, follow, max-snippet:-1, max-image-preview:large, max-video-preview:-1\" \/>\n<meta property=\"og:locale\" content=\"es_ES\" \/>\n<meta property=\"og:type\" content=\"article\" \/>\n<meta property=\"og:title\" content=\"Trasporti eccezionali e speciali per diversi tipi di merce - Trans Isole\" \/>\n<meta property=\"og:description\" content=\"Trasporti eccezionali e speciali con elevatori, autogr\u00f9, motrici e personale specializzato che richiedono professionalit\u00e0, accuratezza e risorse.\" \/>\n<meta property=\"og:url\" content=\"https:\/\/www.transisole.rivedemo.it\/eccezionali-speciali\" \/>\n<meta property=\"og:site_name\" content=\"Trans Isole\" \/>\n<meta property=\"article:publisher\" content=\"https:\/\/www.facebook.com\/transisole\" \/>\n<meta property=\"article:modified_time\" content=\"2019-11-11T09:36:03+00:00\" \/>\n<meta name=\"twitter:card\" content=\"summary_large_image\" \/>\n<meta name=\"twitter:label1\" content=\"Tiempo de lectura\" \/>\n\t<meta name=\"twitter:data1\" content=\"2 minutos\" \/>\n<script type=\"application\/ld+json\" class=\"yoast-schema-graph\">{\"@context\":\"https:\/\/schema.org\",\"@graph\":[{\"@type\":\"WebPage\",\"@id\":\"https:\/\/www.transisole.rivedemo.it\/eccezionali-speciali\",\"url\":\"https:\/\/www.transisole.rivedemo.it\/eccezionali-speciali\",\"name\":\"Trasporti eccezionali e speciali per diversi tipi di merce - Trans Isole\",\"isPartOf\":{\"@id\":\"https:\/\/www.transisole.rivedemo.it\/#website\"},\"datePublished\":\"2018-09-27T16:47:41+00:00\",\"dateModified\":\"2019-11-11T09:36:03+00:00\",\"description\":\"Trasporti eccezionali e speciali con elevatori, autogr\u00f9, motrici e personale specializzato che richiedono professionalit\u00e0, accuratezza e risorse.\",\"breadcrumb\":{\"@id\":\"https:\/\/www.transisole.rivedemo.it\/eccezionali-speciali#breadcrumb\"},\"inLanguage\":\"es\",\"potentialAction\":[{\"@type\":\"ReadAction\",\"target\":[\"https:\/\/www.transisole.rivedemo.it\/eccezionali-speciali\"]}]},{\"@type\":\"BreadcrumbList\",\"@id\":\"https:\/\/www.transisole.rivedemo.it\/eccezionali-speciali#breadcrumb\",\"itemListElement\":[{\"@type\":\"ListItem\",\"position\":1,\"name\":\"Home\",\"item\":\"https:\/\/www.transisole.rivedemo.it\/\"},{\"@type\":\"ListItem\",\"position\":2,\"name\":\"Excepcional y especial\"}]},{\"@type\":\"WebSite\",\"@id\":\"https:\/\/www.transisole.rivedemo.it\/#website\",\"url\":\"https:\/\/www.transisole.rivedemo.it\/\",\"name\":\"Trans Isole\",\"description\":\"Trasporto in Italia, Europa e isole, Deposito e Logistica\",\"potentialAction\":[{\"@type\":\"SearchAction\",\"target\":{\"@type\":\"EntryPoint\",\"urlTemplate\":\"https:\/\/www.transisole.rivedemo.it\/?s={search_term_string}\"},\"query-input\":{\"@type\":\"PropertyValueSpecification\",\"valueRequired\":true,\"valueName\":\"search_term_string\"}}],\"inLanguage\":\"es\"}]}<\/script>\n<!-- \/ Yoast SEO plugin. -->","yoast_head_json":{"title":"Trasporti eccezionali e speciali per diversi tipi di merce - Trans Isole","description":"Trasporti eccezionali e speciali con elevatori, autogr\u00f9, motrici e personale specializzato che richiedono professionalit\u00e0, accuratezza e risorse.","robots":{"index":"noindex","follow":"follow","max-snippet":"max-snippet:-1","max-image-preview":"max-image-preview:large","max-video-preview":"max-video-preview:-1"},"og_locale":"es_ES","og_type":"article","og_title":"Trasporti eccezionali e speciali per diversi tipi di merce - Trans Isole","og_description":"Trasporti eccezionali e speciali con elevatori, autogr\u00f9, motrici e personale specializzato che richiedono professionalit\u00e0, accuratezza e risorse.","og_url":"https:\/\/www.transisole.rivedemo.it\/eccezionali-speciali","og_site_name":"Trans Isole","article_publisher":"https:\/\/www.facebook.com\/transisole","article_modified_time":"2019-11-11T09:36:03+00:00","twitter_card":"summary_large_image","twitter_misc":{"Tiempo de lectura":"2 minutos"},"schema":{"@context":"https:\/\/schema.org","@graph":[{"@type":"WebPage","@id":"https:\/\/www.transisole.rivedemo.it\/eccezionali-speciali","url":"https:\/\/www.transisole.rivedemo.it\/eccezionali-speciali","name":"Trasporti eccezionali e speciali per diversi tipi di merce - Trans Isole","isPartOf":{"@id":"https:\/\/www.transisole.rivedemo.it\/#website"},"datePublished":"2018-09-27T16:47:41+00:00","dateModified":"2019-11-11T09:36:03+00:00","description":"Trasporti eccezionali e speciali con elevatori, autogr\u00f9, motrici e personale specializzato che richiedono professionalit\u00e0, accuratezza e risorse.","breadcrumb":{"@id":"https:\/\/www.transisole.rivedemo.it\/eccezionali-speciali#breadcrumb"},"inLanguage":"es","potentialAction":[{"@type":"ReadAction","target":["https:\/\/www.transisole.rivedemo.it\/eccezionali-speciali"]}]},{"@type":"BreadcrumbList","@id":"https:\/\/www.transisole.rivedemo.it\/eccezionali-speciali#breadcrumb","itemListElement":[{"@type":"ListItem","position":1,"name":"Home","item":"https:\/\/www.transisole.rivedemo.it\/"},{"@type":"ListItem","position":2,"name":"Excepcional y especial"}]},{"@type":"WebSite","@id":"https:\/\/www.transisole.rivedemo.it\/#website","url":"https:\/\/www.transisole.rivedemo.it\/","name":"Trans Isole","description":"Trasporto in Italia, Europa e isole, Deposito e Logistica","potentialAction":[{"@type":"SearchAction","target":{"@type":"EntryPoint","urlTemplate":"https:\/\/www.transisole.rivedemo.it\/?s={search_term_string}"},"query-input":{"@type":"PropertyValueSpecification","valueRequired":true,"valueName":"search_term_string"}}],"inLanguage":"es"}]}},"_links":{"self":[{"href":"https:\/\/www.transisole.rivedemo.it\/es\/wp-json\/wp\/v2\/pages\/2730","targetHints":{"allow":["GET"]}}],"collection":[{"href":"https:\/\/www.transisole.rivedemo.it\/es\/wp-json\/wp\/v2\/pages"}],"about":[{"href":"https:\/\/www.transisole.rivedemo.it\/es\/wp-json\/wp\/v2\/types\/page"}],"author":[{"embeddable":true,"href":"https:\/\/www.transisole.rivedemo.it\/es\/wp-json\/wp\/v2\/users\/2"}],"replies":[{"embeddable":true,"href":"https:\/\/www.transisole.rivedemo.it\/es\/wp-json\/wp\/v2\/comments?post=2730"}],"version-history":[{"count":5,"href":"https:\/\/www.transisole.rivedemo.it\/es\/wp-json\/wp\/v2\/pages\/2730\/revisions"}],"predecessor-version":[{"id":4104,"href":"https:\/\/www.transisole.rivedemo.it\/es\/wp-json\/wp\/v2\/pages\/2730\/revisions\/4104"}],"wp:attachment":[{"href":"https:\/\/www.transisole.rivedemo.it\/es\/wp-json\/wp\/v2\/media?parent=2730"}],"curies":[{"name":"wp","href":"https:\/\/api.w.org\/{rel}","templated":true}]}}