{"id":2728,"date":"2018-09-27T16:45:08","date_gmt":"2018-09-27T16:45:08","guid":{"rendered":"https:\/\/www.transisole.rivedemo.it\/temperatura-controllata\/"},"modified":"2019-11-11T09:37:25","modified_gmt":"2019-11-11T09:37:25","slug":"temperatura-controlada","status":"publish","type":"page","link":"https:\/\/www.transisole.rivedemo.it\/es\/temperatura-controlada","title":{"rendered":"Temperatura controlada"},"content":{"rendered":"<div class=\"wpb-content-wrapper\"><p>[vc_row][vc_column width=\u00bb2\/3&#8243;][vc_custom_heading text=\u00bbTRANSPORTE DE TEMPERATURA CONTROLADA\u00bb font_container=\u00bbtag:h3|text_align:left\u00bb google_fonts=\u00bbfont_family:Titillium%20Web%3A200%2C200italic%2C300%2C300italic%2Cregular%2Citalic%2C600%2C600italic%2C700%2C700italic%2C900|font_style:400%20regular%3A400%3Anormal\u00bb][vc_column_text]<\/p>\n<h3>Transporte a temperatura controlada de productos alimentarios, farmac\u00e9uticos, florales y de vivero para el mercado italiano y europeo<\/h3>\n<p>La flota de Trans Isole furgonetas y refrigeradores aislados, aislados y aislados permite realizar cargas completas a una temperatura controlada y entregar, previa solicitud, incluso dentro de las 24 horas posteriores a la carga, en todo el territorio nacional (con especial atenci\u00f3n a Sicilia y Cerde\u00f1a) y Europa.[\/vc_column_text][vc_single_image image=\u00bb2526&#8243; img_size=\u00bbfull\u00bb][vc_column_text]<\/p>\n<h3>Medios y transporte seg\u00fan ley<\/h3>\n<p>Los veh\u00edculos de la compa\u00f1\u00eda dedicada de Mtl. 13.60 tienen una capacidad de carga de 32-33 Europallets y est\u00e1n equipados con motores Thermoking SLS400E capaces de controlar temperaturas de -30 \u00b0 a + 30 \u00b0, de conformidad con el A.T.P. y con registradores de temperatura aprobados.<\/p>\n<p>Adem\u00e1s, de conformidad con la directiva comunitaria 43\/93 \/ CEE y el decreto legislativo del 26 de mayo de 1997, n. 155, en materia de Higiene de los productos alimenticios, Trans Isole aplica el sistema de autocontrol HACCP de la empresa (An\u00e1lisis de Peligros y Puntos Cr\u00edticos de Control).[\/vc_column_text][vc_empty_space][\/vc_column][vc_column width=\u00bb1\/3&#8243;][vc_widget_sidebar sidebar_id=\u00bbtranscargo-right-sidebar\u00bb][\/vc_column][\/vc_row][vc_row full_width=\u00bbstretch_row\u00bb el_class=\u00bbsecondary_bg_color\u00bb css=\u00bb.vc_custom_1447746818281{margin-bottom: 0px !important;}\u00bb][vc_column][vc_cta h2=\u00bbPara info sobre servicios de Transporte, Log\u00edstica y Distribuci\u00f3n:\u00bb shape=\u00bbsquare\u00bb add_button=\u00bbright\u00bb btn_title=\u00bbPedir un presupuesto\u00bb btn_style=\u00bboutline\u00bb btn_shape=\u00bbround\u00bb btn_color=\u00bbwhite\u00bb btn_i_align=\u00bbright\u00bb btn_i_icon_fontawesome=\u00bbstm-arrow-next\u00bb btn_add_icon=\u00bbtrue\u00bb el_class=\u00bbsecondary_bg_color\u00bb btn_link=\u00bburl:%2Fes%2F%3Fp%3D2545|||\u00bb][\/vc_cta][\/vc_column][\/vc_row]<\/p>\n<\/div>","protected":false},"excerpt":{"rendered":"<p>[vc_row][vc_column width=\u00bb2\/3&#8243;][vc_custom_heading text=\u00bbTRANSPORTE DE TEMPERATURA CONTROLADA\u00bb font_container=\u00bbtag:h3|text_align:left\u00bb google_fonts=\u00bbfont_family:Titillium%20Web%3A200%2C200italic%2C300%2C300italic%2Cregular%2Citalic%2C600%2C600italic%2C700%2C700italic%2C900|font_style:400%20regular%3A400%3Anormal\u00bb][vc_column_text] Transporte a temperatura controlada de productos alimentarios, farmac\u00e9uticos, florales y de vivero para el mercado italiano y europeo La flota de Trans Isole furgonetas y&#8230;<\/p>\n","protected":false},"author":2,"featured_media":0,"parent":0,"menu_order":0,"comment_status":"closed","ping_status":"closed","template":"","meta":{"footnotes":""},"class_list":["post-2728","page","type-page","status-publish","hentry"],"yoast_head":"<!-- This site is optimized with the Yoast SEO plugin v25.6 - https:\/\/yoast.com\/wordpress\/plugins\/seo\/ -->\n<title>Temperatura controllata trasporto - Trans Isole<\/title>\n<meta name=\"description\" content=\"Trasporto temperatura controllata di prodotti alimentari, farmaceutici, floreali e vivaistici per il mercato italiano ed europeo\" \/>\n<meta name=\"robots\" content=\"noindex, follow, max-snippet:-1, max-image-preview:large, max-video-preview:-1\" \/>\n<meta property=\"og:locale\" content=\"es_ES\" \/>\n<meta property=\"og:type\" content=\"article\" \/>\n<meta property=\"og:title\" content=\"Temperatura controllata trasporto - Trans Isole\" \/>\n<meta property=\"og:description\" content=\"Trasporto temperatura controllata di prodotti alimentari, farmaceutici, floreali e vivaistici per il mercato italiano ed europeo\" \/>\n<meta property=\"og:url\" content=\"https:\/\/www.transisole.rivedemo.it\/temperatura-controllata\" \/>\n<meta property=\"og:site_name\" content=\"Trans Isole\" \/>\n<meta property=\"article:publisher\" content=\"https:\/\/www.facebook.com\/transisole\" \/>\n<meta property=\"article:modified_time\" content=\"2019-11-11T09:37:25+00:00\" \/>\n<meta name=\"twitter:card\" content=\"summary_large_image\" \/>\n<meta name=\"twitter:label1\" content=\"Tiempo de lectura\" \/>\n\t<meta name=\"twitter:data1\" content=\"2 minutos\" \/>\n<script type=\"application\/ld+json\" class=\"yoast-schema-graph\">{\"@context\":\"https:\/\/schema.org\",\"@graph\":[{\"@type\":\"WebPage\",\"@id\":\"https:\/\/www.transisole.rivedemo.it\/temperatura-controllata\",\"url\":\"https:\/\/www.transisole.rivedemo.it\/temperatura-controllata\",\"name\":\"Temperatura controllata trasporto - Trans Isole\",\"isPartOf\":{\"@id\":\"https:\/\/www.transisole.rivedemo.it\/#website\"},\"datePublished\":\"2018-09-27T16:45:08+00:00\",\"dateModified\":\"2019-11-11T09:37:25+00:00\",\"description\":\"Trasporto temperatura controllata di prodotti alimentari, farmaceutici, floreali e vivaistici per il mercato italiano ed europeo\",\"breadcrumb\":{\"@id\":\"https:\/\/www.transisole.rivedemo.it\/temperatura-controllata#breadcrumb\"},\"inLanguage\":\"es\",\"potentialAction\":[{\"@type\":\"ReadAction\",\"target\":[\"https:\/\/www.transisole.rivedemo.it\/temperatura-controllata\"]}]},{\"@type\":\"BreadcrumbList\",\"@id\":\"https:\/\/www.transisole.rivedemo.it\/temperatura-controllata#breadcrumb\",\"itemListElement\":[{\"@type\":\"ListItem\",\"position\":1,\"name\":\"Home\",\"item\":\"https:\/\/www.transisole.rivedemo.it\/\"},{\"@type\":\"ListItem\",\"position\":2,\"name\":\"Temperatura controlada\"}]},{\"@type\":\"WebSite\",\"@id\":\"https:\/\/www.transisole.rivedemo.it\/#website\",\"url\":\"https:\/\/www.transisole.rivedemo.it\/\",\"name\":\"Trans Isole\",\"description\":\"Trasporto in Italia, Europa e isole, Deposito e Logistica\",\"potentialAction\":[{\"@type\":\"SearchAction\",\"target\":{\"@type\":\"EntryPoint\",\"urlTemplate\":\"https:\/\/www.transisole.rivedemo.it\/?s={search_term_string}\"},\"query-input\":{\"@type\":\"PropertyValueSpecification\",\"valueRequired\":true,\"valueName\":\"search_term_string\"}}],\"inLanguage\":\"es\"}]}<\/script>\n<!-- \/ Yoast SEO plugin. -->","yoast_head_json":{"title":"Temperatura controllata trasporto - Trans Isole","description":"Trasporto temperatura controllata di prodotti alimentari, farmaceutici, floreali e vivaistici per il mercato italiano ed europeo","robots":{"index":"noindex","follow":"follow","max-snippet":"max-snippet:-1","max-image-preview":"max-image-preview:large","max-video-preview":"max-video-preview:-1"},"og_locale":"es_ES","og_type":"article","og_title":"Temperatura controllata trasporto - Trans Isole","og_description":"Trasporto temperatura controllata di prodotti alimentari, farmaceutici, floreali e vivaistici per il mercato italiano ed europeo","og_url":"https:\/\/www.transisole.rivedemo.it\/temperatura-controllata","og_site_name":"Trans Isole","article_publisher":"https:\/\/www.facebook.com\/transisole","article_modified_time":"2019-11-11T09:37:25+00:00","twitter_card":"summary_large_image","twitter_misc":{"Tiempo de lectura":"2 minutos"},"schema":{"@context":"https:\/\/schema.org","@graph":[{"@type":"WebPage","@id":"https:\/\/www.transisole.rivedemo.it\/temperatura-controllata","url":"https:\/\/www.transisole.rivedemo.it\/temperatura-controllata","name":"Temperatura controllata trasporto - Trans Isole","isPartOf":{"@id":"https:\/\/www.transisole.rivedemo.it\/#website"},"datePublished":"2018-09-27T16:45:08+00:00","dateModified":"2019-11-11T09:37:25+00:00","description":"Trasporto temperatura controllata di prodotti alimentari, farmaceutici, floreali e vivaistici per il mercato italiano ed europeo","breadcrumb":{"@id":"https:\/\/www.transisole.rivedemo.it\/temperatura-controllata#breadcrumb"},"inLanguage":"es","potentialAction":[{"@type":"ReadAction","target":["https:\/\/www.transisole.rivedemo.it\/temperatura-controllata"]}]},{"@type":"BreadcrumbList","@id":"https:\/\/www.transisole.rivedemo.it\/temperatura-controllata#breadcrumb","itemListElement":[{"@type":"ListItem","position":1,"name":"Home","item":"https:\/\/www.transisole.rivedemo.it\/"},{"@type":"ListItem","position":2,"name":"Temperatura controlada"}]},{"@type":"WebSite","@id":"https:\/\/www.transisole.rivedemo.it\/#website","url":"https:\/\/www.transisole.rivedemo.it\/","name":"Trans Isole","description":"Trasporto in Italia, Europa e isole, Deposito e Logistica","potentialAction":[{"@type":"SearchAction","target":{"@type":"EntryPoint","urlTemplate":"https:\/\/www.transisole.rivedemo.it\/?s={search_term_string}"},"query-input":{"@type":"PropertyValueSpecification","valueRequired":true,"valueName":"search_term_string"}}],"inLanguage":"es"}]}},"_links":{"self":[{"href":"https:\/\/www.transisole.rivedemo.it\/es\/wp-json\/wp\/v2\/pages\/2728","targetHints":{"allow":["GET"]}}],"collection":[{"href":"https:\/\/www.transisole.rivedemo.it\/es\/wp-json\/wp\/v2\/pages"}],"about":[{"href":"https:\/\/www.transisole.rivedemo.it\/es\/wp-json\/wp\/v2\/types\/page"}],"author":[{"embeddable":true,"href":"https:\/\/www.transisole.rivedemo.it\/es\/wp-json\/wp\/v2\/users\/2"}],"replies":[{"embeddable":true,"href":"https:\/\/www.transisole.rivedemo.it\/es\/wp-json\/wp\/v2\/comments?post=2728"}],"version-history":[{"count":6,"href":"https:\/\/www.transisole.rivedemo.it\/es\/wp-json\/wp\/v2\/pages\/2728\/revisions"}],"predecessor-version":[{"id":4101,"href":"https:\/\/www.transisole.rivedemo.it\/es\/wp-json\/wp\/v2\/pages\/2728\/revisions\/4101"}],"wp:attachment":[{"href":"https:\/\/www.transisole.rivedemo.it\/es\/wp-json\/wp\/v2\/media?parent=2728"}],"curies":[{"name":"wp","href":"https:\/\/api.w.org\/{rel}","templated":true}]}}