{"id":2726,"date":"2018-09-27T16:40:52","date_gmt":"2018-09-27T16:40:52","guid":{"rendered":"https:\/\/www.transisole.rivedemo.it\/trasporto-container\/"},"modified":"2019-11-11T09:38:10","modified_gmt":"2019-11-11T09:38:10","slug":"transporte-de-contenedores","status":"publish","type":"page","link":"https:\/\/www.transisole.rivedemo.it\/es\/transporte-de-contenedores","title":{"rendered":"Transporte de contenedores"},"content":{"rendered":"<div class=\"wpb-content-wrapper\"><p>[vc_row][vc_column width=\u00bb2\/3&#8243;][vc_custom_heading text=\u00bbTRANSPORTE DE CAJAS DE CONTENEDORES, CASOS M\u00d3VILES Y MONOBLOQUES\u00bb font_container=\u00bbtag:h3|text_align:left\u00bb google_fonts=\u00bbfont_family:Titillium%20Web%3A200%2C200italic%2C300%2C300italic%2Cregular%2Citalic%2C600%2C600italic%2C700%2C700italic%2C900|font_style:400%20regular%3A400%3Anormal\u00bb][vc_column_text]Gracias a los veh\u00edculos con cierre giratorio, Trans Isole puede transportar cajas de contenedores, cajas m\u00f3viles, monobloques de cualquier tama\u00f1o y tipo.[\/vc_column_text][vc_single_image image=\u00bb2474&#8243; img_size=\u00bbfull\u00bb alignment=\u00bbcenter\u00bb style=\u00bbvc_box_outline\u00bb][vc_column_text]El transporte de contenedores aumenta el n\u00famero de servicios de Trans Isole para el transporte de mercanc\u00edas, incluidos alimentos, gracias a una flota moderna y eficiente de veh\u00edculos articulados de diferentes tama\u00f1os.<br \/>\nEste tipo de transporte puede usarse tanto para transportes ordinarios como para transportes excepcionales y se adapta perfectamente al flujo de transporte intermodal tierra-mar, flexible, flexible y capaz de satisfacer las necesidades de una clientela heterog\u00e9nea.[\/vc_column_text][vc_row_inner][vc_column_inner width=\u00bb1\/2&#8243;][vc_column_text]<\/p>\n<h3>Tipo<\/h3>\n<ul>\n<li>Caja<\/li>\n<li>Refrigerador frigor\u00edfico<\/li>\n<li>Estante plano<\/li>\n<li>Tapa abierta<\/li>\n<li>Cubo alto<\/li>\n<li>Altavoces m\u00f3viles<\/li>\n<li>M\u00f3dulos prefabricados<\/li>\n<\/ul>\n<p>[\/vc_column_text][\/vc_column_inner][vc_column_inner width=\u00bb1\/2&#8243;][vc_column_text]<\/p>\n<h3>Dimensiones<\/h3>\n<ul>\n<li>20\u2019 (6 mtl.)<\/li>\n<li>30\u2019 (mtl. 9)<\/li>\n<li>40\u2019 (mtl. 12)<\/li>\n<li>45\u2018 (Mtl. 13,60)<\/li>\n<\/ul>\n<p>[\/vc_column_text][\/vc_column_inner][\/vc_row_inner][vc_empty_space][vc_column_text]Adem\u00e1s, Trans Isole tiene gr\u00faas de varias capacidades para descargar y colocar en el suelo.<br \/>\nUn servicio de carga y transporte de calidad, garantizado por la profesionalidad de Trans Isole.[\/vc_column_text][vc_empty_space][\/vc_column][vc_column width=\u00bb1\/3&#8243;][vc_widget_sidebar sidebar_id=\u00bbtranscargo-right-sidebar\u00bb][\/vc_column][\/vc_row][vc_row full_width=\u00bbstretch_row\u00bb el_class=\u00bbsecondary_bg_color\u00bb css=\u00bb.vc_custom_1447746818281{margin-bottom: 0px !important;}\u00bb][vc_column][vc_cta h2=\u00bbPara info sobre servicios de Transporte, Log\u00edstica y Distribuci\u00f3n:\u00bb shape=\u00bbsquare\u00bb add_button=\u00bbright\u00bb btn_title=\u00bbPedir un presupuesto\u00bb btn_style=\u00bboutline\u00bb btn_shape=\u00bbround\u00bb btn_color=\u00bbwhite\u00bb btn_i_align=\u00bbright\u00bb btn_i_icon_fontawesome=\u00bbstm-arrow-next\u00bb btn_add_icon=\u00bbtrue\u00bb el_class=\u00bbsecondary_bg_color\u00bb btn_link=\u00bburl:%2Fes%2F%3Fp%3D2545|||\u00bb][\/vc_cta][\/vc_column][\/vc_row]<\/p>\n<\/div>","protected":false},"excerpt":{"rendered":"<p>[vc_row][vc_column width=\u00bb2\/3&#8243;][vc_custom_heading text=\u00bbTRANSPORTE DE CAJAS DE CONTENEDORES, CASOS M\u00d3VILES Y MONOBLOQUES\u00bb font_container=\u00bbtag:h3|text_align:left\u00bb google_fonts=\u00bbfont_family:Titillium%20Web%3A200%2C200italic%2C300%2C300italic%2Cregular%2Citalic%2C600%2C600italic%2C700%2C700italic%2C900|font_style:400%20regular%3A400%3Anormal\u00bb][vc_column_text]Gracias a los veh\u00edculos con cierre giratorio, Trans Isole puede transportar cajas de contenedores, cajas m\u00f3viles, monobloques de cualquier tama\u00f1o y&#8230;<\/p>\n","protected":false},"author":2,"featured_media":0,"parent":0,"menu_order":0,"comment_status":"closed","ping_status":"closed","template":"","meta":{"footnotes":""},"class_list":["post-2726","page","type-page","status-publish","hentry"],"yoast_head":"<!-- This site is optimized with the Yoast SEO plugin v25.6 - https:\/\/yoast.com\/wordpress\/plugins\/seo\/ -->\n<title>Trasporto container, casse mobili e monoblocchi - Trans Isole<\/title>\n<meta name=\"description\" content=\"Il trasporto container, casse mobili e monoblocchi accresce il numero dei servizi di Trans Isole per il trasporto delle merci\" \/>\n<meta name=\"robots\" content=\"noindex, follow, max-snippet:-1, max-image-preview:large, max-video-preview:-1\" \/>\n<meta property=\"og:locale\" content=\"es_ES\" \/>\n<meta property=\"og:type\" content=\"article\" \/>\n<meta property=\"og:title\" content=\"Trasporto container, casse mobili e monoblocchi - Trans Isole\" \/>\n<meta property=\"og:description\" content=\"Il trasporto container, casse mobili e monoblocchi accresce il numero dei servizi di Trans Isole per il trasporto delle merci\" \/>\n<meta property=\"og:url\" content=\"https:\/\/www.transisole.rivedemo.it\/trasporto-container\" \/>\n<meta property=\"og:site_name\" content=\"Trans Isole\" \/>\n<meta property=\"article:publisher\" content=\"https:\/\/www.facebook.com\/transisole\" \/>\n<meta property=\"article:modified_time\" content=\"2019-11-11T09:38:10+00:00\" \/>\n<meta name=\"twitter:card\" content=\"summary_large_image\" \/>\n<meta name=\"twitter:label1\" content=\"Tiempo de lectura\" \/>\n\t<meta name=\"twitter:data1\" content=\"2 minutos\" \/>\n<script type=\"application\/ld+json\" class=\"yoast-schema-graph\">{\"@context\":\"https:\/\/schema.org\",\"@graph\":[{\"@type\":\"WebPage\",\"@id\":\"https:\/\/www.transisole.rivedemo.it\/trasporto-container\",\"url\":\"https:\/\/www.transisole.rivedemo.it\/trasporto-container\",\"name\":\"Trasporto container, casse mobili e monoblocchi - Trans Isole\",\"isPartOf\":{\"@id\":\"https:\/\/www.transisole.rivedemo.it\/#website\"},\"datePublished\":\"2018-09-27T16:40:52+00:00\",\"dateModified\":\"2019-11-11T09:38:10+00:00\",\"description\":\"Il trasporto container, casse mobili e monoblocchi accresce il numero dei servizi di Trans Isole per il trasporto delle merci\",\"breadcrumb\":{\"@id\":\"https:\/\/www.transisole.rivedemo.it\/trasporto-container#breadcrumb\"},\"inLanguage\":\"es\",\"potentialAction\":[{\"@type\":\"ReadAction\",\"target\":[\"https:\/\/www.transisole.rivedemo.it\/trasporto-container\"]}]},{\"@type\":\"BreadcrumbList\",\"@id\":\"https:\/\/www.transisole.rivedemo.it\/trasporto-container#breadcrumb\",\"itemListElement\":[{\"@type\":\"ListItem\",\"position\":1,\"name\":\"Home\",\"item\":\"https:\/\/www.transisole.rivedemo.it\/\"},{\"@type\":\"ListItem\",\"position\":2,\"name\":\"Transporte de contenedores\"}]},{\"@type\":\"WebSite\",\"@id\":\"https:\/\/www.transisole.rivedemo.it\/#website\",\"url\":\"https:\/\/www.transisole.rivedemo.it\/\",\"name\":\"Trans Isole\",\"description\":\"Trasporto in Italia, Europa e isole, Deposito e Logistica\",\"potentialAction\":[{\"@type\":\"SearchAction\",\"target\":{\"@type\":\"EntryPoint\",\"urlTemplate\":\"https:\/\/www.transisole.rivedemo.it\/?s={search_term_string}\"},\"query-input\":{\"@type\":\"PropertyValueSpecification\",\"valueRequired\":true,\"valueName\":\"search_term_string\"}}],\"inLanguage\":\"es\"}]}<\/script>\n<!-- \/ Yoast SEO plugin. -->","yoast_head_json":{"title":"Trasporto container, casse mobili e monoblocchi - Trans Isole","description":"Il trasporto container, casse mobili e monoblocchi accresce il numero dei servizi di Trans Isole per il trasporto delle merci","robots":{"index":"noindex","follow":"follow","max-snippet":"max-snippet:-1","max-image-preview":"max-image-preview:large","max-video-preview":"max-video-preview:-1"},"og_locale":"es_ES","og_type":"article","og_title":"Trasporto container, casse mobili e monoblocchi - Trans Isole","og_description":"Il trasporto container, casse mobili e monoblocchi accresce il numero dei servizi di Trans Isole per il trasporto delle merci","og_url":"https:\/\/www.transisole.rivedemo.it\/trasporto-container","og_site_name":"Trans Isole","article_publisher":"https:\/\/www.facebook.com\/transisole","article_modified_time":"2019-11-11T09:38:10+00:00","twitter_card":"summary_large_image","twitter_misc":{"Tiempo de lectura":"2 minutos"},"schema":{"@context":"https:\/\/schema.org","@graph":[{"@type":"WebPage","@id":"https:\/\/www.transisole.rivedemo.it\/trasporto-container","url":"https:\/\/www.transisole.rivedemo.it\/trasporto-container","name":"Trasporto container, casse mobili e monoblocchi - Trans Isole","isPartOf":{"@id":"https:\/\/www.transisole.rivedemo.it\/#website"},"datePublished":"2018-09-27T16:40:52+00:00","dateModified":"2019-11-11T09:38:10+00:00","description":"Il trasporto container, casse mobili e monoblocchi accresce il numero dei servizi di Trans Isole per il trasporto delle merci","breadcrumb":{"@id":"https:\/\/www.transisole.rivedemo.it\/trasporto-container#breadcrumb"},"inLanguage":"es","potentialAction":[{"@type":"ReadAction","target":["https:\/\/www.transisole.rivedemo.it\/trasporto-container"]}]},{"@type":"BreadcrumbList","@id":"https:\/\/www.transisole.rivedemo.it\/trasporto-container#breadcrumb","itemListElement":[{"@type":"ListItem","position":1,"name":"Home","item":"https:\/\/www.transisole.rivedemo.it\/"},{"@type":"ListItem","position":2,"name":"Transporte de contenedores"}]},{"@type":"WebSite","@id":"https:\/\/www.transisole.rivedemo.it\/#website","url":"https:\/\/www.transisole.rivedemo.it\/","name":"Trans Isole","description":"Trasporto in Italia, Europa e isole, Deposito e Logistica","potentialAction":[{"@type":"SearchAction","target":{"@type":"EntryPoint","urlTemplate":"https:\/\/www.transisole.rivedemo.it\/?s={search_term_string}"},"query-input":{"@type":"PropertyValueSpecification","valueRequired":true,"valueName":"search_term_string"}}],"inLanguage":"es"}]}},"_links":{"self":[{"href":"https:\/\/www.transisole.rivedemo.it\/es\/wp-json\/wp\/v2\/pages\/2726","targetHints":{"allow":["GET"]}}],"collection":[{"href":"https:\/\/www.transisole.rivedemo.it\/es\/wp-json\/wp\/v2\/pages"}],"about":[{"href":"https:\/\/www.transisole.rivedemo.it\/es\/wp-json\/wp\/v2\/types\/page"}],"author":[{"embeddable":true,"href":"https:\/\/www.transisole.rivedemo.it\/es\/wp-json\/wp\/v2\/users\/2"}],"replies":[{"embeddable":true,"href":"https:\/\/www.transisole.rivedemo.it\/es\/wp-json\/wp\/v2\/comments?post=2726"}],"version-history":[{"count":7,"href":"https:\/\/www.transisole.rivedemo.it\/es\/wp-json\/wp\/v2\/pages\/2726\/revisions"}],"predecessor-version":[{"id":4099,"href":"https:\/\/www.transisole.rivedemo.it\/es\/wp-json\/wp\/v2\/pages\/2726\/revisions\/4099"}],"wp:attachment":[{"href":"https:\/\/www.transisole.rivedemo.it\/es\/wp-json\/wp\/v2\/media?parent=2726"}],"curies":[{"name":"wp","href":"https:\/\/api.w.org\/{rel}","templated":true}]}}