{"id":2724,"date":"2018-09-27T16:32:42","date_gmt":"2018-09-27T16:32:42","guid":{"rendered":"https:\/\/www.transisole.rivedemo.it\/trasporto-rifiuti-adr\/"},"modified":"2019-11-11T09:44:08","modified_gmt":"2019-11-11T09:44:08","slug":"transporte-de-residuos-adr","status":"publish","type":"page","link":"https:\/\/www.transisole.rivedemo.it\/es\/transporte-de-residuos-adr","title":{"rendered":"Transporte de residuos ADR"},"content":{"rendered":"<div class=\"wpb-content-wrapper\"><p>[vc_row][vc_column width=\u00bb2\/3&#8243;][vc_custom_heading text=\u00bbTransporte completo y parcial en sistema adr. Medios adr y conductores dados con patente.<br \/>\nNunca dejamos nada en el caso.\u00bb font_container=\u00bbtag:h3|text_align:left\u00bb google_fonts=\u00bbfont_family:Titillium%20Web%3A200%2C200italic%2C300%2C300italic%2Cregular%2Citalic%2C600%2C600italic%2C700%2C700italic%2C900|font_style:400%20regular%3A400%3Anormal\u00bb][vc_column_text]<\/p>\n<h3>TRANSPORTE ADR, \u00bfDE QU\u00c9 HABLAMOS?<\/h3>\n<p>ADR significa \u00abAccord Dangereuses Route\u00bb y es el acuerdo europeo que regula el transporte de mercanc\u00edas peligrosas, firmado en Ginebra el 30 de septiembre de 1957 y ratificado en Italia por ley el 12 de agosto de 1962 n. 1839. Este acuerdo contiene las disposiciones reglamentarias para el transporte de mercanc\u00edas peligrosas por carretera con respecto al embalaje, la sujeci\u00f3n de la carga y el marcado.<\/p>\n<h3>NORMAS DEL ACUERDO DE TRANSPORTE ADR<\/h3>\n<p>\u00bb Clasificaci\u00f3n de sustancias peligrosas con referencia al transporte por carretera<br \/>\n\u00bb Normas y pruebas que determinan la clasificaci\u00f3n como peligrosa de las sustancias individuales<br \/>\n\u00bb Condiciones para el envasado de mercanc\u00edas, caracter\u00edsticas de los embalajes y envases<br \/>\n\u00bb M\u00e9todos de construcci\u00f3n de veh\u00edculos y tanques<br \/>\n\u00bb Requisitos para los medios de transporte y el transporte, incluidos los documentos de viaje<br \/>\n\u00bb Exenciones del cumplimiento del Acuerdo[\/vc_column_text][vc_column_text]<\/p>\n<h3>\u00bfPOR QU\u00c9 ELEGIR EL SERVICIO DE TRANSPORTE ADR DE TRANS ISOLE?<\/h3>\n<p>[\/vc_column_text][vc_row_inner][vc_column_inner width=\u00bb1\/2&#8243;][vc_single_image image=\u00bb2345&#8243; img_size=\u00bbfull\u00bb alignment=\u00bbcenter\u00bb style=\u00bbvc_box_outline\u00bb][\/vc_column_inner][vc_column_inner width=\u00bb1\/2&#8243;][vc_column_text]Trans Isole hace transportes parciales y totales en regime de ADR (medios en adr y personal de viaje equipado con permiso de conducir ADR).<\/p>\n<p>La Compa\u00f1\u00eda est\u00e1 registrada regularmente en el Registro Nacional de Gestores Ambientales, con autorizaci\u00f3n No. NA\/000104 y, por lo tanto, puede transportar residuos (peligrosos y no peligrosos).[\/vc_column_text][\/vc_column_inner][\/vc_row_inner][vc_empty_space][vc_column_text]Puede ver nuestras autorizaciones, categor\u00edas y flota dedicada.<\/p>\n<p><a class=\"button icon_right size-sm\" href=\"http:\/\/www.albogestoririfiuti.it\/ElenchiIscritti.aspx#tipoRicerca=9&amp;idImpresa=39781\" target=\"_blank\" rel=\"noopener\">Vea nuestro perfil sobre Gerentes Ambientales<i class=\"stm-arrow-next\"><\/i><\/a>[\/vc_column_text][vc_empty_space][\/vc_column][vc_column width=\u00bb1\/3&#8243;][vc_widget_sidebar sidebar_id=\u00bbtranscargo-right-sidebar\u00bb][\/vc_column][\/vc_row][vc_row full_width=\u00bbstretch_row\u00bb el_class=\u00bbsecondary_bg_color\u00bb css=\u00bb.vc_custom_1447746818281{margin-bottom: 0px !important;}\u00bb][vc_column][vc_cta h2=\u00bbPara info sobre servicios de Transporte, Log\u00edstica y Distribuci\u00f3n:\u00bb shape=\u00bbsquare\u00bb add_button=\u00bbright\u00bb btn_title=\u00bbPedir un presupuesto\u00bb btn_style=\u00bboutline\u00bb btn_shape=\u00bbround\u00bb btn_color=\u00bbwhite\u00bb btn_i_align=\u00bbright\u00bb btn_i_icon_fontawesome=\u00bbstm-arrow-next\u00bb btn_add_icon=\u00bbtrue\u00bb el_class=\u00bbsecondary_bg_color\u00bb btn_link=\u00bburl:%2Fes%2F%3Fp%3D2545|||\u00bb][\/vc_cta][\/vc_column][\/vc_row]<\/p>\n<\/div>","protected":false},"excerpt":{"rendered":"<p>[vc_row][vc_column width=\u00bb2\/3&#8243;][vc_custom_heading text=\u00bbTransporte completo y parcial en sistema adr. Medios adr y conductores dados con patente. Nunca dejamos nada en el caso.\u00bb font_container=\u00bbtag:h3|text_align:left\u00bb google_fonts=\u00bbfont_family:Titillium%20Web%3A200%2C200italic%2C300%2C300italic%2Cregular%2Citalic%2C600%2C600italic%2C700%2C700italic%2C900|font_style:400%20regular%3A400%3Anormal\u00bb][vc_column_text] TRANSPORTE ADR, \u00bfDE QU\u00c9 HABLAMOS? ADR significa \u00abAccord Dangereuses&#8230;<\/p>\n","protected":false},"author":2,"featured_media":0,"parent":0,"menu_order":0,"comment_status":"closed","ping_status":"closed","template":"","meta":{"footnotes":""},"class_list":["post-2724","page","type-page","status-publish","hentry"],"yoast_head":"<!-- This site is optimized with the Yoast SEO plugin v25.6 - https:\/\/yoast.com\/wordpress\/plugins\/seo\/ -->\n<title>Trasporto rifiuti ADR e merci pericolose - Trans Isole<\/title>\n<meta name=\"description\" content=\"Trasporto rifiuti ADR si intende l&#039;insieme delle normative che regolano il trasporto delle merci pericolose. Come si inserisce Trans Isole in tale contesto?\" \/>\n<meta name=\"robots\" content=\"noindex, follow, max-snippet:-1, max-image-preview:large, max-video-preview:-1\" \/>\n<meta property=\"og:locale\" content=\"es_ES\" \/>\n<meta property=\"og:type\" content=\"article\" \/>\n<meta property=\"og:title\" content=\"Trasporto rifiuti ADR e merci pericolose - Trans Isole\" \/>\n<meta property=\"og:description\" content=\"Trasporto rifiuti ADR si intende l&#039;insieme delle normative che regolano il trasporto delle merci pericolose. Come si inserisce Trans Isole in tale contesto?\" \/>\n<meta property=\"og:url\" content=\"https:\/\/www.transisole.rivedemo.it\/trasporto-adr-merci-pericolose\" \/>\n<meta property=\"og:site_name\" content=\"Trans Isole\" \/>\n<meta property=\"article:publisher\" content=\"https:\/\/www.facebook.com\/transisole\" \/>\n<meta property=\"article:modified_time\" content=\"2019-11-11T09:44:08+00:00\" \/>\n<meta name=\"twitter:card\" content=\"summary_large_image\" \/>\n<meta name=\"twitter:label1\" content=\"Tiempo de lectura\" \/>\n\t<meta name=\"twitter:data1\" content=\"2 minutos\" \/>\n<script type=\"application\/ld+json\" class=\"yoast-schema-graph\">{\"@context\":\"https:\/\/schema.org\",\"@graph\":[{\"@type\":\"WebPage\",\"@id\":\"https:\/\/www.transisole.rivedemo.it\/trasporto-adr-merci-pericolose\",\"url\":\"https:\/\/www.transisole.rivedemo.it\/trasporto-adr-merci-pericolose\",\"name\":\"Trasporto rifiuti ADR e merci pericolose - Trans Isole\",\"isPartOf\":{\"@id\":\"https:\/\/www.transisole.rivedemo.it\/#website\"},\"datePublished\":\"2018-09-27T16:32:42+00:00\",\"dateModified\":\"2019-11-11T09:44:08+00:00\",\"description\":\"Trasporto rifiuti ADR si intende l'insieme delle normative che regolano il trasporto delle merci pericolose. Come si inserisce Trans Isole in tale contesto?\",\"breadcrumb\":{\"@id\":\"https:\/\/www.transisole.rivedemo.it\/trasporto-adr-merci-pericolose#breadcrumb\"},\"inLanguage\":\"es\",\"potentialAction\":[{\"@type\":\"ReadAction\",\"target\":[\"https:\/\/www.transisole.rivedemo.it\/trasporto-adr-merci-pericolose\"]}]},{\"@type\":\"BreadcrumbList\",\"@id\":\"https:\/\/www.transisole.rivedemo.it\/trasporto-adr-merci-pericolose#breadcrumb\",\"itemListElement\":[{\"@type\":\"ListItem\",\"position\":1,\"name\":\"Home\",\"item\":\"https:\/\/www.transisole.rivedemo.it\/\"},{\"@type\":\"ListItem\",\"position\":2,\"name\":\"Transporte de residuos ADR\"}]},{\"@type\":\"WebSite\",\"@id\":\"https:\/\/www.transisole.rivedemo.it\/#website\",\"url\":\"https:\/\/www.transisole.rivedemo.it\/\",\"name\":\"Trans Isole\",\"description\":\"Trasporto in Italia, Europa e isole, Deposito e Logistica\",\"potentialAction\":[{\"@type\":\"SearchAction\",\"target\":{\"@type\":\"EntryPoint\",\"urlTemplate\":\"https:\/\/www.transisole.rivedemo.it\/?s={search_term_string}\"},\"query-input\":{\"@type\":\"PropertyValueSpecification\",\"valueRequired\":true,\"valueName\":\"search_term_string\"}}],\"inLanguage\":\"es\"}]}<\/script>\n<!-- \/ Yoast SEO plugin. -->","yoast_head_json":{"title":"Trasporto rifiuti ADR e merci pericolose - Trans Isole","description":"Trasporto rifiuti ADR si intende l'insieme delle normative che regolano il trasporto delle merci pericolose. Come si inserisce Trans Isole in tale contesto?","robots":{"index":"noindex","follow":"follow","max-snippet":"max-snippet:-1","max-image-preview":"max-image-preview:large","max-video-preview":"max-video-preview:-1"},"og_locale":"es_ES","og_type":"article","og_title":"Trasporto rifiuti ADR e merci pericolose - Trans Isole","og_description":"Trasporto rifiuti ADR si intende l'insieme delle normative che regolano il trasporto delle merci pericolose. Come si inserisce Trans Isole in tale contesto?","og_url":"https:\/\/www.transisole.rivedemo.it\/trasporto-adr-merci-pericolose","og_site_name":"Trans Isole","article_publisher":"https:\/\/www.facebook.com\/transisole","article_modified_time":"2019-11-11T09:44:08+00:00","twitter_card":"summary_large_image","twitter_misc":{"Tiempo de lectura":"2 minutos"},"schema":{"@context":"https:\/\/schema.org","@graph":[{"@type":"WebPage","@id":"https:\/\/www.transisole.rivedemo.it\/trasporto-adr-merci-pericolose","url":"https:\/\/www.transisole.rivedemo.it\/trasporto-adr-merci-pericolose","name":"Trasporto rifiuti ADR e merci pericolose - Trans Isole","isPartOf":{"@id":"https:\/\/www.transisole.rivedemo.it\/#website"},"datePublished":"2018-09-27T16:32:42+00:00","dateModified":"2019-11-11T09:44:08+00:00","description":"Trasporto rifiuti ADR si intende l'insieme delle normative che regolano il trasporto delle merci pericolose. Come si inserisce Trans Isole in tale contesto?","breadcrumb":{"@id":"https:\/\/www.transisole.rivedemo.it\/trasporto-adr-merci-pericolose#breadcrumb"},"inLanguage":"es","potentialAction":[{"@type":"ReadAction","target":["https:\/\/www.transisole.rivedemo.it\/trasporto-adr-merci-pericolose"]}]},{"@type":"BreadcrumbList","@id":"https:\/\/www.transisole.rivedemo.it\/trasporto-adr-merci-pericolose#breadcrumb","itemListElement":[{"@type":"ListItem","position":1,"name":"Home","item":"https:\/\/www.transisole.rivedemo.it\/"},{"@type":"ListItem","position":2,"name":"Transporte de residuos ADR"}]},{"@type":"WebSite","@id":"https:\/\/www.transisole.rivedemo.it\/#website","url":"https:\/\/www.transisole.rivedemo.it\/","name":"Trans Isole","description":"Trasporto in Italia, Europa e isole, Deposito e Logistica","potentialAction":[{"@type":"SearchAction","target":{"@type":"EntryPoint","urlTemplate":"https:\/\/www.transisole.rivedemo.it\/?s={search_term_string}"},"query-input":{"@type":"PropertyValueSpecification","valueRequired":true,"valueName":"search_term_string"}}],"inLanguage":"es"}]}},"_links":{"self":[{"href":"https:\/\/www.transisole.rivedemo.it\/es\/wp-json\/wp\/v2\/pages\/2724","targetHints":{"allow":["GET"]}}],"collection":[{"href":"https:\/\/www.transisole.rivedemo.it\/es\/wp-json\/wp\/v2\/pages"}],"about":[{"href":"https:\/\/www.transisole.rivedemo.it\/es\/wp-json\/wp\/v2\/types\/page"}],"author":[{"embeddable":true,"href":"https:\/\/www.transisole.rivedemo.it\/es\/wp-json\/wp\/v2\/users\/2"}],"replies":[{"embeddable":true,"href":"https:\/\/www.transisole.rivedemo.it\/es\/wp-json\/wp\/v2\/comments?post=2724"}],"version-history":[{"count":4,"href":"https:\/\/www.transisole.rivedemo.it\/es\/wp-json\/wp\/v2\/pages\/2724\/revisions"}],"predecessor-version":[{"id":4149,"href":"https:\/\/www.transisole.rivedemo.it\/es\/wp-json\/wp\/v2\/pages\/2724\/revisions\/4149"}],"wp:attachment":[{"href":"https:\/\/www.transisole.rivedemo.it\/es\/wp-json\/wp\/v2\/media?parent=2724"}],"curies":[{"name":"wp","href":"https:\/\/api.w.org\/{rel}","templated":true}]}}