{"id":2722,"date":"2018-09-27T14:56:16","date_gmt":"2018-09-27T14:56:16","guid":{"rendered":"https:\/\/www.transisole.rivedemo.it\/trasporto-merce-food-beverage-medicinali\/"},"modified":"2019-11-11T09:48:01","modified_gmt":"2019-11-11T09:48:01","slug":"resumen-general","status":"publish","type":"page","link":"https:\/\/www.transisole.rivedemo.it\/es\/resumen-general","title":{"rendered":"Resumen general"},"content":{"rendered":"<div class=\"wpb-content-wrapper\"><p>[vc_row][vc_column width=\u00bb2\/3&#8243;][vc_custom_heading text=\u00bbMedios dedicados, recursos humanos especializados y un interlocutor \u00fanico que garantiza una alta flexibilidad y estand\u00e0r elevados<br \/>\n\u00bb font_container=\u00bbtag:h3|text_align:left\u00bb google_fonts=\u00bbfont_family:Titillium%20Web%3A200%2C200italic%2C300%2C300italic%2Cregular%2Citalic%2C600%2C600italic%2C700%2C700italic%2C900|font_style:400%20regular%3A400%3Anormal\u00bb][vc_row_inner][vc_column_inner width=\u00bb2\/3&#8243;]\n\t\t\t<!-- START Settori Merceologici REVOLUTION SLIDER 6.7.37 --><p class=\"rs-p-wp-fix\"><\/p>\n\t\t\t<rs-module-wrap id=\"rev_slider_4_1_wrapper\" data-source=\"gallery\" style=\"visibility:hidden;background:transparent;padding:0;margin:0px auto;margin-top:0;margin-bottom:0;\">\n\t\t\t\t<rs-module id=\"rev_slider_4_1\" style=\"\" data-version=\"6.7.37\">\n\t\t\t\t\t<rs-slides style=\"overflow: hidden; position: absolute;\">\n\t\t\t\t\t\t<rs-slide style=\"position: absolute;\" data-key=\"rs-16\" data-title=\"Slide\" data-thumb=\"\/\/www.transisole.rivedemo.it\/wp-content\/uploads\/2018\/10\/settore-food-beverage-100x50.jpg\" data-anim=\"adpr:false;\">\n\t\t\t\t\t\t\t<img decoding=\"async\" src=\"\/\/www.transisole.rivedemo.it\/wp-content\/plugins\/revslider\/sr6\/assets\/assets\/dummy.png\" alt=\"\" title=\"Resumen general\" class=\"rev-slidebg tp-rs-img rs-lazyload\" data-lazyload=\"\/\/www.transisole.rivedemo.it\/wp-content\/uploads\/2018\/10\/settore-food-beverage.jpg\" data-no-retina>\n<!---->\t\t\t\t\t<\/rs-slide>\n\t\t\t\t\t\t<rs-slide style=\"position: absolute;\" data-key=\"rs-15\" data-title=\"Slide\" data-thumb=\"\/\/www.transisole.rivedemo.it\/wp-content\/uploads\/2018\/10\/settore-medicinali-100x50.jpg\" data-anim=\"adpr:false;\">\n\t\t\t\t\t\t\t<img decoding=\"async\" src=\"\/\/www.transisole.rivedemo.it\/wp-content\/plugins\/revslider\/sr6\/assets\/assets\/dummy.png\" alt=\"\" title=\"Resumen general\" class=\"rev-slidebg tp-rs-img rs-lazyload\" data-lazyload=\"\/\/www.transisole.rivedemo.it\/wp-content\/uploads\/2018\/10\/settore-medicinali.jpg\" data-no-retina>\n<!---->\t\t\t\t\t<\/rs-slide>\n\t\t\t\t\t\t<rs-slide style=\"position: absolute;\" data-key=\"rs-17\" data-title=\"Slide\" data-thumb=\"\/\/www.transisole.rivedemo.it\/wp-content\/uploads\/2018\/10\/settore-elettronica-100x50.jpg\" data-anim=\"adpr:false;\">\n\t\t\t\t\t\t\t<img decoding=\"async\" src=\"\/\/www.transisole.rivedemo.it\/wp-content\/plugins\/revslider\/sr6\/assets\/assets\/dummy.png\" alt=\"\" title=\"Resumen general\" class=\"rev-slidebg tp-rs-img rs-lazyload\" data-lazyload=\"\/\/www.transisole.rivedemo.it\/wp-content\/uploads\/2018\/10\/settore-elettronica.jpg\" data-no-retina>\n<!---->\t\t\t\t\t<\/rs-slide>\n\t\t\t\t\t\t<rs-slide style=\"position: absolute;\" data-key=\"rs-21\" data-title=\"Slide\" data-thumb=\"\/\/www.transisole.rivedemo.it\/wp-content\/uploads\/2018\/10\/settore-arredamento-100x50.jpg\" data-anim=\"adpr:false;\">\n\t\t\t\t\t\t\t<img decoding=\"async\" src=\"\/\/www.transisole.rivedemo.it\/wp-content\/plugins\/revslider\/sr6\/assets\/assets\/dummy.png\" alt=\"\" title=\"Resumen general\" class=\"rev-slidebg tp-rs-img rs-lazyload\" data-lazyload=\"\/\/www.transisole.rivedemo.it\/wp-content\/uploads\/2018\/10\/settore-arredamento.jpg\" data-no-retina>\n<!---->\t\t\t\t\t<\/rs-slide>\n\t\t\t\t\t\t<rs-slide style=\"position: absolute;\" data-key=\"rs-22\" data-title=\"Slide\" data-thumb=\"\/\/www.transisole.rivedemo.it\/wp-content\/uploads\/2018\/10\/settore-automotive-1-100x50.jpg\" data-anim=\"adpr:false;\">\n\t\t\t\t\t\t\t<img decoding=\"async\" src=\"\/\/www.transisole.rivedemo.it\/wp-content\/plugins\/revslider\/sr6\/assets\/assets\/dummy.png\" alt=\"\" title=\"Resumen general\" class=\"rev-slidebg tp-rs-img rs-lazyload\" data-lazyload=\"\/\/www.transisole.rivedemo.it\/wp-content\/uploads\/2018\/10\/settore-automotive-1.jpg\" data-no-retina>\n<!---->\t\t\t\t\t<\/rs-slide>\n\t\t\t\t\t\t<rs-slide style=\"position: absolute;\" data-key=\"rs-12\" data-title=\"Slide\" data-thumb=\"\/\/www.transisole.rivedemo.it\/wp-content\/uploads\/2018\/10\/settore-fashion-100x50.jpg\" data-anim=\"adpr:false;\">\n\t\t\t\t\t\t\t<img decoding=\"async\" src=\"\/\/www.transisole.rivedemo.it\/wp-content\/plugins\/revslider\/sr6\/assets\/assets\/dummy.png\" alt=\"\" title=\"Resumen general\" class=\"rev-slidebg tp-rs-img rs-lazyload\" data-lazyload=\"\/\/www.transisole.rivedemo.it\/wp-content\/uploads\/2018\/10\/settore-fashion.jpg\" data-no-retina>\n<!---->\t\t\t\t\t<\/rs-slide>\n\t\t\t\t\t\t<rs-slide style=\"position: absolute;\" data-key=\"rs-19\" data-title=\"Slide\" data-thumb=\"\/\/www.transisole.rivedemo.it\/wp-content\/uploads\/2018\/10\/settore-edilizia-100x50.jpg\" data-anim=\"adpr:false;\">\n\t\t\t\t\t\t\t<img decoding=\"async\" src=\"\/\/www.transisole.rivedemo.it\/wp-content\/plugins\/revslider\/sr6\/assets\/assets\/dummy.png\" alt=\"\" title=\"Resumen general\" class=\"rev-slidebg tp-rs-img rs-lazyload\" data-lazyload=\"\/\/www.transisole.rivedemo.it\/wp-content\/uploads\/2018\/10\/settore-edilizia.jpg\" data-no-retina>\n<!---->\t\t\t\t\t<\/rs-slide>\n\t\t\t\t\t\t<rs-slide style=\"position: absolute;\" data-key=\"rs-20\" data-title=\"Slide\" data-thumb=\"\/\/www.transisole.rivedemo.it\/wp-content\/uploads\/2018\/10\/settore-cosmesi-100x50.jpg\" data-anim=\"adpr:false;\">\n\t\t\t\t\t\t\t<img decoding=\"async\" src=\"\/\/www.transisole.rivedemo.it\/wp-content\/plugins\/revslider\/sr6\/assets\/assets\/dummy.png\" alt=\"\" title=\"Resumen general\" class=\"rev-slidebg tp-rs-img rs-lazyload\" data-lazyload=\"\/\/www.transisole.rivedemo.it\/wp-content\/uploads\/2018\/10\/settore-cosmesi.jpg\" data-no-retina>\n<!---->\t\t\t\t\t<\/rs-slide>\n\t\t\t\t\t\t<rs-slide style=\"position: absolute;\" data-key=\"rs-18\" data-title=\"Slide\" data-thumb=\"\/\/www.transisole.rivedemo.it\/wp-content\/uploads\/2018\/10\/settore-editoria-100x50.jpg\" data-anim=\"adpr:false;\">\n\t\t\t\t\t\t\t<img decoding=\"async\" src=\"\/\/www.transisole.rivedemo.it\/wp-content\/plugins\/revslider\/sr6\/assets\/assets\/dummy.png\" alt=\"\" title=\"Resumen general\" class=\"rev-slidebg tp-rs-img rs-lazyload\" data-lazyload=\"\/\/www.transisole.rivedemo.it\/wp-content\/uploads\/2018\/10\/settore-editoria.jpg\" data-no-retina>\n<!---->\t\t\t\t\t<\/rs-slide>\n\t\t\t\t\t\t<rs-slide style=\"position: absolute;\" data-key=\"rs-13\" data-title=\"Slide\" data-thumb=\"\/\/www.transisole.rivedemo.it\/wp-content\/uploads\/2018\/10\/settore-rifiuti-adr-100x50.jpg\" data-anim=\"adpr:false;\">\n\t\t\t\t\t\t\t<img decoding=\"async\" src=\"\/\/www.transisole.rivedemo.it\/wp-content\/plugins\/revslider\/sr6\/assets\/assets\/dummy.png\" alt=\"\" title=\"Resumen general\" class=\"rev-slidebg tp-rs-img rs-lazyload\" data-lazyload=\"\/\/www.transisole.rivedemo.it\/wp-content\/uploads\/2018\/10\/settore-rifiuti-adr.jpg\" data-no-retina>\n<!---->\t\t\t\t\t<\/rs-slide>\n\t\t\t\t\t<\/rs-slides>\n\t\t\t\t<\/rs-module>\n\t\t\t\t<script>\n\t\t\t\t\tsetREVStartSize({c: 'rev_slider_4_1',rl:[1240,1024,778,480],el:[],gw:[630],gh:[576],type:'standard',justify:'',layout:'fullwidth',mh:\"0\"});if (window.RS_MODULES!==undefined && window.RS_MODULES.modules!==undefined && window.RS_MODULES.modules[\"revslider41\"]!==undefined) {window.RS_MODULES.modules[\"revslider41\"].once = false;window.revapi4 = undefined;if (window.RS_MODULES.checkMinimal!==undefined) window.RS_MODULES.checkMinimal()}\n\t\t\t\t<\/script>\n\t\t\t<\/rs-module-wrap>\n\t\t\t<!-- END REVOLUTION SLIDER -->\n[\/vc_column_inner][vc_column_inner width=\u00bb1\/3&#8243;][vc_column_text]Trans Isole transporta <strong>todos los tipos de productos desde y hacia los principales destinos italianos y europeos a diario<\/strong>.<\/p>\n<p>Puede transportar mercanc\u00edas sin ning\u00fan tipo de exclusi\u00f3n (con la excepci\u00f3n del qu\u00edmico): alimentaci\u00f3n en plataformas, desechos l\u00edquidos y sueltos, metal\u00fargicos, peligrosos y no peligrosos, transporte excepcional, chatarra, mercanc\u00edas ADR, cemento, PVC, anh\u00eddrido, a granel con volquete trasero y lado.[\/vc_column_text][\/vc_column_inner][\/vc_row_inner][vc_empty_space][vc_column_text]Puede solicitar informaci\u00f3n detallada sobre una o m\u00e1s categor\u00edas de transporte de su inter\u00e9s o bien obtener un presupuesto gratuito en muy poco tiempo.[\/vc_column_text][vc_column_text]<\/p>\n<div class=\"vacancy_table_wr\">\n<table class=\"vacancy_table\">\n<thead>\n<tr>\n<th class=\"header headerSortDown\" width=\"60%\">TIPO DE PRODUCTO<\/th>\n<th class=\"header\" width=\"40%\">COSTOS ESTIMADOS<\/th>\n<\/tr>\n<\/thead>\n<tbody>\n<tr>\n<td><b>Cargas industriales<\/b><\/td>\n<td style=\"text-align: center;\"><a class=\"button icon_right size-sm\" href=\"\/es\/?p=2545\">Pedir un presupuesto<i class=\"stm-arrow-next\"><\/i><\/a><\/td>\n<\/tr>\n<tr>\n<td><b>Masa<\/b><\/td>\n<td style=\"text-align: center;\"><a class=\"button icon_right size-sm\" href=\"\/es\/?p=2545\">Pedir un presupuesto<i class=\"stm-arrow-next\"><\/i><\/a><\/td>\n<\/tr>\n<tr>\n<td><b>Paletizada<\/b><\/td>\n<td style=\"text-align: center;\"><a class=\"button icon_right size-sm\" href=\"\/es\/?p=2545\">Pedir un presupuesto<i class=\"stm-arrow-next\"><\/i><\/a><\/td>\n<\/tr>\n<tr>\n<td><b>Productos alimenticios<\/b><\/td>\n<td style=\"text-align: center;\"><a class=\"button icon_right size-sm\" href=\"\/es\/?p=2545\">Pedir un presupuesto<i class=\"stm-arrow-next\"><\/i><\/a><\/td>\n<\/tr>\n<tr>\n<td><b>Bebidas<\/b><\/td>\n<td style=\"text-align: center;\"><a class=\"button icon_right size-sm\" href=\"\/es\/?p=2545\">Pedir un presupuesto<i class=\"stm-arrow-next\"><\/i><\/a><\/td>\n<\/tr>\n<tr>\n<td><b>Agua mineral<\/b><\/td>\n<td style=\"text-align: center;\"><a class=\"button icon_right size-sm\" href=\"\/es\/?p=2545\">Pedir un presupuesto<i class=\"stm-arrow-next\"><\/i><\/a><\/td>\n<\/tr>\n<tr>\n<td><b>Materiales de construcci\u00f3n<\/b><\/td>\n<td style=\"text-align: center;\"><a class=\"button icon_right size-sm\" href=\"\/es\/?p=2545\">Pedir un presupuesto<i class=\"stm-arrow-next\"><\/i><\/a><\/td>\n<\/tr>\n<tr>\n<td><b>Ladrillos<\/b><\/td>\n<td style=\"text-align: center;\"><a class=\"button icon_right size-sm\" href=\"\/es\/?p=2545\">Pedir un presupuesto<i class=\"stm-arrow-next\"><\/i><\/a><\/td>\n<\/tr>\n<tr>\n<td><b>Prefabricado<\/b><\/td>\n<td style=\"text-align: center;\"><a class=\"button icon_right size-sm\" href=\"\/es\/?p=2545\">Pedir un presupuesto<i class=\"stm-arrow-next\"><\/i><\/a><\/td>\n<\/tr>\n<tr>\n<td><b>Materiales ferrosos<\/b><\/td>\n<td style=\"text-align: center;\"><a class=\"button icon_right size-sm\" href=\"\/es\/?p=2545\">Pedir un presupuesto<i class=\"stm-arrow-next\"><\/i><\/a><\/td>\n<\/tr>\n<tr>\n<td><b>Bloques de m\u00e1rmol y\/o granito<\/b><\/td>\n<td style=\"text-align: center;\"><a class=\"button icon_right size-sm\" href=\"\/es\/?p=2545\">Pedir un presupuesto<i class=\"stm-arrow-next\"><\/i><\/a><\/td>\n<\/tr>\n<tr>\n<td><b>Tubos<\/b><\/td>\n<td style=\"text-align: center;\"><a class=\"button icon_right size-sm\" href=\"\/es\/?p=2545\">Pedir un presupuesto<i class=\"stm-arrow-next\"><\/i><\/a><\/td>\n<\/tr>\n<tr>\n<td><b>Materiales plasticos<\/b><\/td>\n<td style=\"text-align: center;\"><a class=\"button icon_right size-sm\" href=\"\/es\/?p=2545\">Pedir un presupuesto<i class=\"stm-arrow-next\"><\/i><\/a><\/td>\n<\/tr>\n<tr>\n<td><b>Computadora y alta tecnolog\u00eda<\/b><\/td>\n<td style=\"text-align: center;\"><a class=\"button icon_right size-sm\" href=\"\/es\/?p=2545\">Pedir un presupuesto<i class=\"stm-arrow-next\"><\/i><\/a><\/td>\n<\/tr>\n<tr>\n<td><b>Neum\u00e1ticos<\/b><\/td>\n<td style=\"text-align: center;\"><a class=\"button icon_right size-sm\" href=\"\/es\/?p=2545\">Pedir un presupuesto<i class=\"stm-arrow-next\"><\/i><\/a><\/td>\n<\/tr>\n<tr>\n<td><b>Chatarra<\/b><\/td>\n<td style=\"text-align: center;\"><a class=\"button icon_right size-sm\" href=\"\/es\/?p=2545\">Pedir un presupuesto<i class=\"stm-arrow-next\"><\/i><\/a><\/td>\n<\/tr>\n<tr>\n<td><b>Residuos<\/b><\/td>\n<td style=\"text-align: center;\"><a class=\"button icon_right size-sm\" href=\"\/es\/?p=2545\">Pedir un presupuesto<i class=\"stm-arrow-next\"><\/i><\/a><\/td>\n<\/tr>\n<tr>\n<td><b>Cereales<\/b><\/td>\n<td style=\"text-align: center;\"><a class=\"button icon_right size-sm\" href=\"\/es\/?p=2545\">Pedir un presupuesto<i class=\"stm-arrow-next\"><\/i><\/a><\/td>\n<\/tr>\n<tr>\n<td><b>Pienso<\/b><\/td>\n<td style=\"text-align: center;\"><a class=\"button icon_right size-sm\" href=\"\/es\/?p=2545\">Pedir un presupuesto<i class=\"stm-arrow-next\"><\/i><\/a><\/td>\n<\/tr>\n<tr>\n<td><b>Agregados<\/b><\/td>\n<td style=\"text-align: center;\"><a class=\"button icon_right size-sm\" href=\"\/es\/?p=2545\">Pedir un presupuesto<i class=\"stm-arrow-next\"><\/i><\/a><\/td>\n<\/tr>\n<tr>\n<td><b>Flores<\/b><\/td>\n<td style=\"text-align: center;\"><a class=\"button icon_right size-sm\" href=\"\/es\/?p=2545\">Pedir un presupuesto<i class=\"stm-arrow-next\"><\/i><\/a><\/td>\n<\/tr>\n<tr>\n<td><b>Productos refrigerados y congelados<\/b><\/td>\n<td style=\"text-align: center;\"><a class=\"button icon_right size-sm\" href=\"\/es\/?p=2545\">Pedir un presupuesto<i class=\"stm-arrow-next\"><\/i><\/a><\/td>\n<\/tr>\n<tr>\n<td><b>Medicamentos<\/b><\/td>\n<td style=\"text-align: center;\"><a class=\"button icon_right size-sm\" href=\"\/es\/?p=2545\">Pedir un presupuesto<i class=\"stm-arrow-next\"><\/i><\/a><\/td>\n<\/tr>\n<tr>\n<td><b>Alimentos congelados y congelados<\/b><\/td>\n<td style=\"text-align: center;\"><a class=\"button icon_right size-sm\" href=\"\/es\/?p=2545\/\">Pedir un presupuesto<i class=\"stm-arrow-next\"><\/i><\/a><\/td>\n<\/tr>\n<tr>\n<td><b>Productos de frutas y verduras<\/b><\/td>\n<td style=\"text-align: center;\"><a class=\"button icon_right size-sm\" href=\"\/es\/?p=2545\">Pedir un presupuesto<i class=\"stm-arrow-next\"><\/i><\/a><\/td>\n<\/tr>\n<tr>\n<td><b>Alimentos enlatados<\/b><\/td>\n<td style=\"text-align: center;\"><a class=\"button icon_right size-sm\" href=\"\/es\/?p=2545\">Pedir un presupuesto<i class=\"stm-arrow-next\"><\/i><\/a><\/td>\n<\/tr>\n<tr>\n<td><b>Comida fresca<\/b><\/td>\n<td style=\"text-align: center;\"><a class=\"button icon_right size-sm\" href=\"\/es\/?p=2545\">Pedir un presupuesto<i class=\"stm-arrow-next\"><\/i><\/a><\/td>\n<\/tr>\n<tr>\n<td><b>Leche<\/b><\/td>\n<td style=\"text-align: center;\"><a class=\"button icon_right size-sm\" href=\"\/es\/?p=2545\">Pedir un presupuesto<i class=\"stm-arrow-next\"><\/i><\/a><\/td>\n<\/tr>\n<\/tbody>\n<\/table>\n<\/div>\n<p>[\/vc_column_text][vc_empty_space][\/vc_column][vc_column width=\u00bb1\/3&#8243;][vc_widget_sidebar sidebar_id=\u00bbtranscargo-right-sidebar\u00bb][\/vc_column][\/vc_row][vc_row full_width=\u00bbstretch_row\u00bb el_class=\u00bbsecondary_bg_color\u00bb css=\u00bb.vc_custom_1447746818281{margin-bottom: 0px !important;}\u00bb][vc_column][vc_cta h2=\u00bb Transportamos cualquier mercanc\u00eda por carretera y por mar:\u00bb shape=\u00bbsquare\u00bb add_button=\u00bbright\u00bb btn_title=\u00bb Ver nuestra flota\u00bb btn_style=\u00bboutline\u00bb btn_shape=\u00bbround\u00bb btn_color=\u00bbwhite\u00bb btn_i_align=\u00bbright\u00bb btn_i_icon_fontawesome=\u00bbstm-arrow-next\u00bb btn_add_icon=\u00bbtrue\u00bb el_class=\u00bbsecondary_bg_color\u00bb btn_link=\u00bburl:%2Fes%2F%3Fp%3D2712|||\u00bb][\/vc_cta][\/vc_column][\/vc_row]<\/p>\n<\/div>","protected":false},"excerpt":{"rendered":"<p>[vc_row][vc_column width=\u00bb2\/3&#8243;][vc_custom_heading text=\u00bbMedios dedicados, recursos humanos especializados y un interlocutor \u00fanico que garantiza una alta flexibilidad y estand\u00e0r elevados \u00bb font_container=\u00bbtag:h3|text_align:left\u00bb google_fonts=\u00bbfont_family:Titillium%20Web%3A200%2C200italic%2C300%2C300italic%2Cregular%2Citalic%2C600%2C600italic%2C700%2C700italic%2C900|font_style:400%20regular%3A400%3Anormal\u00bb][vc_row_inner][vc_column_inner width=\u00bb2\/3&#8243;][\/vc_column_inner][vc_column_inner width=\u00bb1\/3&#8243;][vc_column_text]Trans Isole transporta todos los tipos de productos desde y&#8230;<\/p>\n","protected":false},"author":2,"featured_media":0,"parent":0,"menu_order":0,"comment_status":"closed","ping_status":"closed","template":"","meta":{"footnotes":""},"class_list":["post-2722","page","type-page","status-publish","hentry"],"yoast_head":"<!-- This site is optimized with the Yoast SEO plugin v25.6 - https:\/\/yoast.com\/wordpress\/plugins\/seo\/ -->\n<title>Trasporto merce panoramica generale - Trans Isole<\/title>\n<meta name=\"description\" content=\"Trasporto merce, food, beverage, medicinali, trasportiamo qualsiasi tipologia merceologica da e verso le principali destinazioni italiane ed europee.\" \/>\n<meta name=\"robots\" content=\"noindex, nofollow\" \/>\n<meta property=\"og:locale\" content=\"es_ES\" \/>\n<meta property=\"og:type\" content=\"article\" \/>\n<meta property=\"og:title\" content=\"Trasporto merce panoramica generale - Trans Isole\" \/>\n<meta property=\"og:description\" content=\"Trasporto merce, food, beverage, medicinali, trasportiamo qualsiasi tipologia merceologica da e verso le principali destinazioni italiane ed europee.\" \/>\n<meta property=\"og:url\" content=\"https:\/\/www.transisole.rivedemo.it\/trasporto-merce-food-beverage-medicinali\" \/>\n<meta property=\"og:site_name\" content=\"Trans Isole\" \/>\n<meta property=\"article:publisher\" content=\"https:\/\/www.facebook.com\/transisole\" \/>\n<meta property=\"article:modified_time\" content=\"2019-11-11T09:48:01+00:00\" \/>\n<meta name=\"twitter:card\" content=\"summary_large_image\" \/>\n<meta name=\"twitter:label1\" content=\"Tiempo de lectura\" \/>\n\t<meta name=\"twitter:data1\" content=\"2 minutos\" \/>\n<script type=\"application\/ld+json\" class=\"yoast-schema-graph\">{\"@context\":\"https:\/\/schema.org\",\"@graph\":[{\"@type\":\"WebPage\",\"@id\":\"https:\/\/www.transisole.rivedemo.it\/trasporto-merce-food-beverage-medicinali\",\"url\":\"https:\/\/www.transisole.rivedemo.it\/trasporto-merce-food-beverage-medicinali\",\"name\":\"Trasporto merce panoramica generale - Trans Isole\",\"isPartOf\":{\"@id\":\"https:\/\/www.transisole.rivedemo.it\/#website\"},\"datePublished\":\"2018-09-27T14:56:16+00:00\",\"dateModified\":\"2019-11-11T09:48:01+00:00\",\"description\":\"Trasporto merce, food, beverage, medicinali, trasportiamo qualsiasi tipologia merceologica da e verso le principali destinazioni italiane ed europee.\",\"breadcrumb\":{\"@id\":\"https:\/\/www.transisole.rivedemo.it\/trasporto-merce-food-beverage-medicinali#breadcrumb\"},\"inLanguage\":\"es\",\"potentialAction\":[{\"@type\":\"ReadAction\",\"target\":[\"https:\/\/www.transisole.rivedemo.it\/trasporto-merce-food-beverage-medicinali\"]}]},{\"@type\":\"BreadcrumbList\",\"@id\":\"https:\/\/www.transisole.rivedemo.it\/trasporto-merce-food-beverage-medicinali#breadcrumb\",\"itemListElement\":[{\"@type\":\"ListItem\",\"position\":1,\"name\":\"Home\",\"item\":\"https:\/\/www.transisole.rivedemo.it\/\"},{\"@type\":\"ListItem\",\"position\":2,\"name\":\"Resumen general\"}]},{\"@type\":\"WebSite\",\"@id\":\"https:\/\/www.transisole.rivedemo.it\/#website\",\"url\":\"https:\/\/www.transisole.rivedemo.it\/\",\"name\":\"Trans Isole\",\"description\":\"Trasporto in Italia, Europa e isole, Deposito e Logistica\",\"potentialAction\":[{\"@type\":\"SearchAction\",\"target\":{\"@type\":\"EntryPoint\",\"urlTemplate\":\"https:\/\/www.transisole.rivedemo.it\/?s={search_term_string}\"},\"query-input\":{\"@type\":\"PropertyValueSpecification\",\"valueRequired\":true,\"valueName\":\"search_term_string\"}}],\"inLanguage\":\"es\"}]}<\/script>\n<!-- \/ Yoast SEO plugin. -->","yoast_head_json":{"title":"Trasporto merce panoramica generale - Trans Isole","description":"Trasporto merce, food, beverage, medicinali, trasportiamo qualsiasi tipologia merceologica da e verso le principali destinazioni italiane ed europee.","robots":{"index":"noindex","follow":"nofollow"},"og_locale":"es_ES","og_type":"article","og_title":"Trasporto merce panoramica generale - Trans Isole","og_description":"Trasporto merce, food, beverage, medicinali, trasportiamo qualsiasi tipologia merceologica da e verso le principali destinazioni italiane ed europee.","og_url":"https:\/\/www.transisole.rivedemo.it\/trasporto-merce-food-beverage-medicinali","og_site_name":"Trans Isole","article_publisher":"https:\/\/www.facebook.com\/transisole","article_modified_time":"2019-11-11T09:48:01+00:00","twitter_card":"summary_large_image","twitter_misc":{"Tiempo de lectura":"2 minutos"},"schema":{"@context":"https:\/\/schema.org","@graph":[{"@type":"WebPage","@id":"https:\/\/www.transisole.rivedemo.it\/trasporto-merce-food-beverage-medicinali","url":"https:\/\/www.transisole.rivedemo.it\/trasporto-merce-food-beverage-medicinali","name":"Trasporto merce panoramica generale - Trans Isole","isPartOf":{"@id":"https:\/\/www.transisole.rivedemo.it\/#website"},"datePublished":"2018-09-27T14:56:16+00:00","dateModified":"2019-11-11T09:48:01+00:00","description":"Trasporto merce, food, beverage, medicinali, trasportiamo qualsiasi tipologia merceologica da e verso le principali destinazioni italiane ed europee.","breadcrumb":{"@id":"https:\/\/www.transisole.rivedemo.it\/trasporto-merce-food-beverage-medicinali#breadcrumb"},"inLanguage":"es","potentialAction":[{"@type":"ReadAction","target":["https:\/\/www.transisole.rivedemo.it\/trasporto-merce-food-beverage-medicinali"]}]},{"@type":"BreadcrumbList","@id":"https:\/\/www.transisole.rivedemo.it\/trasporto-merce-food-beverage-medicinali#breadcrumb","itemListElement":[{"@type":"ListItem","position":1,"name":"Home","item":"https:\/\/www.transisole.rivedemo.it\/"},{"@type":"ListItem","position":2,"name":"Resumen general"}]},{"@type":"WebSite","@id":"https:\/\/www.transisole.rivedemo.it\/#website","url":"https:\/\/www.transisole.rivedemo.it\/","name":"Trans Isole","description":"Trasporto in Italia, Europa e isole, Deposito e Logistica","potentialAction":[{"@type":"SearchAction","target":{"@type":"EntryPoint","urlTemplate":"https:\/\/www.transisole.rivedemo.it\/?s={search_term_string}"},"query-input":{"@type":"PropertyValueSpecification","valueRequired":true,"valueName":"search_term_string"}}],"inLanguage":"es"}]}},"_links":{"self":[{"href":"https:\/\/www.transisole.rivedemo.it\/es\/wp-json\/wp\/v2\/pages\/2722","targetHints":{"allow":["GET"]}}],"collection":[{"href":"https:\/\/www.transisole.rivedemo.it\/es\/wp-json\/wp\/v2\/pages"}],"about":[{"href":"https:\/\/www.transisole.rivedemo.it\/es\/wp-json\/wp\/v2\/types\/page"}],"author":[{"embeddable":true,"href":"https:\/\/www.transisole.rivedemo.it\/es\/wp-json\/wp\/v2\/users\/2"}],"replies":[{"embeddable":true,"href":"https:\/\/www.transisole.rivedemo.it\/es\/wp-json\/wp\/v2\/comments?post=2722"}],"version-history":[{"count":8,"href":"https:\/\/www.transisole.rivedemo.it\/es\/wp-json\/wp\/v2\/pages\/2722\/revisions"}],"predecessor-version":[{"id":4150,"href":"https:\/\/www.transisole.rivedemo.it\/es\/wp-json\/wp\/v2\/pages\/2722\/revisions\/4150"}],"wp:attachment":[{"href":"https:\/\/www.transisole.rivedemo.it\/es\/wp-json\/wp\/v2\/media?parent=2722"}],"curies":[{"name":"wp","href":"https:\/\/api.w.org\/{rel}","templated":true}]}}