{"id":2720,"date":"2018-10-01T15:18:21","date_gmt":"2018-10-01T15:18:21","guid":{"rendered":"https:\/\/www.transisole.rivedemo.it\/specialisti-logistica-sostenibile-green-vision\/"},"modified":"2019-10-28T08:53:02","modified_gmt":"2019-10-28T08:53:02","slug":"especialistas-en-logistica-sostenible-go-green","status":"publish","type":"page","link":"https:\/\/www.transisole.rivedemo.it\/es\/especialistas-en-logistica-sostenible-go-green","title":{"rendered":"Go Green"},"content":{"rendered":"<div class=\"wpb-content-wrapper\"><p>[vc_row][vc_column width=\u00bb2\/3&#8243;][vc_custom_heading text=\u00bbTRANS ISOLE GO GREEN.<br \/>\nEspecialistas en log\u00edstica sostenible.\u00bb font_container=\u00bbtag:h3|text_align:left|color:%2373b741&#8243; google_fonts=\u00bbfont_family:Titillium%20Web%3A200%2C200italic%2C300%2C300italic%2Cregular%2Citalic%2C600%2C600italic%2C700%2C700italic%2C900|font_style:400%20regular%3A400%3Anormal\u00bb][vc_row_inner][vc_column_inner width=\u00bb1\/3&#8243;][vc_single_image image=\u00bb4025&#8243; alignment=\u00bbcenter\u00bb][vc_column_text]<\/p>\n<p style=\"text-align: center;\"><strong>Transporte por autoveh\u00edculos de clase Euro 6 o LNG.<\/strong><\/p>\n<p>[\/vc_column_text][\/vc_column_inner][vc_column_inner width=\u00bb1\/3&#8243;][vc_single_image image=\u00bb4028&#8243; alignment=\u00bbcenter\u00bb][vc_column_text]<\/p>\n<p style=\"text-align: center;\"><strong>Servicios intermodales para la reducci\u00f3n de emisiones de CO2.<\/strong><\/p>\n<p>[\/vc_column_text][\/vc_column_inner][vc_column_inner width=\u00bb1\/3&#8243;][vc_single_image image=\u00bb4031&#8243; alignment=\u00bbcenter\u00bb][vc_column_text]<\/p>\n<p style=\"text-align: center;\"><strong>Instalaciones log\u00edsticas sostenibles gracias a fuentes de energ\u00eda alternativas.<\/strong><\/p>\n<p>[\/vc_column_text][\/vc_column_inner][\/vc_row_inner][vc_empty_space][vc_single_image image=\u00bb2034&#8243; img_size=\u00bbfull\u00bb][vc_column_text]Trans Isole se renueva constantemente para satisfacer las necesidades cambiantes del mercado.<br \/>\nLa sostenibilidad de la log\u00edstica, en el contexto de la intermodalidad, tiene hoy, en un momento particular, una importancia cada vez m\u00e1s fundamental.<\/p>\n<p>El concepto de \u00ablog\u00edstica sostenible\u00bb incluye una serie de tecnolog\u00edas, procedimientos y actividades que tienen como objetivo reducir el impacto ambiental de los diversos eslabones de la cadena log\u00edstica, sin penalizar la calidad del servicio y la rentabilidad econ\u00f3mica. En este sentido, Trans Isole, que ya surge de una idea de servicio transversal centrado en la b\u00fasqueda de rutas alternativas a trav\u00e9s del transporte intermodal que garanticen la continuidad de los flujos y el movimiento de mercanc\u00edas con el m\u00e1ximo respeto por la sostenibilidad ambiental, pero tambi\u00e9n con atenci\u00f3n a reducci\u00f3n de costos: est\u00e1 convirtiendo su l\u00f3gica de operaci\u00f3n del tipo de transporte en contenedores al \u00abarrastre\u00bb.<br \/>\nDe hecho, el uso de contenedores tradicionales es lento y poco flexible y, por esta raz\u00f3n, Trans Isole est\u00e1 cada vez m\u00e1s orientado hacia los remolques. Las mercanc\u00edas, sea cual sea su tipo, son transportadas por barco, ya no dentro de contenedores sino en semirremolques, lo que garantiza costos y contenido m\u00e1s seguros, mayor seguridad para el producto transportado y flexibilidad en las operaciones de carga y descarga.<\/p>\n<p>Orgullosos de los resultados alcanzados hasta la fecha, Trans Isole se proyecta hacia el futuro con miras a la mejora continua a trav\u00e9s de inversiones en calidad. Calidad que tambi\u00e9n significa un sentido de responsabilidad hacia el territorio y el medio ambiente.[\/vc_column_text][vc_row_inner][vc_column_inner width=\u00bb1\/2&#8243;][vc_single_image image=\u00bb2159&#8243; img_size=\u00bbfull\u00bb alignment=\u00bbcenter\u00bb][vc_column_text]<\/p>\n<p style=\"text-align: center;\"><strong>Transporte con veh\u00edculos de clase Euro 6 o GNL.<\/strong><\/p>\n<p>[\/vc_column_text][\/vc_column_inner][vc_column_inner width=\u00bb1\/2&#8243;][vc_single_image image=\u00bb2162&#8243; img_size=\u00bbfull\u00bb alignment=\u00bbcenter\u00bb][vc_column_text]<\/p>\n<p style=\"text-align: center;\"><strong>Paneles solares que cubren los principales dep\u00f3sitos.<\/strong><\/p>\n<p>[\/vc_column_text][\/vc_column_inner][\/vc_row_inner][vc_empty_space][vc_column_text]Se sabe que los servicios de transporte por carretera contribuyen a comprometer la calidad del medio ambiente. Precisamente por este motivo, adem\u00e1s de los objetivos de crecimiento y desarrollo de la empresa, cada vez que los gerentes de Trans Isole toman decisiones de inversi\u00f3n, intentan alcanzar el objetivo de un bajo impacto en el medio ambiente y sus recursos. Por lo tanto, la Compa\u00f1\u00eda mantiene su flota y sus equipos constantemente actualizados a nivel t\u00e9cnico, para minimizar las emisiones nocivas y el nivel de contaminaci\u00f3n ac\u00fastica, y favorece la elecci\u00f3n de un tipo de transporte mar\u00edtimo intermodal en comparaci\u00f3n con el exclusivo sobre caucho para reducir las emisiones de CO2 en el medio ambiente.<\/p>\n<p>En esta perspectiva, Trans Isole, adem\u00e1s de las certificaciones para los sistemas de gesti\u00f3n de calidad, gesti\u00f3n ambiental y sistemas de salud y seguridad ocupacional que ya posee, ha recibido el premio \u00abExcelente empresa\u00bb del Observatorio de PYME en Borsa italiano. Este es un resultado logrado en el an\u00e1lisis de los \u00faltimos 4 a\u00f1os, que premia a las empresas que pueden lograr sistem\u00e1ticamente mejores resultados que su sector en t\u00e9rminos de crecimiento, rentabilidad y solidez financiera, y de comprender e investigar estrategias y pr\u00e1cticas gerenciales.[\/vc_column_text][vc_empty_space][vc_custom_heading text=\u00bbSistema de purificaci\u00f3n, recuperaci\u00f3n y reutilizaci\u00f3n con plantas y lavado \u00bb font_container=\u00bbtag:h4|text_align:left|color:%2373b741&#8243; google_fonts=\u00bbfont_family:Titillium%20Web%3A200%2C200italic%2C300%2C300italic%2Cregular%2Citalic%2C600%2C600italic%2C700%2C700italic%2C900|font_style:400%20regular%3A400%3Anormal\u00bb][vc_row_inner][vc_column_inner width=\u00bb1\/2&#8243;][vc_single_image image=\u00bb3291&#8243; img_size=\u00bbfull\u00bb alignment=\u00bbcenter\u00bb][vc_column_text]<\/p>\n<p style=\"text-align: center;\"><strong>La importancia de la recuperaci\u00f2n del agua<\/strong><\/p>\n<p>[\/vc_column_text][\/vc_column_inner][vc_column_inner width=\u00bb1\/2&#8243;][vc_single_image image=\u00bb3294&#8243; img_size=\u00bbfull\u00bb alignment=\u00bbcenter\u00bb][vc_column_text]<\/p>\n<p style=\"text-align: center;\"><strong>Sistema de tratamiento de decantaci\u00f3n -biol\u00f3gico &#8211; filtraci\u00f3n<\/strong><\/p>\n<p>[\/vc_column_text][\/vc_column_inner][\/vc_row_inner][vc_empty_space][vc_column_text]Trans Isole valora altamente la recuperaci\u00f3n del agua, un recurso que es cada vez m\u00e1s escaso en nuestro territorio, integrando un sistema para recuperar y reutilizar los recursos h\u00eddricos.<br \/>\nEl sistema de reutilizaci\u00f3n del agua ha sido cuidadosamente planificado y dise\u00f1ado en relaci\u00f3n con la empresa y la actividad de lavado, a fin de tener un grado de elasticidad acorde con las solicitudes, incluso el agua inmediata. Este sistema se basa en un proceso de decantaci\u00f3n, purificaci\u00f3n con un sistema de lodos activados y filtraci\u00f3n, destinado al tratamiento de aguas residuales industriales, m\u00e1s espec\u00edficamente para la purificaci\u00f3n de aguas residuales con baja carga org\u00e1nica (como las derivadas de los lavados de autos).[\/vc_column_text][vc_column_text]<a class=\"button icon_right size-sm\" href=\"\/areadownload\/sistema-di-depurazione-transisole.pdf\" target=\"_blank\" rel=\"noopener\">Vee el pdf detallado<i class=\"stm-arrow-next\"><\/i><\/a>[\/vc_column_text][vc_empty_space][\/vc_column][vc_column width=\u00bb1\/3&#8243;][vc_widget_sidebar sidebar_id=\u00bbtranscargo-right-sidebar\u00bb][\/vc_column][\/vc_row][vc_row full_width=\u00bbstretch_row\u00bb el_class=\u00bbsecondary_bg_color\u00bb css=\u00bb.vc_custom_1447746818281{margin-bottom: 0px !important;}\u00bb][vc_column][vc_cta h2=\u00bbPara info sobre servicios de Transporte, Log\u00edstica y Distribuci\u00f3n:\u00bb shape=\u00bbsquare\u00bb add_button=\u00bbright\u00bb btn_title=\u00bbPredir un presupuesto\u00bb btn_style=\u00bboutline\u00bb btn_shape=\u00bbround\u00bb btn_color=\u00bbwhite\u00bb btn_i_align=\u00bbright\u00bb btn_i_icon_fontawesome=\u00bbstm-arrow-next\u00bb btn_add_icon=\u00bbtrue\u00bb el_class=\u00bbsecondary_bg_color\u00bb btn_link=\u00bburl:https%3A%2F%2Fwww.transisole.rivedemo.it%2Fes%2Fsoluciones-de-transportes-a-medida%2F|||\u00bb][\/vc_cta][\/vc_column][\/vc_row]<\/p>\n<\/div>","protected":false},"excerpt":{"rendered":"<p>[vc_row][vc_column width=\u00bb2\/3&#8243;][vc_custom_heading text=\u00bbTRANS ISOLE GO GREEN. Especialistas en log\u00edstica sostenible.\u00bb font_container=\u00bbtag:h3|text_align:left|color:%2373b741&#8243; google_fonts=\u00bbfont_family:Titillium%20Web%3A200%2C200italic%2C300%2C300italic%2Cregular%2Citalic%2C600%2C600italic%2C700%2C700italic%2C900|font_style:400%20regular%3A400%3Anormal\u00bb][vc_row_inner][vc_column_inner width=\u00bb1\/3&#8243;][vc_single_image image=\u00bb4025&#8243; alignment=\u00bbcenter\u00bb][vc_column_text] Transporte por autoveh\u00edculos de clase Euro 6 o LNG. [\/vc_column_text][\/vc_column_inner][vc_column_inner width=\u00bb1\/3&#8243;][vc_single_image image=\u00bb4028&#8243; alignment=\u00bbcenter\u00bb][vc_column_text] Servicios intermodales para la reducci\u00f3n&#8230;<\/p>\n","protected":false},"author":2,"featured_media":0,"parent":0,"menu_order":0,"comment_status":"closed","ping_status":"closed","template":"","meta":{"footnotes":""},"class_list":["post-2720","page","type-page","status-publish","hentry"],"yoast_head":"<!-- This site is optimized with the Yoast SEO plugin v25.6 - https:\/\/yoast.com\/wordpress\/plugins\/seo\/ -->\n<title>Go Green - Trans Isole<\/title>\n<meta name=\"robots\" content=\"noindex, follow, max-snippet:-1, max-image-preview:large, max-video-preview:-1\" \/>\n<meta property=\"og:locale\" content=\"es_ES\" \/>\n<meta property=\"og:type\" content=\"article\" \/>\n<meta property=\"og:title\" content=\"Go Green - Trans Isole\" \/>\n<meta property=\"og:description\" content=\"[vc_row][vc_column width=\u00bb2\/3&#8243;][vc_custom_heading text=\u00bbTRANS ISOLE GO GREEN. Especialistas en log\u00edstica sostenible.\u00bb font_container=\u00bbtag:h3|text_align:left|color:%2373b741&#8243; google_fonts=\u00bbfont_family:Titillium%20Web%3A200%2C200italic%2C300%2C300italic%2Cregular%2Citalic%2C600%2C600italic%2C700%2C700italic%2C900|font_style:400%20regular%3A400%3Anormal\u00bb][vc_row_inner][vc_column_inner width=\u00bb1\/3&#8243;][vc_single_image image=\u00bb4025&#8243; alignment=\u00bbcenter\u00bb][vc_column_text] Transporte por autoveh\u00edculos de clase Euro 6 o LNG. [\/vc_column_text][\/vc_column_inner][vc_column_inner width=\u00bb1\/3&#8243;][vc_single_image image=\u00bb4028&#8243; alignment=\u00bbcenter\u00bb][vc_column_text] Servicios intermodales para la reducci\u00f3n...\" \/>\n<meta property=\"og:url\" content=\"https:\/\/www.transisole.rivedemo.it\/specialisti-logistica-sostenibile-green-vision\" \/>\n<meta property=\"og:site_name\" content=\"Trans Isole\" \/>\n<meta property=\"article:publisher\" content=\"https:\/\/www.facebook.com\/transisole\" \/>\n<meta property=\"article:modified_time\" content=\"2019-10-28T08:53:02+00:00\" \/>\n<meta name=\"twitter:card\" content=\"summary_large_image\" \/>\n<meta name=\"twitter:label1\" content=\"Tiempo de lectura\" \/>\n\t<meta name=\"twitter:data1\" content=\"6 minutos\" \/>\n<script type=\"application\/ld+json\" class=\"yoast-schema-graph\">{\"@context\":\"https:\/\/schema.org\",\"@graph\":[{\"@type\":\"WebPage\",\"@id\":\"https:\/\/www.transisole.rivedemo.it\/specialisti-logistica-sostenibile-green-vision\",\"url\":\"https:\/\/www.transisole.rivedemo.it\/specialisti-logistica-sostenibile-green-vision\",\"name\":\"Go Green - Trans Isole\",\"isPartOf\":{\"@id\":\"https:\/\/www.transisole.rivedemo.it\/#website\"},\"datePublished\":\"2018-10-01T15:18:21+00:00\",\"dateModified\":\"2019-10-28T08:53:02+00:00\",\"breadcrumb\":{\"@id\":\"https:\/\/www.transisole.rivedemo.it\/specialisti-logistica-sostenibile-green-vision#breadcrumb\"},\"inLanguage\":\"es\",\"potentialAction\":[{\"@type\":\"ReadAction\",\"target\":[\"https:\/\/www.transisole.rivedemo.it\/specialisti-logistica-sostenibile-green-vision\"]}]},{\"@type\":\"BreadcrumbList\",\"@id\":\"https:\/\/www.transisole.rivedemo.it\/specialisti-logistica-sostenibile-green-vision#breadcrumb\",\"itemListElement\":[{\"@type\":\"ListItem\",\"position\":1,\"name\":\"Home\",\"item\":\"https:\/\/www.transisole.rivedemo.it\/\"},{\"@type\":\"ListItem\",\"position\":2,\"name\":\"Go Green\"}]},{\"@type\":\"WebSite\",\"@id\":\"https:\/\/www.transisole.rivedemo.it\/#website\",\"url\":\"https:\/\/www.transisole.rivedemo.it\/\",\"name\":\"Trans Isole\",\"description\":\"Trasporto in Italia, Europa e isole, Deposito e Logistica\",\"potentialAction\":[{\"@type\":\"SearchAction\",\"target\":{\"@type\":\"EntryPoint\",\"urlTemplate\":\"https:\/\/www.transisole.rivedemo.it\/?s={search_term_string}\"},\"query-input\":{\"@type\":\"PropertyValueSpecification\",\"valueRequired\":true,\"valueName\":\"search_term_string\"}}],\"inLanguage\":\"es\"}]}<\/script>\n<!-- \/ Yoast SEO plugin. -->","yoast_head_json":{"title":"Go Green - Trans Isole","robots":{"index":"noindex","follow":"follow","max-snippet":"max-snippet:-1","max-image-preview":"max-image-preview:large","max-video-preview":"max-video-preview:-1"},"og_locale":"es_ES","og_type":"article","og_title":"Go Green - Trans Isole","og_description":"[vc_row][vc_column width=\u00bb2\/3&#8243;][vc_custom_heading text=\u00bbTRANS ISOLE GO GREEN. Especialistas en log\u00edstica sostenible.\u00bb font_container=\u00bbtag:h3|text_align:left|color:%2373b741&#8243; google_fonts=\u00bbfont_family:Titillium%20Web%3A200%2C200italic%2C300%2C300italic%2Cregular%2Citalic%2C600%2C600italic%2C700%2C700italic%2C900|font_style:400%20regular%3A400%3Anormal\u00bb][vc_row_inner][vc_column_inner width=\u00bb1\/3&#8243;][vc_single_image image=\u00bb4025&#8243; alignment=\u00bbcenter\u00bb][vc_column_text] Transporte por autoveh\u00edculos de clase Euro 6 o LNG. [\/vc_column_text][\/vc_column_inner][vc_column_inner width=\u00bb1\/3&#8243;][vc_single_image image=\u00bb4028&#8243; alignment=\u00bbcenter\u00bb][vc_column_text] Servicios intermodales para la reducci\u00f3n...","og_url":"https:\/\/www.transisole.rivedemo.it\/specialisti-logistica-sostenibile-green-vision","og_site_name":"Trans Isole","article_publisher":"https:\/\/www.facebook.com\/transisole","article_modified_time":"2019-10-28T08:53:02+00:00","twitter_card":"summary_large_image","twitter_misc":{"Tiempo de lectura":"6 minutos"},"schema":{"@context":"https:\/\/schema.org","@graph":[{"@type":"WebPage","@id":"https:\/\/www.transisole.rivedemo.it\/specialisti-logistica-sostenibile-green-vision","url":"https:\/\/www.transisole.rivedemo.it\/specialisti-logistica-sostenibile-green-vision","name":"Go Green - Trans Isole","isPartOf":{"@id":"https:\/\/www.transisole.rivedemo.it\/#website"},"datePublished":"2018-10-01T15:18:21+00:00","dateModified":"2019-10-28T08:53:02+00:00","breadcrumb":{"@id":"https:\/\/www.transisole.rivedemo.it\/specialisti-logistica-sostenibile-green-vision#breadcrumb"},"inLanguage":"es","potentialAction":[{"@type":"ReadAction","target":["https:\/\/www.transisole.rivedemo.it\/specialisti-logistica-sostenibile-green-vision"]}]},{"@type":"BreadcrumbList","@id":"https:\/\/www.transisole.rivedemo.it\/specialisti-logistica-sostenibile-green-vision#breadcrumb","itemListElement":[{"@type":"ListItem","position":1,"name":"Home","item":"https:\/\/www.transisole.rivedemo.it\/"},{"@type":"ListItem","position":2,"name":"Go Green"}]},{"@type":"WebSite","@id":"https:\/\/www.transisole.rivedemo.it\/#website","url":"https:\/\/www.transisole.rivedemo.it\/","name":"Trans Isole","description":"Trasporto in Italia, Europa e isole, Deposito e Logistica","potentialAction":[{"@type":"SearchAction","target":{"@type":"EntryPoint","urlTemplate":"https:\/\/www.transisole.rivedemo.it\/?s={search_term_string}"},"query-input":{"@type":"PropertyValueSpecification","valueRequired":true,"valueName":"search_term_string"}}],"inLanguage":"es"}]}},"_links":{"self":[{"href":"https:\/\/www.transisole.rivedemo.it\/es\/wp-json\/wp\/v2\/pages\/2720","targetHints":{"allow":["GET"]}}],"collection":[{"href":"https:\/\/www.transisole.rivedemo.it\/es\/wp-json\/wp\/v2\/pages"}],"about":[{"href":"https:\/\/www.transisole.rivedemo.it\/es\/wp-json\/wp\/v2\/types\/page"}],"author":[{"embeddable":true,"href":"https:\/\/www.transisole.rivedemo.it\/es\/wp-json\/wp\/v2\/users\/2"}],"replies":[{"embeddable":true,"href":"https:\/\/www.transisole.rivedemo.it\/es\/wp-json\/wp\/v2\/comments?post=2720"}],"version-history":[{"count":7,"href":"https:\/\/www.transisole.rivedemo.it\/es\/wp-json\/wp\/v2\/pages\/2720\/revisions"}],"predecessor-version":[{"id":4034,"href":"https:\/\/www.transisole.rivedemo.it\/es\/wp-json\/wp\/v2\/pages\/2720\/revisions\/4034"}],"wp:attachment":[{"href":"https:\/\/www.transisole.rivedemo.it\/es\/wp-json\/wp\/v2\/media?parent=2720"}],"curies":[{"name":"wp","href":"https:\/\/api.w.org\/{rel}","templated":true}]}}