{"id":2718,"date":"2018-09-27T16:33:12","date_gmt":"2018-09-27T16:33:12","guid":{"rendered":"https:\/\/www.transisole.rivedemo.it\/logistica-depoito-custodia-merci-sicilia\/"},"modified":"2019-10-11T10:17:23","modified_gmt":"2019-10-11T10:17:23","slug":"logistica-servicio-transporte-sicilia","status":"publish","type":"page","link":"https:\/\/www.transisole.rivedemo.it\/es\/logistica-servicio-transporte-sicilia","title":{"rendered":"Log\u00edstica Sicilia"},"content":{"rendered":"<div class=\"wpb-content-wrapper\"><p>[vc_row][vc_column offset=\u00bbvc_hidden-sm vc_hidden-xs\u00bb][vc_column_text css=\u00bb.vc_custom_1570703997999{margin-bottom: 60px !important;}\u00bb]<\/p>\n<h2>Log\u00edstica Sicilia<\/h2>\n<p>[\/vc_column_text][vc_column_text css=\u00bb.vc_custom_1570704113907{margin-bottom: 60px !important;}\u00bb]<\/p>\n<h3>Un servicio adem\u00e1s del servicio de el transporte<\/h3>\n<p>Trans Isole ofrece el servicio de log\u00edstica y almacenamiento para terceros en sus almacenes en Italia, estrictamente asegurados y protegidos por sistemas de vigilancia.[\/vc_column_text][vc_row_inner css=\u00bb.vc_custom_1449205358710{margin-bottom: 0px !important;}\u00bb][vc_column_inner width=\u00bb1\/2&#8243; css=\u00bb.vc_custom_1449205271760{margin-bottom: 30px !important;}\u00bb][vc_single_image image=\u00bb2281&#8243; img_size=\u00bbfull\u00bb alignment=\u00bbcenter\u00bb style=\u00bbvc_box_outline\u00bb][\/vc_column_inner][vc_column_inner width=\u00bb1\/2&#8243; css=\u00bb.vc_custom_1449205275416{margin-bottom: 30px !important;}\u00bb][vc_column_text css=\u00bb.vc_custom_1570704162183{margin-bottom: 60px !important;}\u00bb]<\/p>\n<h3>Log\u00edstica, la extensi\u00f3n natural de los servicios de transporte<\/h3>\n<p>Las estructuras est\u00e1n equipadas con elevadores con horquillas y pinzas para manipular diferentes tipos de mercanc\u00edas (paletas, carretes de papel de peri\u00f3dico y embalaje, tambores, tubos, b\u00e1sculas, tanques, etc.).<\/p>\n<p>La gesti\u00f3n f\u00edsica y contable del dep\u00f3sito se realiza con precisi\u00f3n escrupulosa y asegura a los Clientes una custodia y manejo cuidadoso de las mercanc\u00edas.[\/vc_column_text][\/vc_column_inner][\/vc_row_inner][vc_empty_space][vc_column_text css=\u00bb.vc_custom_1570704205002{margin-bottom: 60px !important;}\u00bb]<\/p>\n<h3>Grande o peque\u00f1o, hay espacio para todos<\/h3>\n<p>Actualmente, los depositantes son tanto grandes empresas que necesitan un espacio considerable para el almacenamiento de sus bienes y peque\u00f1as empresas locales como, al externalizar el dep\u00f3sito, pueden reducir los costos relacionados con el alquiler, la supervisi\u00f3n, el personal, los seguros y otros costos vivos.[\/vc_column_text][vc_row_inner css=\u00bb.vc_custom_1449205358710{margin-bottom: 0px !important;}\u00bb][vc_column_inner width=\u00bb1\/2&#8243; css=\u00bb.vc_custom_1449205271760{margin-bottom: 30px !important;}\u00bb][vc_column_text css=\u00bb.vc_custom_1570703907651{border-top-width: 1px !important;border-right-width: 1px !important;border-bottom-width: 1px !important;border-left-width: 1px !important;padding-top: 40px !important;padding-right: 30px !important;padding-bottom: 40px !important;padding-left: 30px !important;border-left-color: #e6e6e6 !important;border-left-style: solid !important;border-right-color: #e6e6e6 !important;border-right-style: solid !important;border-top-color: #e6e6e6 !important;border-top-style: solid !important;border-bottom-color: #e6e6e6 !important;border-bottom-style: solid !important;}\u00bb]<\/p>\n<h4>CATANIA<\/h4>\n<p>La estructura de Catania se extende sobre un \u00e1rea cubierta de 3.000 metros cuadrados y una plataforma de 10.000 metros cuadrados y es el punto de apoyo para el manejo de mercanc\u00edas con la parte oriental de la isla.<\/p>\n<p><a class=\"button icon_right size-sm\" href=\"\/es\/?p=2545\">Pedir un presupuesto<i class=\"stm-arrow-next\"><\/i><\/a>[\/vc_column_text][\/vc_column_inner][vc_column_inner width=\u00bb1\/2&#8243; css=\u00bb.vc_custom_1449205275416{margin-bottom: 30px !important;}\u00bb][vc_column_text css=\u00bb.vc_custom_1570703919975{border-top-width: 1px !important;border-right-width: 1px !important;border-bottom-width: 1px !important;border-left-width: 1px !important;padding-top: 40px !important;padding-right: 30px !important;padding-bottom: 40px !important;padding-left: 30px !important;border-left-color: #e6e6e6 !important;border-left-style: solid !important;border-right-color: #e6e6e6 !important;border-right-style: solid !important;border-top-color: #e6e6e6 !important;border-top-style: solid !important;border-bottom-color: #e6e6e6 !important;border-bottom-style: solid !important;}\u00bb]<\/p>\n<h4>PALERMO<\/h4>\n<p>La estructura de Palermo se extende sobre un cuadrado de 5,000 metros cuadrados y es el punto de apoyo para el manejo de mercanc\u00edas con la parte occidental de la isla.<\/p>\n<p><a class=\"button icon_right size-sm\" href=\"\/es\/?p=2545\">Pedir un presupuesto<i class=\"stm-arrow-next\"><\/i><\/a>[\/vc_column_text][\/vc_column_inner][\/vc_row_inner][\/vc_column][\/vc_row][vc_row full_width=\u00bbstretch_row\u00bb el_class=\u00bbsecondary_bg_color\u00bb css=\u00bb.vc_custom_1447746818281{margin-bottom: 0px !important;}\u00bb][vc_column][vc_cta h2=\u00bb Transportamos cualquier mercanc\u00eda por carretera y por mar:\u00bb shape=\u00bbsquare\u00bb add_button=\u00bbright\u00bb btn_title=\u00bb Ver nuestra flota\u00bb btn_style=\u00bboutline\u00bb btn_shape=\u00bbround\u00bb btn_color=\u00bbwhite\u00bb btn_i_align=\u00bbright\u00bb btn_i_icon_fontawesome=\u00bbstm-arrow-next\u00bb btn_add_icon=\u00bbtrue\u00bb el_class=\u00bbsecondary_bg_color\u00bb btn_link=\u00bburl:%2Fes%2F%3Fp%3D2712|||\u00bb][\/vc_cta][\/vc_column][\/vc_row]<\/p>\n<\/div>","protected":false},"excerpt":{"rendered":"<p>[vc_row][vc_column offset=\u00bbvc_hidden-sm vc_hidden-xs\u00bb][vc_column_text css=\u00bb.vc_custom_1570703997999{margin-bottom: 60px !important;}\u00bb] Log\u00edstica Sicilia [\/vc_column_text][vc_column_text css=\u00bb.vc_custom_1570704113907{margin-bottom: 60px !important;}\u00bb] Un servicio adem\u00e1s del servicio de el transporte Trans Isole ofrece el servicio de log\u00edstica y almacenamiento para terceros en sus&#8230;<\/p>\n","protected":false},"author":2,"featured_media":0,"parent":0,"menu_order":0,"comment_status":"closed","ping_status":"closed","template":"","meta":{"footnotes":""},"class_list":["post-2718","page","type-page","status-publish","hentry"],"yoast_head":"<!-- This site is optimized with the Yoast SEO plugin v25.6 - https:\/\/yoast.com\/wordpress\/plugins\/seo\/ -->\n<title>Logistica Sicilia, deposito e custodia merci - Trans Isole<\/title>\n<meta name=\"description\" content=\"Logistica Sicilia, deposito e custodia merci, in conto terzi nei propri magazzini in Sicilia,rigorosamente assicurati e protetti da sistemi di sorveglianza.\" \/>\n<meta name=\"robots\" content=\"noindex, follow, max-snippet:-1, max-image-preview:large, max-video-preview:-1\" \/>\n<meta property=\"og:locale\" content=\"es_ES\" \/>\n<meta property=\"og:type\" content=\"article\" \/>\n<meta property=\"og:title\" content=\"Logistica Sicilia, deposito e custodia merci - Trans Isole\" \/>\n<meta property=\"og:description\" content=\"Logistica Sicilia, deposito e custodia merci, in conto terzi nei propri magazzini in Sicilia,rigorosamente assicurati e protetti da sistemi di sorveglianza.\" \/>\n<meta property=\"og:url\" content=\"https:\/\/www.transisole.rivedemo.it\/logistica-depoito-custodia-merci-sicilia\" \/>\n<meta property=\"og:site_name\" content=\"Trans Isole\" \/>\n<meta property=\"article:publisher\" content=\"https:\/\/www.facebook.com\/transisole\" \/>\n<meta property=\"article:modified_time\" content=\"2019-10-11T10:17:23+00:00\" \/>\n<meta name=\"twitter:card\" content=\"summary_large_image\" \/>\n<meta name=\"twitter:label1\" content=\"Tiempo de lectura\" \/>\n\t<meta name=\"twitter:data1\" content=\"3 minutos\" \/>\n<script type=\"application\/ld+json\" class=\"yoast-schema-graph\">{\"@context\":\"https:\/\/schema.org\",\"@graph\":[{\"@type\":\"WebPage\",\"@id\":\"https:\/\/www.transisole.rivedemo.it\/logistica-depoito-custodia-merci-sicilia\",\"url\":\"https:\/\/www.transisole.rivedemo.it\/logistica-depoito-custodia-merci-sicilia\",\"name\":\"Logistica Sicilia, deposito e custodia merci - Trans Isole\",\"isPartOf\":{\"@id\":\"https:\/\/www.transisole.rivedemo.it\/#website\"},\"datePublished\":\"2018-09-27T16:33:12+00:00\",\"dateModified\":\"2019-10-11T10:17:23+00:00\",\"description\":\"Logistica Sicilia, deposito e custodia merci, in conto terzi nei propri magazzini in Sicilia,rigorosamente assicurati e protetti da sistemi di sorveglianza.\",\"breadcrumb\":{\"@id\":\"https:\/\/www.transisole.rivedemo.it\/logistica-depoito-custodia-merci-sicilia#breadcrumb\"},\"inLanguage\":\"es\",\"potentialAction\":[{\"@type\":\"ReadAction\",\"target\":[\"https:\/\/www.transisole.rivedemo.it\/logistica-depoito-custodia-merci-sicilia\"]}]},{\"@type\":\"BreadcrumbList\",\"@id\":\"https:\/\/www.transisole.rivedemo.it\/logistica-depoito-custodia-merci-sicilia#breadcrumb\",\"itemListElement\":[{\"@type\":\"ListItem\",\"position\":1,\"name\":\"Home\",\"item\":\"https:\/\/www.transisole.rivedemo.it\/\"},{\"@type\":\"ListItem\",\"position\":2,\"name\":\"Log\u00edstica Sicilia\"}]},{\"@type\":\"WebSite\",\"@id\":\"https:\/\/www.transisole.rivedemo.it\/#website\",\"url\":\"https:\/\/www.transisole.rivedemo.it\/\",\"name\":\"Trans Isole\",\"description\":\"Trasporto in Italia, Europa e isole, Deposito e Logistica\",\"potentialAction\":[{\"@type\":\"SearchAction\",\"target\":{\"@type\":\"EntryPoint\",\"urlTemplate\":\"https:\/\/www.transisole.rivedemo.it\/?s={search_term_string}\"},\"query-input\":{\"@type\":\"PropertyValueSpecification\",\"valueRequired\":true,\"valueName\":\"search_term_string\"}}],\"inLanguage\":\"es\"}]}<\/script>\n<!-- \/ Yoast SEO plugin. -->","yoast_head_json":{"title":"Logistica Sicilia, deposito e custodia merci - Trans Isole","description":"Logistica Sicilia, deposito e custodia merci, in conto terzi nei propri magazzini in Sicilia,rigorosamente assicurati e protetti da sistemi di sorveglianza.","robots":{"index":"noindex","follow":"follow","max-snippet":"max-snippet:-1","max-image-preview":"max-image-preview:large","max-video-preview":"max-video-preview:-1"},"og_locale":"es_ES","og_type":"article","og_title":"Logistica Sicilia, deposito e custodia merci - Trans Isole","og_description":"Logistica Sicilia, deposito e custodia merci, in conto terzi nei propri magazzini in Sicilia,rigorosamente assicurati e protetti da sistemi di sorveglianza.","og_url":"https:\/\/www.transisole.rivedemo.it\/logistica-depoito-custodia-merci-sicilia","og_site_name":"Trans Isole","article_publisher":"https:\/\/www.facebook.com\/transisole","article_modified_time":"2019-10-11T10:17:23+00:00","twitter_card":"summary_large_image","twitter_misc":{"Tiempo de lectura":"3 minutos"},"schema":{"@context":"https:\/\/schema.org","@graph":[{"@type":"WebPage","@id":"https:\/\/www.transisole.rivedemo.it\/logistica-depoito-custodia-merci-sicilia","url":"https:\/\/www.transisole.rivedemo.it\/logistica-depoito-custodia-merci-sicilia","name":"Logistica Sicilia, deposito e custodia merci - Trans Isole","isPartOf":{"@id":"https:\/\/www.transisole.rivedemo.it\/#website"},"datePublished":"2018-09-27T16:33:12+00:00","dateModified":"2019-10-11T10:17:23+00:00","description":"Logistica Sicilia, deposito e custodia merci, in conto terzi nei propri magazzini in Sicilia,rigorosamente assicurati e protetti da sistemi di sorveglianza.","breadcrumb":{"@id":"https:\/\/www.transisole.rivedemo.it\/logistica-depoito-custodia-merci-sicilia#breadcrumb"},"inLanguage":"es","potentialAction":[{"@type":"ReadAction","target":["https:\/\/www.transisole.rivedemo.it\/logistica-depoito-custodia-merci-sicilia"]}]},{"@type":"BreadcrumbList","@id":"https:\/\/www.transisole.rivedemo.it\/logistica-depoito-custodia-merci-sicilia#breadcrumb","itemListElement":[{"@type":"ListItem","position":1,"name":"Home","item":"https:\/\/www.transisole.rivedemo.it\/"},{"@type":"ListItem","position":2,"name":"Log\u00edstica Sicilia"}]},{"@type":"WebSite","@id":"https:\/\/www.transisole.rivedemo.it\/#website","url":"https:\/\/www.transisole.rivedemo.it\/","name":"Trans Isole","description":"Trasporto in Italia, Europa e isole, Deposito e Logistica","potentialAction":[{"@type":"SearchAction","target":{"@type":"EntryPoint","urlTemplate":"https:\/\/www.transisole.rivedemo.it\/?s={search_term_string}"},"query-input":{"@type":"PropertyValueSpecification","valueRequired":true,"valueName":"search_term_string"}}],"inLanguage":"es"}]}},"_links":{"self":[{"href":"https:\/\/www.transisole.rivedemo.it\/es\/wp-json\/wp\/v2\/pages\/2718","targetHints":{"allow":["GET"]}}],"collection":[{"href":"https:\/\/www.transisole.rivedemo.it\/es\/wp-json\/wp\/v2\/pages"}],"about":[{"href":"https:\/\/www.transisole.rivedemo.it\/es\/wp-json\/wp\/v2\/types\/page"}],"author":[{"embeddable":true,"href":"https:\/\/www.transisole.rivedemo.it\/es\/wp-json\/wp\/v2\/users\/2"}],"replies":[{"embeddable":true,"href":"https:\/\/www.transisole.rivedemo.it\/es\/wp-json\/wp\/v2\/comments?post=2718"}],"version-history":[{"count":8,"href":"https:\/\/www.transisole.rivedemo.it\/es\/wp-json\/wp\/v2\/pages\/2718\/revisions"}],"predecessor-version":[{"id":3934,"href":"https:\/\/www.transisole.rivedemo.it\/es\/wp-json\/wp\/v2\/pages\/2718\/revisions\/3934"}],"wp:attachment":[{"href":"https:\/\/www.transisole.rivedemo.it\/es\/wp-json\/wp\/v2\/media?parent=2718"}],"curies":[{"name":"wp","href":"https:\/\/api.w.org\/{rel}","templated":true}]}}