{"id":2714,"date":"2018-09-27T16:36:10","date_gmt":"2018-09-27T16:36:10","guid":{"rendered":"https:\/\/www.transisole.rivedemo.it\/logistica-deposito-custodia-merci-italia\/"},"modified":"2023-04-20T14:06:49","modified_gmt":"2023-04-20T14:06:49","slug":"logistica-servicio-transporte-italia","status":"publish","type":"page","link":"https:\/\/www.transisole.rivedemo.it\/es\/logistica-servicio-transporte-italia","title":{"rendered":"Log\u00edstica Italia"},"content":{"rendered":"<div class=\"wpb-content-wrapper\"><p>[vc_row][vc_column][vc_column_text css=\u00bb.vc_custom_1570704081593{margin-bottom: 60px !important;}\u00bb]<\/p>\n<h2>Log\u00edstica Italia<\/h2>\n<p>[\/vc_column_text][vc_column_text css=\u00bb.vc_custom_1570704096715{margin-bottom: 60px !important;}\u00bb]<\/p>\n<h3>Un servicio adem\u00e1s del servicio de el transporte<\/h3>\n<p>Trans Isole ofrece el servicio de log\u00edstica y almacenamiento para terceros en sus almacenes en Italia, estrictamente asegurados y protegidos por sistemas de vigilancia.[\/vc_column_text][vc_row_inner][vc_column_inner width=\u00bb1\/2&#8243;][vc_single_image image=\u00bb2273&#8243; img_size=\u00bbfull\u00bb alignment=\u00bbcenter\u00bb style=\u00bbvc_box_outline\u00bb][\/vc_column_inner][vc_column_inner width=\u00bb1\/2&#8243;][vc_column_text css=\u00bb.vc_custom_1570704188707{margin-bottom: 60px !important;}\u00bb]<\/p>\n<h3>Log\u00edstica, la extensi\u00f3n natural de los servicios de transporte<\/h3>\n<p>Las estructuras est\u00e1n equipadas con elevadores con horquillas y pinzas para manipular diferentes tipos de mercanc\u00edas (paletas, carretes de papel de peri\u00f3dico y embalaje, tambores, tubos, b\u00e1sculas, tanques, etc.).<\/p>\n<p>La gesti\u00f3n f\u00edsica y contable del dep\u00f3sito se realiza con precisi\u00f3n escrupulosa y asegura a los Clientes una custodia y manejo cuidadoso de las mercanc\u00edas.[\/vc_column_text][\/vc_column_inner][\/vc_row_inner][vc_empty_space][vc_column_text css=\u00bb.vc_custom_1570704195398{margin-bottom: 60px !important;}\u00bb]<\/p>\n<h3>Grande o peque\u00f1o, hay espacio para todos<\/h3>\n<p>Actualmente, los depositantes son tanto grandes empresas que necesitan un espacio considerable para el almacenamiento de sus bienes y peque\u00f1as empresas locales como, al externalizar el dep\u00f3sito, pueden reducir los costos relacionados con el alquiler, la supervisi\u00f3n, el personal, los seguros y otros costos vivos.[\/vc_column_text][vc_row_inner css=\u00bb.vc_custom_1449205358710{margin-bottom: 0px !important;}\u00bb][vc_column_inner width=\u00bb1\/2&#8243; css=\u00bb.vc_custom_1449205271760{margin-bottom: 30px !important;}\u00bb][vc_column_text css=\u00bb.vc_custom_1681999606780{border-top-width: 1px !important;border-right-width: 1px !important;border-bottom-width: 1px !important;border-left-width: 1px !important;padding-top: 40px !important;padding-right: 30px !important;padding-bottom: 40px !important;padding-left: 30px !important;border-left-color: #e6e6e6 !important;border-left-style: solid !important;border-right-color: #e6e6e6 !important;border-right-style: solid !important;border-top-color: #e6e6e6 !important;border-top-style: solid !important;border-bottom-color: #e6e6e6 !important;border-bottom-style: solid !important;}\u00bb]<\/p>\n<h4>ANGRI (SA)<\/h4>\n<p id=\"tw-target-text\" class=\"tw-data-text tw-text-large tw-ta\" dir=\"ltr\" data-placeholder=\"Traduzione\"><span class=\"Y2IQFc\" lang=\"es\">En la zona industrial de Angri, a pocos kil\u00f3metros de las autopistas, las estaciones de tren, el interpuerto de Nola y los puertos de Salerno y N\u00e1poles, Trans Isole dispone de un gran almac\u00e9n de 20.000 metros cuadrados cubiertos y un patio de 25.000 en Angri, en la calle Willow; adem\u00e1s, todav\u00eda tiene una plaza de 15.000 metros cuadrados en Angri y un almac\u00e9n de 6.000 metros cuadrados en Via Tora.<\/span><\/p>\n<p>Los almacenes y dep\u00f3sitos est\u00e1n totalmente cubiertos por paneles fotovoltaicos para la producci\u00f3n aut\u00f3noma y limpia de energ\u00eda.<\/p>\n<p><a class=\"button icon_right size-sm\" href=\"\/es\/?p=2545\">Pedir un presupuesto<i class=\"stm-arrow-next\"><\/i><\/a>[\/vc_column_text][\/vc_column_inner][vc_column_inner width=\u00bb1\/2&#8243; css=\u00bb.vc_custom_1449205275416{margin-bottom: 30px !important;}\u00bb][vc_column_text css=\u00bb.vc_custom_1681916440947{border-top-width: 1px !important;border-right-width: 1px !important;border-bottom-width: 1px !important;border-left-width: 1px !important;padding-top: 40px !important;padding-right: 30px !important;padding-bottom: 40px !important;padding-left: 30px !important;border-left-color: #e6e6e6 !important;border-left-style: solid !important;border-right-color: #e6e6e6 !important;border-right-style: solid !important;border-top-color: #e6e6e6 !important;border-top-style: solid !important;border-bottom-color: #e6e6e6 !important;border-bottom-style: solid !important;}\u00bb]<\/p>\n<h4>LIVORNO<\/h4>\n<p id=\"tw-target-text\" class=\"tw-data-text tw-text-large tw-ta\" dir=\"ltr\" data-placeholder=\"Traduzione\"><span class=\"Y2IQFc\" lang=\"es\">La estructura de Livorno consta de un almac\u00e9n de 3.000 metros cuadrados y se extiende sobre un \u00e1rea de servicio de 8.000 metros cuadrados y constituye el punto de apoyo para el movimiento de mercanc\u00edas con la parte norte de la pen\u00ednsula.<\/span><\/p>\n<p><a class=\"button icon_right size-sm\" href=\"\/es\/?p=2545\">Pedir un presupuesto<i class=\"stm-arrow-next\"><\/i><\/a>[\/vc_column_text][\/vc_column_inner][\/vc_row_inner][vc_row_inner css=\u00bb.vc_custom_1449205358710{margin-bottom: 0px !important;}\u00bb][vc_column_inner width=\u00bb1\/2&#8243; css=\u00bb.vc_custom_1449205271760{margin-bottom: 30px !important;}\u00bb][vc_column_text css=\u00bb.vc_custom_1681916470083{border-top-width: 1px !important;border-right-width: 1px !important;border-bottom-width: 1px !important;border-left-width: 1px !important;padding-top: 40px !important;padding-right: 30px !important;padding-bottom: 40px !important;padding-left: 30px !important;border-left-color: #e6e6e6 !important;border-left-style: solid !important;border-right-color: #e6e6e6 !important;border-right-style: solid !important;border-top-color: #e6e6e6 !important;border-top-style: solid !important;border-bottom-color: #e6e6e6 !important;border-bottom-style: solid !important;}\u00bb]<\/p>\n<h4>GENOVA<\/h4>\n<p id=\"tw-target-text\" class=\"tw-data-text tw-text-large tw-ta\" dir=\"ltr\" data-placeholder=\"Traduzione\"><span class=\"Y2IQFc\" lang=\"es\">El espacio log\u00edstico de G\u00e9nova consta de un almac\u00e9n de 3.000 metros cuadrados y una gran \u00e1rea de servicio de 12.000 metros cuadrados.<\/span><\/p>\n<p><a class=\"button icon_right size-sm\" href=\"\/es\/?p=2545\">Pedir un presupuesto<i class=\"stm-arrow-next\"><\/i><\/a>[\/vc_column_text][\/vc_column_inner][vc_column_inner width=\u00bb1\/2&#8243; css=\u00bb.vc_custom_1449205275416{margin-bottom: 30px !important;}\u00bb][vc_column_text css=\u00bb.vc_custom_1681916553321{border-top-width: 1px !important;border-right-width: 1px !important;border-bottom-width: 1px !important;border-left-width: 1px !important;padding-top: 40px !important;padding-right: 30px !important;padding-bottom: 40px !important;padding-left: 30px !important;border-left-color: #e6e6e6 !important;border-left-style: solid !important;border-right-color: #e6e6e6 !important;border-right-style: solid !important;border-top-color: #e6e6e6 !important;border-top-style: solid !important;border-bottom-color: #e6e6e6 !important;border-bottom-style: solid !important;}\u00bb]<\/p>\n<h4>BARI<\/h4>\n<p id=\"tw-target-text\" class=\"tw-data-text tw-text-large tw-ta\" dir=\"ltr\" data-placeholder=\"Traduzione\"><span class=\"Y2IQFc\" lang=\"es\">El espacio log\u00edstico de Bari consta de una gran \u00e1rea de servicios de 20.000 metros cuadrados.<\/span><\/p>\n<p><a class=\"button icon_right size-sm\" href=\"\/es\/?p=2545\">Pedir un presupuesto<i class=\"stm-arrow-next\"><\/i><\/a>[\/vc_column_text][\/vc_column_inner][\/vc_row_inner][vc_row_inner css=\u00bb.vc_custom_1449205358710{margin-bottom: 0px !important;}\u00bb][vc_column_inner width=\u00bb1\/2&#8243; css=\u00bb.vc_custom_1449205271760{margin-bottom: 30px !important;}\u00bb][vc_column_text css=\u00bb.vc_custom_1681916589289{border-top-width: 1px !important;border-right-width: 1px !important;border-bottom-width: 1px !important;border-left-width: 1px !important;padding-top: 40px !important;padding-right: 30px !important;padding-bottom: 40px !important;padding-left: 30px !important;border-left-color: #e6e6e6 !important;border-left-style: solid !important;border-right-color: #e6e6e6 !important;border-right-style: solid !important;border-top-color: #e6e6e6 !important;border-top-style: solid !important;border-bottom-color: #e6e6e6 !important;border-bottom-style: solid !important;}\u00bb]<\/p>\n<h4>BRINDISI<\/h4>\n<p id=\"tw-target-text\" class=\"tw-data-text tw-text-large tw-ta\" dir=\"ltr\" data-placeholder=\"Traduzione\"><span class=\"Y2IQFc\" lang=\"es\">El espacio log\u00edstico de Brindisi consta de un almac\u00e9n cubierto de 9.000 metros cuadrados y una gran \u00e1rea de servicios de 20.000 metros cuadrados.<\/span><\/p>\n<p><a class=\"button icon_right size-sm\" href=\"\/es\/?p=2545\">Pedir un presupuesto<i class=\"stm-arrow-next\"><\/i><\/a>[\/vc_column_text][\/vc_column_inner][vc_column_inner width=\u00bb1\/2&#8243; css=\u00bb.vc_custom_1449205275416{margin-bottom: 30px !important;}\u00bb][vc_column_text css=\u00bb.vc_custom_1681916636594{border-top-width: 1px !important;border-right-width: 1px !important;border-bottom-width: 1px !important;border-left-width: 1px !important;padding-top: 40px !important;padding-right: 30px !important;padding-bottom: 40px !important;padding-left: 30px !important;border-left-color: #e6e6e6 !important;border-left-style: solid !important;border-right-color: #e6e6e6 !important;border-right-style: solid !important;border-top-color: #e6e6e6 !important;border-top-style: solid !important;border-bottom-color: #e6e6e6 !important;border-bottom-style: solid !important;}\u00bb]<\/p>\n<h4>ORBASSANO (TO)<\/h4>\n<p id=\"tw-target-text\" class=\"tw-data-text tw-text-large tw-ta\" dir=\"ltr\" data-placeholder=\"Traduzione\"><span class=\"Y2IQFc\" lang=\"es\">El espacio log\u00edstico de Orbassano consta de una gran \u00e1rea de servicios de 8.000 metros cuadrados.<\/span><\/p>\n<p><a class=\"button icon_right size-sm\" href=\"\/es\/?p=2545\">Pedir un presupuesto<i class=\"stm-arrow-next\"><\/i><\/a>[\/vc_column_text][\/vc_column_inner][\/vc_row_inner][vc_row_inner css=\u00bb.vc_custom_1449205358710{margin-bottom: 0px !important;}\u00bb][vc_column_inner width=\u00bb1\/2&#8243; css=\u00bb.vc_custom_1449205271760{margin-bottom: 30px !important;}\u00bb][vc_column_text css=\u00bb.vc_custom_1681920108890{border-top-width: 1px !important;border-right-width: 1px !important;border-bottom-width: 1px !important;border-left-width: 1px !important;padding-top: 40px !important;padding-right: 30px !important;padding-bottom: 40px !important;padding-left: 30px !important;border-left-color: #e6e6e6 !important;border-left-style: solid !important;border-right-color: #e6e6e6 !important;border-right-style: solid !important;border-top-color: #e6e6e6 !important;border-top-style: solid !important;border-bottom-color: #e6e6e6 !important;border-bottom-style: solid !important;}\u00bb]<\/p>\n<h4>SANT&#8217;ANTONIO ABATE (NA)<\/h4>\n<p id=\"tw-target-text\" class=\"tw-data-text tw-text-large tw-ta\" dir=\"ltr\" data-placeholder=\"Traduzione\"><span class=\"Y2IQFc\" lang=\"es\">El espacio log\u00edstico de Sant&#8217;Antonio Abate consta de una gran plaza de 55.000 metros cuadrados.<\/span><\/p>\n<p><a class=\"button icon_right size-sm\" href=\"\/es\/?p=2545\">Pedir un presupuesto<i class=\"stm-arrow-next\"><\/i><\/a>[\/vc_column_text][\/vc_column_inner][vc_column_inner width=\u00bb1\/2&#8243; css=\u00bb.vc_custom_1449205275416{margin-bottom: 30px !important;}\u00bb][vc_column_text css=\u00bb.vc_custom_1681916731683{border-top-width: 1px !important;border-right-width: 1px !important;border-bottom-width: 1px !important;border-left-width: 1px !important;padding-top: 40px !important;padding-right: 30px !important;padding-bottom: 40px !important;padding-left: 30px !important;border-left-color: #e6e6e6 !important;border-left-style: solid !important;border-right-color: #e6e6e6 !important;border-right-style: solid !important;border-top-color: #e6e6e6 !important;border-top-style: solid !important;border-bottom-color: #e6e6e6 !important;border-bottom-style: solid !important;}\u00bb]<\/p>\n<h4>RAVENNA<\/h4>\n<p id=\"tw-target-text\" class=\"tw-data-text tw-text-large tw-ta\" dir=\"ltr\" data-placeholder=\"Traduzione\"><span class=\"Y2IQFc\" lang=\"es\">El espacio log\u00edstico de R\u00e1vena consta de una gran \u00e1rea de servicio de 3.000 metros cuadrados.<\/span><\/p>\n<p><a class=\"button icon_right size-sm\" href=\"\/es\/?p=2545\">Pedir un presupuesto<i class=\"stm-arrow-next\"><\/i><\/a>[\/vc_column_text][\/vc_column_inner][\/vc_row_inner][vc_row_inner css=\u00bb.vc_custom_1449205358710{margin-bottom: 0px !important;}\u00bb][vc_column_inner width=\u00bb1\/2&#8243; css=\u00bb.vc_custom_1449205271760{margin-bottom: 30px !important;}\u00bb][vc_column_text css=\u00bb.vc_custom_1681916791090{border-top-width: 1px !important;border-right-width: 1px !important;border-bottom-width: 1px !important;border-left-width: 1px !important;padding-top: 40px !important;padding-right: 30px !important;padding-bottom: 40px !important;padding-left: 30px !important;border-left-color: #e6e6e6 !important;border-left-style: solid !important;border-right-color: #e6e6e6 !important;border-right-style: solid !important;border-top-color: #e6e6e6 !important;border-top-style: solid !important;border-bottom-color: #e6e6e6 !important;border-bottom-style: solid !important;}\u00bb]<\/p>\n<h4>FUSINA (VE)<\/h4>\n<p id=\"tw-target-text\" class=\"tw-data-text tw-text-large tw-ta\" dir=\"ltr\" data-placeholder=\"Traduzione\"><span class=\"Y2IQFc\" lang=\"es\">El espacio log\u00edstico de Fusina consta de una gran \u00e1rea de servicios de 3.000 metros cuadrados.<\/span><\/p>\n<p><a class=\"button icon_right size-sm\" href=\"\/es\/?p=2545\">Pedir un presupuesto<i class=\"stm-arrow-next\"><\/i><\/a>[\/vc_column_text][\/vc_column_inner][vc_column_inner width=\u00bb1\/2&#8243; css=\u00bb.vc_custom_1449205275416{margin-bottom: 30px !important;}\u00bb][vc_column_text css=\u00bb.vc_custom_1681920103046{border-top-width: 1px !important;border-right-width: 1px !important;border-bottom-width: 1px !important;border-left-width: 1px !important;padding-top: 40px !important;padding-right: 30px !important;padding-bottom: 40px !important;padding-left: 30px !important;border-left-color: #e6e6e6 !important;border-left-style: solid !important;border-right-color: #e6e6e6 !important;border-right-style: solid !important;border-top-color: #e6e6e6 !important;border-top-style: solid !important;border-bottom-color: #e6e6e6 !important;border-bottom-style: solid !important;}\u00bb]<\/p>\n<h4>CIVITAVECCHIA (RM)<\/h4>\n<p id=\"tw-target-text\" class=\"tw-data-text tw-text-large tw-ta\" dir=\"ltr\" data-placeholder=\"Traduzione\"><span class=\"Y2IQFc\" lang=\"es\">El espacio log\u00edstico de Civitavecchia consta de una gran \u00e1rea de servicios de 3.000 metros cuadrados.<\/span><\/p>\n<p><a class=\"button icon_right size-sm\" href=\"\/es\/?p=2545\">Pedir un presupuesto<i class=\"stm-arrow-next\"><\/i><\/a>[\/vc_column_text][\/vc_column_inner][\/vc_row_inner][vc_row_inner css=\u00bb.vc_custom_1449205358710{margin-bottom: 0px !important;}\u00bb][vc_column_inner width=\u00bb1\/2&#8243; css=\u00bb.vc_custom_1449205271760{margin-bottom: 30px !important;}\u00bb][vc_column_text css=\u00bb.vc_custom_1681999414485{border-top-width: 1px !important;border-right-width: 1px !important;border-bottom-width: 1px !important;border-left-width: 1px !important;padding-top: 40px !important;padding-right: 30px !important;padding-bottom: 40px !important;padding-left: 30px !important;border-left-color: #e6e6e6 !important;border-left-style: solid !important;border-right-color: #e6e6e6 !important;border-right-style: solid !important;border-top-color: #e6e6e6 !important;border-top-style: solid !important;border-bottom-color: #e6e6e6 !important;border-bottom-style: solid !important;}\u00bb]<\/p>\n<h4>GORIZIA<\/h4>\n<p id=\"tw-target-text\" class=\"tw-data-text tw-text-large tw-ta\" dir=\"ltr\" data-placeholder=\"Traduzione\"><span class=\"Y2IQFc\" lang=\"es\">El espacio log\u00edstico de Gorizia consta de una gran \u00e1rea de servicios de 3.000 metros cuadrados.<\/span><\/p>\n<p><a class=\"button icon_right size-sm\" href=\"\/es\/?p=2545\">Pedir un presupuesto<i class=\"stm-arrow-next\"><\/i><\/a>[\/vc_column_text][\/vc_column_inner][vc_column_inner width=\u00bb1\/2&#8243; css=\u00bb.vc_custom_1449205275416{margin-bottom: 30px !important;}\u00bb][\/vc_column_inner][\/vc_row_inner][\/vc_column][\/vc_row][vc_row full_width=\u00bbstretch_row\u00bb el_class=\u00bbsecondary_bg_color\u00bb css=\u00bb.vc_custom_1447746818281{margin-bottom: 0px !important;}\u00bb][vc_column][vc_cta h2=\u00bb Transportamos cualquier mercanc\u00eda por carretera y por mar:\u00bb shape=\u00bbsquare\u00bb add_button=\u00bbright\u00bb btn_title=\u00bb Ver nuestra flota\u00bb btn_style=\u00bboutline\u00bb btn_shape=\u00bbround\u00bb btn_color=\u00bbwhite\u00bb btn_i_align=\u00bbright\u00bb btn_i_icon_fontawesome=\u00bbstm-arrow-next\u00bb btn_add_icon=\u00bbtrue\u00bb el_class=\u00bbsecondary_bg_color\u00bb btn_link=\u00bburl:%2Fes%2F%3Fp%3D2712|||\u00bb][\/vc_cta][\/vc_column][\/vc_row]<\/p>\n<\/div>","protected":false},"excerpt":{"rendered":"<p>[vc_row][vc_column][vc_column_text css=\u00bb.vc_custom_1570704081593{margin-bottom: 60px !important;}\u00bb] Log\u00edstica Italia [\/vc_column_text][vc_column_text css=\u00bb.vc_custom_1570704096715{margin-bottom: 60px !important;}\u00bb] Un servicio adem\u00e1s del servicio de el transporte Trans Isole ofrece el servicio de log\u00edstica y almacenamiento para terceros en sus almacenes en&#8230;<\/p>\n","protected":false},"author":2,"featured_media":0,"parent":0,"menu_order":0,"comment_status":"closed","ping_status":"closed","template":"","meta":{"footnotes":""},"class_list":["post-2714","page","type-page","status-publish","hentry"],"yoast_head":"<!-- This site is optimized with the Yoast SEO plugin v25.6 - https:\/\/yoast.com\/wordpress\/plugins\/seo\/ -->\n<title>Logistica deposito custodia merci italia - Trans Isole<\/title>\n<meta name=\"description\" content=\"Logistica e deposito merce in conto terzi nei propri magazzini, rigorosamente assicurati e protetti da sistemi di sorveglianza.\" \/>\n<meta name=\"robots\" content=\"noindex, follow, max-snippet:-1, max-image-preview:large, max-video-preview:-1\" \/>\n<meta property=\"og:locale\" content=\"es_ES\" \/>\n<meta property=\"og:type\" content=\"article\" \/>\n<meta property=\"og:title\" content=\"Logistica deposito custodia merci italia - Trans Isole\" \/>\n<meta property=\"og:description\" content=\"Logistica e deposito merce in conto terzi nei propri magazzini, rigorosamente assicurati e protetti da sistemi di sorveglianza.\" \/>\n<meta property=\"og:url\" content=\"https:\/\/www.transisole.rivedemo.it\/logistica-deposito-custodia-merci-italia\" \/>\n<meta property=\"og:site_name\" content=\"Trans Isole\" \/>\n<meta property=\"article:publisher\" content=\"https:\/\/www.facebook.com\/transisole\" \/>\n<meta property=\"article:modified_time\" content=\"2023-04-20T14:06:49+00:00\" \/>\n<meta name=\"twitter:card\" content=\"summary_large_image\" \/>\n<meta name=\"twitter:label1\" content=\"Tiempo de lectura\" \/>\n\t<meta name=\"twitter:data1\" content=\"8 minutos\" \/>\n<script type=\"application\/ld+json\" class=\"yoast-schema-graph\">{\"@context\":\"https:\/\/schema.org\",\"@graph\":[{\"@type\":\"WebPage\",\"@id\":\"https:\/\/www.transisole.rivedemo.it\/logistica-deposito-custodia-merci-italia\",\"url\":\"https:\/\/www.transisole.rivedemo.it\/logistica-deposito-custodia-merci-italia\",\"name\":\"Logistica deposito custodia merci italia - Trans Isole\",\"isPartOf\":{\"@id\":\"https:\/\/www.transisole.rivedemo.it\/#website\"},\"datePublished\":\"2018-09-27T16:36:10+00:00\",\"dateModified\":\"2023-04-20T14:06:49+00:00\",\"description\":\"Logistica e deposito merce in conto terzi nei propri magazzini, rigorosamente assicurati e protetti da sistemi di sorveglianza.\",\"breadcrumb\":{\"@id\":\"https:\/\/www.transisole.rivedemo.it\/logistica-deposito-custodia-merci-italia#breadcrumb\"},\"inLanguage\":\"es\",\"potentialAction\":[{\"@type\":\"ReadAction\",\"target\":[\"https:\/\/www.transisole.rivedemo.it\/logistica-deposito-custodia-merci-italia\"]}]},{\"@type\":\"BreadcrumbList\",\"@id\":\"https:\/\/www.transisole.rivedemo.it\/logistica-deposito-custodia-merci-italia#breadcrumb\",\"itemListElement\":[{\"@type\":\"ListItem\",\"position\":1,\"name\":\"Home\",\"item\":\"https:\/\/www.transisole.rivedemo.it\/\"},{\"@type\":\"ListItem\",\"position\":2,\"name\":\"Log\u00edstica Italia\"}]},{\"@type\":\"WebSite\",\"@id\":\"https:\/\/www.transisole.rivedemo.it\/#website\",\"url\":\"https:\/\/www.transisole.rivedemo.it\/\",\"name\":\"Trans Isole\",\"description\":\"Trasporto in Italia, Europa e isole, Deposito e Logistica\",\"potentialAction\":[{\"@type\":\"SearchAction\",\"target\":{\"@type\":\"EntryPoint\",\"urlTemplate\":\"https:\/\/www.transisole.rivedemo.it\/?s={search_term_string}\"},\"query-input\":{\"@type\":\"PropertyValueSpecification\",\"valueRequired\":true,\"valueName\":\"search_term_string\"}}],\"inLanguage\":\"es\"}]}<\/script>\n<!-- \/ Yoast SEO plugin. -->","yoast_head_json":{"title":"Logistica deposito custodia merci italia - Trans Isole","description":"Logistica e deposito merce in conto terzi nei propri magazzini, rigorosamente assicurati e protetti da sistemi di sorveglianza.","robots":{"index":"noindex","follow":"follow","max-snippet":"max-snippet:-1","max-image-preview":"max-image-preview:large","max-video-preview":"max-video-preview:-1"},"og_locale":"es_ES","og_type":"article","og_title":"Logistica deposito custodia merci italia - Trans Isole","og_description":"Logistica e deposito merce in conto terzi nei propri magazzini, rigorosamente assicurati e protetti da sistemi di sorveglianza.","og_url":"https:\/\/www.transisole.rivedemo.it\/logistica-deposito-custodia-merci-italia","og_site_name":"Trans Isole","article_publisher":"https:\/\/www.facebook.com\/transisole","article_modified_time":"2023-04-20T14:06:49+00:00","twitter_card":"summary_large_image","twitter_misc":{"Tiempo de lectura":"8 minutos"},"schema":{"@context":"https:\/\/schema.org","@graph":[{"@type":"WebPage","@id":"https:\/\/www.transisole.rivedemo.it\/logistica-deposito-custodia-merci-italia","url":"https:\/\/www.transisole.rivedemo.it\/logistica-deposito-custodia-merci-italia","name":"Logistica deposito custodia merci italia - Trans Isole","isPartOf":{"@id":"https:\/\/www.transisole.rivedemo.it\/#website"},"datePublished":"2018-09-27T16:36:10+00:00","dateModified":"2023-04-20T14:06:49+00:00","description":"Logistica e deposito merce in conto terzi nei propri magazzini, rigorosamente assicurati e protetti da sistemi di sorveglianza.","breadcrumb":{"@id":"https:\/\/www.transisole.rivedemo.it\/logistica-deposito-custodia-merci-italia#breadcrumb"},"inLanguage":"es","potentialAction":[{"@type":"ReadAction","target":["https:\/\/www.transisole.rivedemo.it\/logistica-deposito-custodia-merci-italia"]}]},{"@type":"BreadcrumbList","@id":"https:\/\/www.transisole.rivedemo.it\/logistica-deposito-custodia-merci-italia#breadcrumb","itemListElement":[{"@type":"ListItem","position":1,"name":"Home","item":"https:\/\/www.transisole.rivedemo.it\/"},{"@type":"ListItem","position":2,"name":"Log\u00edstica Italia"}]},{"@type":"WebSite","@id":"https:\/\/www.transisole.rivedemo.it\/#website","url":"https:\/\/www.transisole.rivedemo.it\/","name":"Trans Isole","description":"Trasporto in Italia, Europa e isole, Deposito e Logistica","potentialAction":[{"@type":"SearchAction","target":{"@type":"EntryPoint","urlTemplate":"https:\/\/www.transisole.rivedemo.it\/?s={search_term_string}"},"query-input":{"@type":"PropertyValueSpecification","valueRequired":true,"valueName":"search_term_string"}}],"inLanguage":"es"}]}},"_links":{"self":[{"href":"https:\/\/www.transisole.rivedemo.it\/es\/wp-json\/wp\/v2\/pages\/2714","targetHints":{"allow":["GET"]}}],"collection":[{"href":"https:\/\/www.transisole.rivedemo.it\/es\/wp-json\/wp\/v2\/pages"}],"about":[{"href":"https:\/\/www.transisole.rivedemo.it\/es\/wp-json\/wp\/v2\/types\/page"}],"author":[{"embeddable":true,"href":"https:\/\/www.transisole.rivedemo.it\/es\/wp-json\/wp\/v2\/users\/2"}],"replies":[{"embeddable":true,"href":"https:\/\/www.transisole.rivedemo.it\/es\/wp-json\/wp\/v2\/comments?post=2714"}],"version-history":[{"count":19,"href":"https:\/\/www.transisole.rivedemo.it\/es\/wp-json\/wp\/v2\/pages\/2714\/revisions"}],"predecessor-version":[{"id":6641,"href":"https:\/\/www.transisole.rivedemo.it\/es\/wp-json\/wp\/v2\/pages\/2714\/revisions\/6641"}],"wp:attachment":[{"href":"https:\/\/www.transisole.rivedemo.it\/es\/wp-json\/wp\/v2\/media?parent=2714"}],"curies":[{"name":"wp","href":"https:\/\/api.w.org\/{rel}","templated":true}]}}