{"id":2712,"date":"2015-11-24T07:42:31","date_gmt":"2015-11-24T07:42:31","guid":{"rendered":"https:\/\/www.transisole.rivedemo.it\/flotta-camion-parco-mezzi-di-trasporto\/"},"modified":"2019-10-11T09:34:31","modified_gmt":"2019-10-11T09:34:31","slug":"flota-camion-estacionamiento-medios-de-transporte","status":"publish","type":"page","link":"https:\/\/www.transisole.rivedemo.it\/es\/flota-camion-estacionamiento-medios-de-transporte","title":{"rendered":"Nuestra flota"},"content":{"rendered":"<div class=\"wpb-content-wrapper\"><p>[vc_row css=\u00bb.vc_custom_1449137312762{margin-bottom: 40px !important;}\u00bb][vc_column offset=\u00bbvc_col-lg-4 vc_col-md-4&#8243; css=\u00bb.vc_custom_1449137321169{margin-bottom: 40px !important;}\u00bb][vc_column_text]<\/p>\n<h2>Calidad y Rendimiento al coste correcto<\/h2>\n<p>[\/vc_column_text][\/vc_column][vc_column offset=\u00bbvc_col-lg-8 vc_col-md-8&#8243;][vc_column_text]<\/p>\n<h2>Flota, cami\u00f3n y estacionamiento medios de transporte<\/h2>\n<p>La Empresa cuenta con una gran flota de veh\u00edculos propios, compuesta por una flota de innumerables veh\u00edculos (incluidos tractores, automotrices y semirremolques) dedicados espec\u00edficamente a las diversas caracter\u00edsticas operativas (plataforma, lona, furgonetas, aislantes, etc.) con capacidades diferentes de carga que permiten transportar materias primas, productos semiacabados y terminados de cualquier tipo de producto.<\/p>\n<p>Trans Isole es capaz de transportar cualquier tipo de mercanc\u00eda, sin ning\u00fan tipo de exclusi\u00f3n (con la excepci\u00f3n del qu\u00edmico): alimentaci\u00f3n en plataformas, residuos l\u00edquidos y sueltos, metal\u00fargicos, peligrosos y no peligrosos, transporte excepcional, chatarra, mercanc\u00edas ADR, cemento, PVC, anh\u00eddrido, suelto con volquete trasero y lateral.[\/vc_column_text][\/vc_column][\/vc_row][vc_row css=\u00bb.vc_custom_1448358695952{margin-bottom: 40px !important;}\u00bb][vc_column][stm_services_grid posts_per_page=\u00bb15&#8243; posts_per_row=\u00bb3&#8243;][\/vc_column][\/vc_row][vc_row full_width=\u00bbstretch_row\u00bb el_class=\u00bbsecondary_bg_color\u00bb css=\u00bb.vc_custom_1447746818281{margin-bottom: 0px !important;}\u00bb][vc_column][vc_cta h2=\u00bbPara info sobre servicios de Transporte, Log\u00edstica y Distribuci\u00f3n:\u00bb shape=\u00bbsquare\u00bb add_button=\u00bbright\u00bb btn_title=\u00bbVer un resumen\u00bb btn_style=\u00bboutline\u00bb btn_shape=\u00bbround\u00bb btn_color=\u00bbwhite\u00bb btn_i_align=\u00bbright\u00bb btn_i_icon_fontawesome=\u00bbstm-arrow-next\u00bb btn_add_icon=\u00bbtrue\u00bb el_class=\u00bbsecondary_bg_color\u00bb btn_link=\u00bburl:%2Fes%2F%3Fp%3D2722|||\u00bb][\/vc_cta][\/vc_column][\/vc_row]<\/p>\n<\/div>","protected":false},"excerpt":{"rendered":"<p>[vc_row css=\u00bb.vc_custom_1449137312762{margin-bottom: 40px !important;}\u00bb][vc_column offset=\u00bbvc_col-lg-4 vc_col-md-4&#8243; css=\u00bb.vc_custom_1449137321169{margin-bottom: 40px !important;}\u00bb][vc_column_text] Calidad y Rendimiento al coste correcto [\/vc_column_text][\/vc_column][vc_column offset=\u00bbvc_col-lg-8 vc_col-md-8&#8243;][vc_column_text] Flota, cami\u00f3n y estacionamiento medios de transporte La Empresa cuenta con una gran flota de&#8230;<\/p>\n","protected":false},"author":2,"featured_media":0,"parent":0,"menu_order":0,"comment_status":"closed","ping_status":"closed","template":"","meta":{"footnotes":""},"class_list":["post-2712","page","type-page","status-publish","hentry"],"yoast_head":"<!-- This site is optimized with the Yoast SEO plugin v25.6 - https:\/\/yoast.com\/wordpress\/plugins\/seo\/ -->\n<title>Flotta, camion, parco mezzi di trasporto - Trans Isole<\/title>\n<meta name=\"description\" content=\"Flotta, camion, parco mezzi di trasporto, Trans Isole dispone di un ampio parco veicoli di propriet\u00e0 dedicati a trasporti specifici.\" \/>\n<meta name=\"robots\" content=\"noindex, follow, max-snippet:-1, max-image-preview:large, max-video-preview:-1\" \/>\n<meta property=\"og:locale\" content=\"es_ES\" \/>\n<meta property=\"og:type\" content=\"article\" \/>\n<meta property=\"og:title\" content=\"Flotta, camion, parco mezzi di trasporto - Trans Isole\" \/>\n<meta property=\"og:description\" content=\"Flotta, camion, parco mezzi di trasporto, Trans Isole dispone di un ampio parco veicoli di propriet\u00e0 dedicati a trasporti specifici.\" \/>\n<meta property=\"og:url\" content=\"https:\/\/www.transisole.rivedemo.it\/flotta-camion-parco-mezzi-di-trasporto\" \/>\n<meta property=\"og:site_name\" content=\"Trans Isole\" \/>\n<meta property=\"article:publisher\" content=\"https:\/\/www.facebook.com\/transisole\" \/>\n<meta property=\"article:modified_time\" content=\"2019-10-11T09:34:31+00:00\" \/>\n<meta name=\"twitter:card\" content=\"summary_large_image\" \/>\n<meta name=\"twitter:label1\" content=\"Tiempo de lectura\" \/>\n\t<meta name=\"twitter:data1\" content=\"1 minuto\" \/>\n<script type=\"application\/ld+json\" class=\"yoast-schema-graph\">{\"@context\":\"https:\/\/schema.org\",\"@graph\":[{\"@type\":\"WebPage\",\"@id\":\"https:\/\/www.transisole.rivedemo.it\/flotta-camion-parco-mezzi-di-trasporto\",\"url\":\"https:\/\/www.transisole.rivedemo.it\/flotta-camion-parco-mezzi-di-trasporto\",\"name\":\"Flotta, camion, parco mezzi di trasporto - Trans Isole\",\"isPartOf\":{\"@id\":\"https:\/\/www.transisole.rivedemo.it\/#website\"},\"datePublished\":\"2015-11-24T07:42:31+00:00\",\"dateModified\":\"2019-10-11T09:34:31+00:00\",\"description\":\"Flotta, camion, parco mezzi di trasporto, Trans Isole dispone di un ampio parco veicoli di propriet\u00e0 dedicati a trasporti specifici.\",\"breadcrumb\":{\"@id\":\"https:\/\/www.transisole.rivedemo.it\/flotta-camion-parco-mezzi-di-trasporto#breadcrumb\"},\"inLanguage\":\"es\",\"potentialAction\":[{\"@type\":\"ReadAction\",\"target\":[\"https:\/\/www.transisole.rivedemo.it\/flotta-camion-parco-mezzi-di-trasporto\"]}]},{\"@type\":\"BreadcrumbList\",\"@id\":\"https:\/\/www.transisole.rivedemo.it\/flotta-camion-parco-mezzi-di-trasporto#breadcrumb\",\"itemListElement\":[{\"@type\":\"ListItem\",\"position\":1,\"name\":\"Home\",\"item\":\"https:\/\/www.transisole.rivedemo.it\/\"},{\"@type\":\"ListItem\",\"position\":2,\"name\":\"Nuestra flota\"}]},{\"@type\":\"WebSite\",\"@id\":\"https:\/\/www.transisole.rivedemo.it\/#website\",\"url\":\"https:\/\/www.transisole.rivedemo.it\/\",\"name\":\"Trans Isole\",\"description\":\"Trasporto in Italia, Europa e isole, Deposito e Logistica\",\"potentialAction\":[{\"@type\":\"SearchAction\",\"target\":{\"@type\":\"EntryPoint\",\"urlTemplate\":\"https:\/\/www.transisole.rivedemo.it\/?s={search_term_string}\"},\"query-input\":{\"@type\":\"PropertyValueSpecification\",\"valueRequired\":true,\"valueName\":\"search_term_string\"}}],\"inLanguage\":\"es\"}]}<\/script>\n<!-- \/ Yoast SEO plugin. -->","yoast_head_json":{"title":"Flotta, camion, parco mezzi di trasporto - Trans Isole","description":"Flotta, camion, parco mezzi di trasporto, Trans Isole dispone di un ampio parco veicoli di propriet\u00e0 dedicati a trasporti specifici.","robots":{"index":"noindex","follow":"follow","max-snippet":"max-snippet:-1","max-image-preview":"max-image-preview:large","max-video-preview":"max-video-preview:-1"},"og_locale":"es_ES","og_type":"article","og_title":"Flotta, camion, parco mezzi di trasporto - Trans Isole","og_description":"Flotta, camion, parco mezzi di trasporto, Trans Isole dispone di un ampio parco veicoli di propriet\u00e0 dedicati a trasporti specifici.","og_url":"https:\/\/www.transisole.rivedemo.it\/flotta-camion-parco-mezzi-di-trasporto","og_site_name":"Trans Isole","article_publisher":"https:\/\/www.facebook.com\/transisole","article_modified_time":"2019-10-11T09:34:31+00:00","twitter_card":"summary_large_image","twitter_misc":{"Tiempo de lectura":"1 minuto"},"schema":{"@context":"https:\/\/schema.org","@graph":[{"@type":"WebPage","@id":"https:\/\/www.transisole.rivedemo.it\/flotta-camion-parco-mezzi-di-trasporto","url":"https:\/\/www.transisole.rivedemo.it\/flotta-camion-parco-mezzi-di-trasporto","name":"Flotta, camion, parco mezzi di trasporto - Trans Isole","isPartOf":{"@id":"https:\/\/www.transisole.rivedemo.it\/#website"},"datePublished":"2015-11-24T07:42:31+00:00","dateModified":"2019-10-11T09:34:31+00:00","description":"Flotta, camion, parco mezzi di trasporto, Trans Isole dispone di un ampio parco veicoli di propriet\u00e0 dedicati a trasporti specifici.","breadcrumb":{"@id":"https:\/\/www.transisole.rivedemo.it\/flotta-camion-parco-mezzi-di-trasporto#breadcrumb"},"inLanguage":"es","potentialAction":[{"@type":"ReadAction","target":["https:\/\/www.transisole.rivedemo.it\/flotta-camion-parco-mezzi-di-trasporto"]}]},{"@type":"BreadcrumbList","@id":"https:\/\/www.transisole.rivedemo.it\/flotta-camion-parco-mezzi-di-trasporto#breadcrumb","itemListElement":[{"@type":"ListItem","position":1,"name":"Home","item":"https:\/\/www.transisole.rivedemo.it\/"},{"@type":"ListItem","position":2,"name":"Nuestra flota"}]},{"@type":"WebSite","@id":"https:\/\/www.transisole.rivedemo.it\/#website","url":"https:\/\/www.transisole.rivedemo.it\/","name":"Trans Isole","description":"Trasporto in Italia, Europa e isole, Deposito e Logistica","potentialAction":[{"@type":"SearchAction","target":{"@type":"EntryPoint","urlTemplate":"https:\/\/www.transisole.rivedemo.it\/?s={search_term_string}"},"query-input":{"@type":"PropertyValueSpecification","valueRequired":true,"valueName":"search_term_string"}}],"inLanguage":"es"}]}},"_links":{"self":[{"href":"https:\/\/www.transisole.rivedemo.it\/es\/wp-json\/wp\/v2\/pages\/2712","targetHints":{"allow":["GET"]}}],"collection":[{"href":"https:\/\/www.transisole.rivedemo.it\/es\/wp-json\/wp\/v2\/pages"}],"about":[{"href":"https:\/\/www.transisole.rivedemo.it\/es\/wp-json\/wp\/v2\/types\/page"}],"author":[{"embeddable":true,"href":"https:\/\/www.transisole.rivedemo.it\/es\/wp-json\/wp\/v2\/users\/2"}],"replies":[{"embeddable":true,"href":"https:\/\/www.transisole.rivedemo.it\/es\/wp-json\/wp\/v2\/comments?post=2712"}],"version-history":[{"count":9,"href":"https:\/\/www.transisole.rivedemo.it\/es\/wp-json\/wp\/v2\/pages\/2712\/revisions"}],"predecessor-version":[{"id":3910,"href":"https:\/\/www.transisole.rivedemo.it\/es\/wp-json\/wp\/v2\/pages\/2712\/revisions\/3910"}],"wp:attachment":[{"href":"https:\/\/www.transisole.rivedemo.it\/es\/wp-json\/wp\/v2\/media?parent=2712"}],"curies":[{"name":"wp","href":"https:\/\/api.w.org\/{rel}","templated":true}]}}