{"id":2710,"date":"2018-10-01T14:21:15","date_gmt":"2018-10-01T14:21:15","guid":{"rendered":"https:\/\/www.transisole.rivedemo.it\/trasporto-intermodale\/"},"modified":"2019-10-11T09:37:27","modified_gmt":"2019-10-11T09:37:27","slug":"trasporto-intermodale","status":"publish","type":"page","link":"https:\/\/www.transisole.rivedemo.it\/es\/trasporto-intermodale","title":{"rendered":"Transporte internacional mar\u00edtimo"},"content":{"rendered":"<div class=\"wpb-content-wrapper\"><p>[vc_row][vc_column width=\u00bb2\/3&#8243;][vc_custom_heading text=\u00bbEl modo m\u00e1s sostenible, conveniente y flexible para alcanzar el coraz\u00f3n econ\u00f3mico de Europa.\u00bb font_container=\u00bbtag:h3|text_align:left\u00bb google_fonts=\u00bbfont_family:Titillium%20Web%3A200%2C200italic%2C300%2C300italic%2Cregular%2Citalic%2C600%2C600italic%2C700%2C700italic%2C900|font_style:400%20regular%3A400%3Anormal\u00bb][vc_column_text]<\/p>\n<h3>\u00bfQU\u00c9 ES EL TRANSPORTE INTERMODAL?<\/h3>\n<p>El transporte mixto ofrece un mayor alcance y la reducci\u00f3n de costes relacionados con las operaciones de carga, descarga, documentaci\u00f3n y costes organizativos.<\/p>\n<p>Este tipo de transporte, asocia de manera \u00f3ptima diferentes sistemas: medios pesados y navegaci\u00f3n.<br \/>\n<strong>\u00bb Cami\u00f3n\u00a0<\/strong>para la Tracci\u00f3n de salida y de destino (m\u00e1xima flexibilidad en la retirada, amplia distribuci\u00f3n y entrega)<br \/>\n<strong>\u00bb Barco\u00a0<\/strong>para las distancias largas (transporte eficiente, fiable e incluso eco-compatible)[\/vc_column_text][vc_row_inner][vc_column_inner width=\u00bb1\/2&#8243;][vc_single_image image=\u00bb3097&#8243; img_size=\u00bbfull\u00bb alignment=\u00bbcenter\u00bb style=\u00bbvc_box_shadow_3d\u00bb][\/vc_column_inner][vc_column_inner width=\u00bb1\/2&#8243;][vc_single_image image=\u00bb3101&#8243; img_size=\u00bbfull\u00bb alignment=\u00bbcenter\u00bb style=\u00bbvc_box_shadow_3d\u00bb][\/vc_column_inner][\/vc_row_inner][vc_empty_space][vc_column_text]<\/p>\n<h3>\u00bfPOR QU\u00c9 ELEGIR EL TRANSPORTE TERRESTRE DE TRANS ISOLE?<\/h3>\n<p>Desde m\u00e1s de 20 a\u00f1os, Trans Isole ha gestionado sin problemas las soluciones de transporte intermodal que conectan todos los centros econ\u00f3micos m\u00e1s importantes de Europa, utilizando compa\u00f1\u00edas de transporte eficientes como socios.<\/p>\n<p>Trans Isole puede transportar cualquier tipo de mercanc\u00eca con este sistema, sin ning\u00fan tipo de exclusi\u00f3n: alimentos en plataformas, l\u00edquidos y a granel, residuos metal\u00fargicos, peligrosos y no peligrosos, Transporte excepcional, chatarra, ADR, cemento, pvc, anh\u00eddrido, a granel con volquete trasero y lateral.[\/vc_column_text][vc_single_image image=\u00bb3093&#8243; img_size=\u00bbfull\u00bb alignment=\u00bbcenter\u00bb style=\u00bbvc_box_outline\u00bb][vc_empty_space][\/vc_column][vc_column width=\u00bb1\/3&#8243;][vc_widget_sidebar sidebar_id=\u00bbtranscargo-right-sidebar\u00bb][\/vc_column][\/vc_row][vc_row full_width=\u00bbstretch_row\u00bb el_class=\u00bbsecondary_bg_color\u00bb css=\u00bb.vc_custom_1447746818281{margin-bottom: 0px !important;}\u00bb][vc_column][vc_cta h2=\u00bbPara info sobre servicios de Transporte, Log\u00edstica y Distribuci\u00f3n:\u00bb shape=\u00bbsquare\u00bb add_button=\u00bbright\u00bb btn_title=\u00bbPedir un presupuesto\u00bb btn_style=\u00bboutline\u00bb btn_shape=\u00bbround\u00bb btn_color=\u00bbwhite\u00bb btn_i_align=\u00bbright\u00bb btn_i_icon_fontawesome=\u00bbstm-arrow-next\u00bb btn_add_icon=\u00bbtrue\u00bb el_class=\u00bbsecondary_bg_color\u00bb btn_link=\u00bburl:%2Fes%2F%3Fp%3D2545|||\u00bb][\/vc_cta][\/vc_column][\/vc_row]<\/p>\n<\/div>","protected":false},"excerpt":{"rendered":"<p>[vc_row][vc_column width=\u00bb2\/3&#8243;][vc_custom_heading text=\u00bbEl modo m\u00e1s sostenible, conveniente y flexible para alcanzar el coraz\u00f3n econ\u00f3mico de Europa.\u00bb font_container=\u00bbtag:h3|text_align:left\u00bb google_fonts=\u00bbfont_family:Titillium%20Web%3A200%2C200italic%2C300%2C300italic%2Cregular%2Citalic%2C600%2C600italic%2C700%2C700italic%2C900|font_style:400%20regular%3A400%3Anormal\u00bb][vc_column_text] \u00bfQU\u00c9 ES EL TRANSPORTE INTERMODAL? El transporte mixto ofrece un mayor alcance y la reducci\u00f3n&#8230;<\/p>\n","protected":false},"author":2,"featured_media":0,"parent":0,"menu_order":0,"comment_status":"closed","ping_status":"closed","template":"","meta":{"footnotes":""},"class_list":["post-2710","page","type-page","status-publish","hentry"],"yoast_head":"<!-- This site is optimized with the Yoast SEO plugin v25.6 - https:\/\/yoast.com\/wordpress\/plugins\/seo\/ -->\n<title>Intermodale, trasporto combinato terra-mare - Trans Isole<\/title>\n<meta name=\"description\" content=\"Intermodale, il trasporto combinato terra-mare, il modo pi\u00f9 sostenibile, conveniente e flessibile per raggiungere il cuore economico d\u2019Europa.\" \/>\n<meta name=\"robots\" content=\"noindex, follow, max-snippet:-1, max-image-preview:large, max-video-preview:-1\" \/>\n<meta property=\"og:locale\" content=\"es_ES\" \/>\n<meta property=\"og:type\" content=\"article\" \/>\n<meta property=\"og:title\" content=\"Intermodale, trasporto combinato terra-mare - Trans Isole\" \/>\n<meta property=\"og:description\" content=\"Intermodale, il trasporto combinato terra-mare, il modo pi\u00f9 sostenibile, conveniente e flessibile per raggiungere il cuore economico d\u2019Europa.\" \/>\n<meta property=\"og:url\" content=\"https:\/\/www.transisole.rivedemo.it\/trasporto-intermodale\" \/>\n<meta property=\"og:site_name\" content=\"Trans Isole\" \/>\n<meta property=\"article:publisher\" content=\"https:\/\/www.facebook.com\/transisole\" \/>\n<meta property=\"article:modified_time\" content=\"2019-10-11T09:37:27+00:00\" \/>\n<meta name=\"twitter:card\" content=\"summary_large_image\" \/>\n<meta name=\"twitter:label1\" content=\"Tiempo de lectura\" \/>\n\t<meta name=\"twitter:data1\" content=\"2 minutos\" \/>\n<script type=\"application\/ld+json\" class=\"yoast-schema-graph\">{\"@context\":\"https:\/\/schema.org\",\"@graph\":[{\"@type\":\"WebPage\",\"@id\":\"https:\/\/www.transisole.rivedemo.it\/trasporto-intermodale\",\"url\":\"https:\/\/www.transisole.rivedemo.it\/trasporto-intermodale\",\"name\":\"Intermodale, trasporto combinato terra-mare - Trans Isole\",\"isPartOf\":{\"@id\":\"https:\/\/www.transisole.rivedemo.it\/#website\"},\"datePublished\":\"2018-10-01T14:21:15+00:00\",\"dateModified\":\"2019-10-11T09:37:27+00:00\",\"description\":\"Intermodale, il trasporto combinato terra-mare, il modo pi\u00f9 sostenibile, conveniente e flessibile per raggiungere il cuore economico d\u2019Europa.\",\"breadcrumb\":{\"@id\":\"https:\/\/www.transisole.rivedemo.it\/trasporto-intermodale#breadcrumb\"},\"inLanguage\":\"es\",\"potentialAction\":[{\"@type\":\"ReadAction\",\"target\":[\"https:\/\/www.transisole.rivedemo.it\/trasporto-intermodale\"]}]},{\"@type\":\"BreadcrumbList\",\"@id\":\"https:\/\/www.transisole.rivedemo.it\/trasporto-intermodale#breadcrumb\",\"itemListElement\":[{\"@type\":\"ListItem\",\"position\":1,\"name\":\"Home\",\"item\":\"https:\/\/www.transisole.rivedemo.it\/\"},{\"@type\":\"ListItem\",\"position\":2,\"name\":\"Transporte internacional mar\u00edtimo\"}]},{\"@type\":\"WebSite\",\"@id\":\"https:\/\/www.transisole.rivedemo.it\/#website\",\"url\":\"https:\/\/www.transisole.rivedemo.it\/\",\"name\":\"Trans Isole\",\"description\":\"Trasporto in Italia, Europa e isole, Deposito e Logistica\",\"potentialAction\":[{\"@type\":\"SearchAction\",\"target\":{\"@type\":\"EntryPoint\",\"urlTemplate\":\"https:\/\/www.transisole.rivedemo.it\/?s={search_term_string}\"},\"query-input\":{\"@type\":\"PropertyValueSpecification\",\"valueRequired\":true,\"valueName\":\"search_term_string\"}}],\"inLanguage\":\"es\"}]}<\/script>\n<!-- \/ Yoast SEO plugin. -->","yoast_head_json":{"title":"Intermodale, trasporto combinato terra-mare - Trans Isole","description":"Intermodale, il trasporto combinato terra-mare, il modo pi\u00f9 sostenibile, conveniente e flessibile per raggiungere il cuore economico d\u2019Europa.","robots":{"index":"noindex","follow":"follow","max-snippet":"max-snippet:-1","max-image-preview":"max-image-preview:large","max-video-preview":"max-video-preview:-1"},"og_locale":"es_ES","og_type":"article","og_title":"Intermodale, trasporto combinato terra-mare - Trans Isole","og_description":"Intermodale, il trasporto combinato terra-mare, il modo pi\u00f9 sostenibile, conveniente e flessibile per raggiungere il cuore economico d\u2019Europa.","og_url":"https:\/\/www.transisole.rivedemo.it\/trasporto-intermodale","og_site_name":"Trans Isole","article_publisher":"https:\/\/www.facebook.com\/transisole","article_modified_time":"2019-10-11T09:37:27+00:00","twitter_card":"summary_large_image","twitter_misc":{"Tiempo de lectura":"2 minutos"},"schema":{"@context":"https:\/\/schema.org","@graph":[{"@type":"WebPage","@id":"https:\/\/www.transisole.rivedemo.it\/trasporto-intermodale","url":"https:\/\/www.transisole.rivedemo.it\/trasporto-intermodale","name":"Intermodale, trasporto combinato terra-mare - Trans Isole","isPartOf":{"@id":"https:\/\/www.transisole.rivedemo.it\/#website"},"datePublished":"2018-10-01T14:21:15+00:00","dateModified":"2019-10-11T09:37:27+00:00","description":"Intermodale, il trasporto combinato terra-mare, il modo pi\u00f9 sostenibile, conveniente e flessibile per raggiungere il cuore economico d\u2019Europa.","breadcrumb":{"@id":"https:\/\/www.transisole.rivedemo.it\/trasporto-intermodale#breadcrumb"},"inLanguage":"es","potentialAction":[{"@type":"ReadAction","target":["https:\/\/www.transisole.rivedemo.it\/trasporto-intermodale"]}]},{"@type":"BreadcrumbList","@id":"https:\/\/www.transisole.rivedemo.it\/trasporto-intermodale#breadcrumb","itemListElement":[{"@type":"ListItem","position":1,"name":"Home","item":"https:\/\/www.transisole.rivedemo.it\/"},{"@type":"ListItem","position":2,"name":"Transporte internacional mar\u00edtimo"}]},{"@type":"WebSite","@id":"https:\/\/www.transisole.rivedemo.it\/#website","url":"https:\/\/www.transisole.rivedemo.it\/","name":"Trans Isole","description":"Trasporto in Italia, Europa e isole, Deposito e Logistica","potentialAction":[{"@type":"SearchAction","target":{"@type":"EntryPoint","urlTemplate":"https:\/\/www.transisole.rivedemo.it\/?s={search_term_string}"},"query-input":{"@type":"PropertyValueSpecification","valueRequired":true,"valueName":"search_term_string"}}],"inLanguage":"es"}]}},"_links":{"self":[{"href":"https:\/\/www.transisole.rivedemo.it\/es\/wp-json\/wp\/v2\/pages\/2710","targetHints":{"allow":["GET"]}}],"collection":[{"href":"https:\/\/www.transisole.rivedemo.it\/es\/wp-json\/wp\/v2\/pages"}],"about":[{"href":"https:\/\/www.transisole.rivedemo.it\/es\/wp-json\/wp\/v2\/types\/page"}],"author":[{"embeddable":true,"href":"https:\/\/www.transisole.rivedemo.it\/es\/wp-json\/wp\/v2\/users\/2"}],"replies":[{"embeddable":true,"href":"https:\/\/www.transisole.rivedemo.it\/es\/wp-json\/wp\/v2\/comments?post=2710"}],"version-history":[{"count":8,"href":"https:\/\/www.transisole.rivedemo.it\/es\/wp-json\/wp\/v2\/pages\/2710\/revisions"}],"predecessor-version":[{"id":3913,"href":"https:\/\/www.transisole.rivedemo.it\/es\/wp-json\/wp\/v2\/pages\/2710\/revisions\/3913"}],"wp:attachment":[{"href":"https:\/\/www.transisole.rivedemo.it\/es\/wp-json\/wp\/v2\/media?parent=2710"}],"curies":[{"name":"wp","href":"https:\/\/api.w.org\/{rel}","templated":true}]}}