{"id":2700,"date":"2018-09-25T13:56:22","date_gmt":"2018-09-25T13:56:22","guid":{"rendered":"https:\/\/www.transisole.rivedemo.it\/trasporto-intermodale-autostrade-del-mare\/"},"modified":"2021-02-02T08:07:26","modified_gmt":"2021-02-02T08:07:26","slug":"carretera-del-mar","status":"publish","type":"page","link":"https:\/\/www.transisole.rivedemo.it\/es\/carretera-del-mar","title":{"rendered":"Carretera del mar"},"content":{"rendered":"<div class=\"wpb-content-wrapper\"><p>[vc_row][vc_column width=\u00bb2\/3&#8243;][vc_column_text]<\/p>\n<h4>Transporte intermodal. Trans Isole puede transportar cualquier tipo de bienes evaluando soluciones entre goma e intermodal carga de tierra mar<\/h4>\n<p>Desde los puertos italianos se inicia un proceso de transferencia de mercanc\u00edas, contenedores y veh\u00edculos, que da lugar a una integraci\u00f3n din\u00e1mica entre los diferentes modos de transporte, definidos por muchos como \u00abcadena log\u00edstica integrada\u00bb. Desde este punto de vista, los servicios de log\u00edstica, para las compa\u00f1\u00edas navieras y los grandes grupos industriales, se convierten en un elemento importante de competitividad, capaz de influir en las elecciones estrat\u00e9gicas y las estrategias de desarrollo. Lo que marca la diferencia son los servicios de vanguardia y las soluciones personalizadas capaces de garantizar, con un solo servicio, todo el ciclo operativo desde la manipulaci\u00f3n hasta el almacenamiento y la entrega de mercanc\u00edas.<br \/>\n<strong>Todo esto es hoy Trans Isole.<\/strong>[\/vc_column_text][vc_column_text]<\/p>\n<h5>Elige entre las principales punto de atraque desde los principales puertos de embarque italianos e internacionales la m\u00e1s cercana al destino a alcanzar para <strong>pedir un presupuesto<\/strong>\u00a0r\u00e1pido.<\/h5>\n<p>[\/vc_column_text][vc_single_image image=\u00bb2170&#8243; img_size=\u00bbfull\u00bb alignment=\u00bbcenter\u00bb style=\u00bbvc_box_outline\u00bb][vc_column_text]<\/p>\n<h4>Puertos nacionales<\/h4>\n<p>[\/vc_column_text][vc_column_text]<\/p>\n<div class=\"vacancy_table_wr\">\n<table class=\"vacancy_table\">\n<thead>\n<tr>\n<th class=\"header headerSortDown\" width=\"60%\">DESTINOS<\/th>\n<th class=\"header\" width=\"40%\">COSTOS ESTIMADOS<\/th>\n<\/tr>\n<\/thead>\n<tbody>\n<tr>\n<td><b>SALERNO<\/b><\/td>\n<td style=\"text-align: center;\"><a class=\"button icon_right size-sm\" href=\"\/es\/?p=2545\">Pedir un presupuesto<i class=\"stm-arrow-next\"><\/i><\/a><\/td>\n<\/tr>\n<tr>\n<td><b>NAPOLI<\/b><\/td>\n<td style=\"text-align: center;\"><a class=\"button icon_right size-sm\" href=\"\/es\/?p=2545\">Pedir un presupuesto<i class=\"stm-arrow-next\"><\/i><\/a><\/td>\n<\/tr>\n<tr>\n<td><b>CAGLIARI<\/b><\/td>\n<td style=\"text-align: center;\"><a class=\"button icon_right size-sm\" href=\"\/es\/?p=2545\">Pedir un presupuesto<i class=\"stm-arrow-next\"><\/i><\/a><\/td>\n<\/tr>\n<tr>\n<td><b>OLBIA<\/b><\/td>\n<td style=\"text-align: center;\"><a class=\"button icon_right size-sm\" href=\"\/es\/?p=2545\">Pedir un presupuesto<i class=\"stm-arrow-next\"><\/i><\/a><\/td>\n<\/tr>\n<tr>\n<td><b>CATANIA<\/b><\/td>\n<td style=\"text-align: center;\"><a class=\"button icon_right size-sm\" href=\"\/es\/?p=2545\">Pedir un presupuesto<i class=\"stm-arrow-next\"><\/i><\/a><\/td>\n<\/tr>\n<tr>\n<td><b>PALERMO<\/b><\/td>\n<td style=\"text-align: center;\"><a class=\"button icon_right size-sm\" href=\"\/es\/?p=2545\">Pedir un presupuesto<i class=\"stm-arrow-next\"><\/i><\/a><\/td>\n<\/tr>\n<tr>\n<td><b>MESSINA<\/b><\/td>\n<td style=\"text-align: center;\"><a class=\"button icon_right size-sm\" href=\"\/es\/?p=2545\">Pedir un presupuesto<i class=\"stm-arrow-next\"><\/i><\/a><\/td>\n<\/tr>\n<tr>\n<td><b>BRINDISI<\/b><\/td>\n<td style=\"text-align: center;\"><a class=\"button icon_right size-sm\" href=\"\/es\/?p=2545\">Pedir un presupuesto<i class=\"stm-arrow-next\"><\/i><\/a><\/td>\n<\/tr>\n<tr>\n<td><b>BARI<\/b><\/td>\n<td style=\"text-align: center;\"><a class=\"button icon_right size-sm\" href=\"\/es\/?p=2545\">Pedir un presupuesto<i class=\"stm-arrow-next\"><\/i><\/a><\/td>\n<\/tr>\n<tr>\n<td><b>GENOVA<\/b><\/td>\n<td style=\"text-align: center;\"><a class=\"button icon_right size-sm\" href=\"\/es\/?p=2545\">Pedir un presupuesto<i class=\"stm-arrow-next\"><\/i><\/a><\/td>\n<\/tr>\n<tr>\n<td><b>SAVONA<\/b><\/td>\n<td style=\"text-align: center;\"><a class=\"button icon_right size-sm\" href=\"\/es\/?p=2545\">Pedir un presupuesto<i class=\"stm-arrow-next\"><\/i><\/a><\/td>\n<\/tr>\n<tr>\n<td><b>LIVORNO<\/b><\/td>\n<td style=\"text-align: center;\"><a class=\"button icon_right size-sm\" href=\"\/es\/?p=2545\">Pedir un presupuesto<i class=\"stm-arrow-next\"><\/i><\/a><\/td>\n<\/tr>\n<tr>\n<td><b>VENEZIA<\/b><\/td>\n<td style=\"text-align: center;\"><a class=\"button icon_right size-sm\" href=\"\/es\/?p=2545\">Pedir un presupuesto<i class=\"stm-arrow-next\"><\/i><\/a><\/td>\n<\/tr>\n<tr>\n<td><b>RAVENNA<\/b><\/td>\n<td style=\"text-align: center;\"><a class=\"button icon_right size-sm\" href=\"\/es\/?p=2545\">Pedir un presupuesto<i class=\"stm-arrow-next\"><\/i><\/a><\/td>\n<\/tr>\n<tr>\n<td><b>CIVITAVECCHIA<\/b><\/td>\n<td style=\"text-align: center;\"><a class=\"button icon_right size-sm\" href=\"\/es\/?p=2545\">Pedir un presupuesto<i class=\"stm-arrow-next\"><\/i><\/a><\/td>\n<\/tr>\n<tr>\n<td><b>CITIVANOVA MARCHE<\/b><\/td>\n<td style=\"text-align: center;\"><a class=\"button icon_right size-sm\" href=\"\/es\/?p=2545\">Pedir un presupuesto<i class=\"stm-arrow-next\"><\/i><\/a><\/td>\n<\/tr>\n<\/tbody>\n<\/table>\n<\/div>\n<p>[\/vc_column_text][vc_empty_space][vc_column_text]<\/p>\n<h4>Puertos internacionales<\/h4>\n<p>[\/vc_column_text][vc_column_text]<\/p>\n<div class=\"vacancy_table_wr\">\n<table class=\"vacancy_table\">\n<thead>\n<tr>\n<th class=\"header headerSortDown\" width=\"60%\">DESTINOS<\/th>\n<th class=\"header\" width=\"40%\">COSTOS ESTIMADOS<\/th>\n<\/tr>\n<\/thead>\n<tbody>\n<tr>\n<td><b>ESPA\u00d1A<\/b><\/td>\n<td style=\"text-align: center;\"><a class=\"button icon_right size-sm\" href=\"\/es\/?p=2545\">Pedir un presupuesto<i class=\"stm-arrow-next\"><\/i><\/a><\/td>\n<\/tr>\n<tr>\n<td><b>PORTUGAL<\/b><\/td>\n<td style=\"text-align: center;\"><a class=\"button icon_right size-sm\" href=\"\/es\/?p=2545\">Pedir un presupuesto<i class=\"stm-arrow-next\"><\/i><\/a><\/td>\n<\/tr>\n<tr>\n<td><b>T\u00daNEZ<\/b><\/td>\n<td style=\"text-align: center;\"><a class=\"button icon_right size-sm\" href=\"\/es\/?p=2545\">Pedir un presupuesto<i class=\"stm-arrow-next\"><\/i><\/a><\/td>\n<\/tr>\n<tr>\n<td><b>GRECIA<\/b><\/td>\n<td style=\"text-align: center;\"><a class=\"button icon_right size-sm\" href=\"\/es\/?p=2545\">Pedir un presupuesto<i class=\"stm-arrow-next\"><\/i><\/a><\/td>\n<\/tr>\n<tr>\n<td><b>MARRUECOS<\/b><\/td>\n<td style=\"text-align: center;\"><a class=\"button icon_right size-sm\" href=\"\/es\/?p=2545\">Pedir un presupuesto<i class=\"stm-arrow-next\"><\/i><\/a><\/td>\n<\/tr>\n<\/tbody>\n<\/table>\n<\/div>\n<p>[\/vc_column_text][vc_empty_space][\/vc_column][vc_column width=\u00bb1\/3&#8243;][vc_widget_sidebar sidebar_id=\u00bbtranscargo-right-sidebar\u00bb][\/vc_column][\/vc_row][vc_row full_width=\u00bbstretch_row\u00bb el_class=\u00bbsecondary_bg_color\u00bb css=\u00bb.vc_custom_1447746818281{margin-bottom: 0px !important;}\u00bb][vc_column][vc_cta h2=\u00bb Para informaci\u00f3n detallada sobre los sectores de productos:\u00bb shape=\u00bbsquare\u00bb add_button=\u00bbright\u00bb btn_title=\u00bb Ver un resumen\u00bb btn_style=\u00bboutline\u00bb btn_shape=\u00bbround\u00bb btn_color=\u00bbwhite\u00bb btn_i_align=\u00bbright\u00bb btn_i_icon_fontawesome=\u00bbstm-arrow-next\u00bb btn_add_icon=\u00bbtrue\u00bb el_class=\u00bbsecondary_bg_color\u00bb btn_link=\u00bburl:%2Fes%2F%3Fp%3D2722|||\u00bb][\/vc_cta][\/vc_column][\/vc_row]<\/p>\n<\/div>","protected":false},"excerpt":{"rendered":"<p>[vc_row][vc_column width=\u00bb2\/3&#8243;][vc_column_text] Transporte intermodal. Trans Isole puede transportar cualquier tipo de bienes evaluando soluciones entre goma e intermodal carga de tierra mar Desde los puertos italianos se inicia un proceso de transferencia de&#8230;<\/p>\n","protected":false},"author":2,"featured_media":0,"parent":0,"menu_order":0,"comment_status":"closed","ping_status":"closed","template":"","meta":{"footnotes":""},"class_list":["post-2700","page","type-page","status-publish","hentry"],"yoast_head":"<!-- This site is optimized with the Yoast SEO plugin v25.6 - https:\/\/yoast.com\/wordpress\/plugins\/seo\/ -->\n<title>Trasporto intermodale autostrade del mare - Trans Isole<\/title>\n<meta name=\"description\" content=\"Trasporto intermodale Trans Isole: qualsiasi tipo di merce sia su gomma che in carico intermodale (gomma-rotaia o terra-mare)\" \/>\n<meta name=\"robots\" content=\"noindex, follow, max-snippet:-1, max-image-preview:large, max-video-preview:-1\" \/>\n<meta property=\"og:locale\" content=\"es_ES\" \/>\n<meta property=\"og:type\" content=\"article\" \/>\n<meta property=\"og:title\" content=\"Trasporto intermodale autostrade del mare - Trans Isole\" \/>\n<meta property=\"og:description\" content=\"Trasporto intermodale Trans Isole: qualsiasi tipo di merce sia su gomma che in carico intermodale (gomma-rotaia o terra-mare)\" \/>\n<meta property=\"og:url\" content=\"https:\/\/www.transisole.rivedemo.it\/trasporto-intermodale-autostrade-del-mare\" \/>\n<meta property=\"og:site_name\" content=\"Trans Isole\" \/>\n<meta property=\"article:publisher\" content=\"https:\/\/www.facebook.com\/transisole\" \/>\n<meta property=\"article:modified_time\" content=\"2021-02-02T08:07:26+00:00\" \/>\n<meta name=\"twitter:card\" content=\"summary_large_image\" \/>\n<meta name=\"twitter:label1\" content=\"Tiempo de lectura\" \/>\n\t<meta name=\"twitter:data1\" content=\"2 minutos\" \/>\n<script type=\"application\/ld+json\" class=\"yoast-schema-graph\">{\"@context\":\"https:\/\/schema.org\",\"@graph\":[{\"@type\":\"WebPage\",\"@id\":\"https:\/\/www.transisole.rivedemo.it\/trasporto-intermodale-autostrade-del-mare\",\"url\":\"https:\/\/www.transisole.rivedemo.it\/trasporto-intermodale-autostrade-del-mare\",\"name\":\"Trasporto intermodale autostrade del mare - Trans Isole\",\"isPartOf\":{\"@id\":\"https:\/\/www.transisole.rivedemo.it\/#website\"},\"datePublished\":\"2018-09-25T13:56:22+00:00\",\"dateModified\":\"2021-02-02T08:07:26+00:00\",\"description\":\"Trasporto intermodale Trans Isole: qualsiasi tipo di merce sia su gomma che in carico intermodale (gomma-rotaia o terra-mare)\",\"breadcrumb\":{\"@id\":\"https:\/\/www.transisole.rivedemo.it\/trasporto-intermodale-autostrade-del-mare#breadcrumb\"},\"inLanguage\":\"es\",\"potentialAction\":[{\"@type\":\"ReadAction\",\"target\":[\"https:\/\/www.transisole.rivedemo.it\/trasporto-intermodale-autostrade-del-mare\"]}]},{\"@type\":\"BreadcrumbList\",\"@id\":\"https:\/\/www.transisole.rivedemo.it\/trasporto-intermodale-autostrade-del-mare#breadcrumb\",\"itemListElement\":[{\"@type\":\"ListItem\",\"position\":1,\"name\":\"Home\",\"item\":\"https:\/\/www.transisole.rivedemo.it\/\"},{\"@type\":\"ListItem\",\"position\":2,\"name\":\"Carretera del mar\"}]},{\"@type\":\"WebSite\",\"@id\":\"https:\/\/www.transisole.rivedemo.it\/#website\",\"url\":\"https:\/\/www.transisole.rivedemo.it\/\",\"name\":\"Trans Isole\",\"description\":\"Trasporto in Italia, Europa e isole, Deposito e Logistica\",\"potentialAction\":[{\"@type\":\"SearchAction\",\"target\":{\"@type\":\"EntryPoint\",\"urlTemplate\":\"https:\/\/www.transisole.rivedemo.it\/?s={search_term_string}\"},\"query-input\":{\"@type\":\"PropertyValueSpecification\",\"valueRequired\":true,\"valueName\":\"search_term_string\"}}],\"inLanguage\":\"es\"}]}<\/script>\n<!-- \/ Yoast SEO plugin. -->","yoast_head_json":{"title":"Trasporto intermodale autostrade del mare - Trans Isole","description":"Trasporto intermodale Trans Isole: qualsiasi tipo di merce sia su gomma che in carico intermodale (gomma-rotaia o terra-mare)","robots":{"index":"noindex","follow":"follow","max-snippet":"max-snippet:-1","max-image-preview":"max-image-preview:large","max-video-preview":"max-video-preview:-1"},"og_locale":"es_ES","og_type":"article","og_title":"Trasporto intermodale autostrade del mare - Trans Isole","og_description":"Trasporto intermodale Trans Isole: qualsiasi tipo di merce sia su gomma che in carico intermodale (gomma-rotaia o terra-mare)","og_url":"https:\/\/www.transisole.rivedemo.it\/trasporto-intermodale-autostrade-del-mare","og_site_name":"Trans Isole","article_publisher":"https:\/\/www.facebook.com\/transisole","article_modified_time":"2021-02-02T08:07:26+00:00","twitter_card":"summary_large_image","twitter_misc":{"Tiempo de lectura":"2 minutos"},"schema":{"@context":"https:\/\/schema.org","@graph":[{"@type":"WebPage","@id":"https:\/\/www.transisole.rivedemo.it\/trasporto-intermodale-autostrade-del-mare","url":"https:\/\/www.transisole.rivedemo.it\/trasporto-intermodale-autostrade-del-mare","name":"Trasporto intermodale autostrade del mare - Trans Isole","isPartOf":{"@id":"https:\/\/www.transisole.rivedemo.it\/#website"},"datePublished":"2018-09-25T13:56:22+00:00","dateModified":"2021-02-02T08:07:26+00:00","description":"Trasporto intermodale Trans Isole: qualsiasi tipo di merce sia su gomma che in carico intermodale (gomma-rotaia o terra-mare)","breadcrumb":{"@id":"https:\/\/www.transisole.rivedemo.it\/trasporto-intermodale-autostrade-del-mare#breadcrumb"},"inLanguage":"es","potentialAction":[{"@type":"ReadAction","target":["https:\/\/www.transisole.rivedemo.it\/trasporto-intermodale-autostrade-del-mare"]}]},{"@type":"BreadcrumbList","@id":"https:\/\/www.transisole.rivedemo.it\/trasporto-intermodale-autostrade-del-mare#breadcrumb","itemListElement":[{"@type":"ListItem","position":1,"name":"Home","item":"https:\/\/www.transisole.rivedemo.it\/"},{"@type":"ListItem","position":2,"name":"Carretera del mar"}]},{"@type":"WebSite","@id":"https:\/\/www.transisole.rivedemo.it\/#website","url":"https:\/\/www.transisole.rivedemo.it\/","name":"Trans Isole","description":"Trasporto in Italia, Europa e isole, Deposito e Logistica","potentialAction":[{"@type":"SearchAction","target":{"@type":"EntryPoint","urlTemplate":"https:\/\/www.transisole.rivedemo.it\/?s={search_term_string}"},"query-input":{"@type":"PropertyValueSpecification","valueRequired":true,"valueName":"search_term_string"}}],"inLanguage":"es"}]}},"_links":{"self":[{"href":"https:\/\/www.transisole.rivedemo.it\/es\/wp-json\/wp\/v2\/pages\/2700","targetHints":{"allow":["GET"]}}],"collection":[{"href":"https:\/\/www.transisole.rivedemo.it\/es\/wp-json\/wp\/v2\/pages"}],"about":[{"href":"https:\/\/www.transisole.rivedemo.it\/es\/wp-json\/wp\/v2\/types\/page"}],"author":[{"embeddable":true,"href":"https:\/\/www.transisole.rivedemo.it\/es\/wp-json\/wp\/v2\/users\/2"}],"replies":[{"embeddable":true,"href":"https:\/\/www.transisole.rivedemo.it\/es\/wp-json\/wp\/v2\/comments?post=2700"}],"version-history":[{"count":18,"href":"https:\/\/www.transisole.rivedemo.it\/es\/wp-json\/wp\/v2\/pages\/2700\/revisions"}],"predecessor-version":[{"id":4504,"href":"https:\/\/www.transisole.rivedemo.it\/es\/wp-json\/wp\/v2\/pages\/2700\/revisions\/4504"}],"wp:attachment":[{"href":"https:\/\/www.transisole.rivedemo.it\/es\/wp-json\/wp\/v2\/media?parent=2700"}],"curies":[{"name":"wp","href":"https:\/\/api.w.org\/{rel}","templated":true}]}}