{"id":2698,"date":"2018-09-25T13:45:24","date_gmt":"2018-09-25T13:45:24","guid":{"rendered":"https:\/\/www.transisole.rivedemo.it\/trasporti-internazionali\/"},"modified":"2022-07-12T13:04:22","modified_gmt":"2022-07-12T13:04:22","slug":"trasporti-internazionali","status":"publish","type":"page","link":"https:\/\/www.transisole.rivedemo.it\/es\/trasporti-internazionali","title":{"rendered":"Transportes internacionales"},"content":{"rendered":"<div class=\"wpb-content-wrapper\"><p>[vc_row][vc_column width=\u00bb2\/3&#8243;][vc_column_text]<\/p>\n<h4>Transportes internacionales. La marca trans isole puede transportar cualquier tipo de mercanc\u00edas evaluando tanto en la carretera como en las soluciones de carga intermodal tierra-mar<\/h4>\n<p>[\/vc_column_text][vc_column_text]<\/p>\n<h5>Elige entre las principales \u00e1reas Euromediterr\u00e1neas la m\u00e1s cercana al destino a alcanzar para <strong>pedir un presupuesto<\/strong>\u00a0r\u00e1pido.<\/h5>\n<p>[\/vc_column_text][vc_single_image image=\u00bb2143&#8243; img_size=\u00bbfull\u00bb alignment=\u00bbcenter\u00bb style=\u00bbvc_box_outline\u00bb][vc_column_text]<\/p>\n<div class=\"vacancy_table_wr\">\n<table class=\"vacancy_table\">\n<thead>\n<tr>\n<th class=\"header headerSortDown\" width=\"60%\">DESTINO<\/th>\n<th class=\"header\" width=\"40%\">PRESUPUESTO<\/th>\n<\/tr>\n<\/thead>\n<tbody>\n<tr>\n<td><b>ITALIA<\/b><\/td>\n<td style=\"text-align: center;\"><a class=\"button icon_right size-sm\" href=\"\/es\/?p=2545\">Pedir un presupuesto<i class=\"stm-arrow-next\"><\/i><\/a><\/td>\n<\/tr>\n<tr>\n<td><b>ESPA\u00d1A<\/b><\/td>\n<td style=\"text-align: center;\"><a class=\"button icon_right size-sm\" href=\"\/es\/?p=2545\">Pedir un presupuesto<i class=\"stm-arrow-next\"><\/i><\/a><\/td>\n<\/tr>\n<tr>\n<td><b>PORTUGAL<\/b><\/td>\n<td style=\"text-align: center;\"><a class=\"button icon_right size-sm\" href=\"\/es\/?p=2545\">Pedir un presupuesto<i class=\"stm-arrow-next\"><\/i><\/a><\/td>\n<\/tr>\n<tr>\n<td><b>FRANCIA<\/b><\/td>\n<td style=\"text-align: center;\"><a class=\"button icon_right size-sm\" href=\"\/es\/?p=2545\">Pedir un presupuesto<i class=\"stm-arrow-next\"><\/i><\/a><\/td>\n<\/tr>\n<tr>\n<td><b>AUSTRIA<\/b><\/td>\n<td style=\"text-align: center;\"><a class=\"button icon_right size-sm\" href=\"\/es\/?p=2545\">Pedir un presupuesto<i class=\"stm-arrow-next\"><\/i><\/a><\/td>\n<\/tr>\n<tr>\n<td><b>HOLLAND<\/b><\/td>\n<td style=\"text-align: center;\"><a class=\"button icon_right size-sm\" href=\"\/es\/?p=2545\">Pedir un presupuesto<i class=\"stm-arrow-next\"><\/i><\/a><\/td>\n<\/tr>\n<tr>\n<td><b>ALEMANIA<\/b><\/td>\n<td style=\"text-align: center;\"><a class=\"button icon_right size-sm\" href=\"\/es\/?p=2545\">Pedir un presupuesto<i class=\"stm-arrow-next\"><\/i><\/a><\/td>\n<\/tr>\n<tr>\n<td><b>GRECIA<\/b><\/td>\n<td style=\"text-align: center;\"><a class=\"button icon_right size-sm\" href=\"\/es\/?p=2545\">Pedir un presupuesto<i class=\"stm-arrow-next\"><\/i><\/a><\/td>\n<\/tr>\n<tr>\n<td><b>SLOVENIA<\/b><\/td>\n<td style=\"text-align: center;\"><a class=\"button icon_right size-sm\" href=\"\/es\/?p=2545\">Pedir un presupuesto<i class=\"stm-arrow-next\"><\/i><\/a><\/td>\n<\/tr>\n<tr>\n<td><b>MARRUECOS<\/b><\/td>\n<td style=\"text-align: center;\"><a class=\"button icon_right size-sm\" href=\"\/es\/?p=2545\">Pedir un presupuesto<i class=\"stm-arrow-next\"><\/i><\/a><\/td>\n<\/tr>\n<\/tbody>\n<\/table>\n<\/div>\n<p>[\/vc_column_text][vc_empty_space][\/vc_column][vc_column width=\u00bb1\/3&#8243;][vc_widget_sidebar sidebar_id=\u00bbtranscargo-right-sidebar\u00bb][\/vc_column][\/vc_row][vc_row full_width=\u00bbstretch_row\u00bb el_class=\u00bbsecondary_bg_color\u00bb css=\u00bb.vc_custom_1447746818281{margin-bottom: 0px !important;}\u00bb][vc_column][vc_cta h2=\u00bb Para informaci\u00f3n detallada sobre los sectores de productos:\u00bb shape=\u00bbsquare\u00bb add_button=\u00bbright\u00bb btn_title=\u00bb Ver un resumen\u00bb btn_style=\u00bboutline\u00bb btn_shape=\u00bbround\u00bb btn_color=\u00bbwhite\u00bb btn_i_align=\u00bbright\u00bb btn_i_icon_fontawesome=\u00bbstm-arrow-next\u00bb btn_add_icon=\u00bbtrue\u00bb el_class=\u00bbsecondary_bg_color\u00bb btn_link=\u00bburl:%2Fes%2F%3Fp%3D2722|||\u00bb][\/vc_cta][\/vc_column][\/vc_row]<\/p>\n<\/div>","protected":false},"excerpt":{"rendered":"<p>[vc_row][vc_column width=\u00bb2\/3&#8243;][vc_column_text] Transportes internacionales. La marca trans isole puede transportar cualquier tipo de mercanc\u00edas evaluando tanto en la carretera como en las soluciones de carga intermodal tierra-mar [\/vc_column_text][vc_column_text] Elige entre las principales \u00e1reas&#8230;<\/p>\n","protected":false},"author":2,"featured_media":0,"parent":0,"menu_order":0,"comment_status":"closed","ping_status":"closed","template":"","meta":{"footnotes":""},"class_list":["post-2698","page","type-page","status-publish","hentry"],"yoast_head":"<!-- This site is optimized with the Yoast SEO plugin v25.6 - https:\/\/yoast.com\/wordpress\/plugins\/seo\/ -->\n<title>Trasporti internazionali su gomma o intermodale - Trans Isole<\/title>\n<meta name=\"description\" content=\"Trasporti internazionali Trans Isole: qualsiasi tipo di merce sia su gomma che in carico intermodale (gomma-rotaia o terra-mare)\" \/>\n<meta name=\"robots\" content=\"noindex, follow, max-snippet:-1, max-image-preview:large, max-video-preview:-1\" \/>\n<meta property=\"og:locale\" content=\"es_ES\" \/>\n<meta property=\"og:type\" content=\"article\" \/>\n<meta property=\"og:title\" content=\"Trasporti internazionali su gomma o intermodale - Trans Isole\" \/>\n<meta property=\"og:description\" content=\"Trasporti internazionali Trans Isole: qualsiasi tipo di merce sia su gomma che in carico intermodale (gomma-rotaia o terra-mare)\" \/>\n<meta property=\"og:url\" content=\"https:\/\/www.transisole.rivedemo.it\/trasporti-internazionali\" \/>\n<meta property=\"og:site_name\" content=\"Trans Isole\" \/>\n<meta property=\"article:publisher\" content=\"https:\/\/www.facebook.com\/transisole\" \/>\n<meta property=\"article:modified_time\" content=\"2022-07-12T13:04:22+00:00\" \/>\n<meta name=\"twitter:card\" content=\"summary_large_image\" \/>\n<meta name=\"twitter:label1\" content=\"Tiempo de lectura\" \/>\n\t<meta name=\"twitter:data1\" content=\"1 minuto\" \/>\n<script type=\"application\/ld+json\" class=\"yoast-schema-graph\">{\"@context\":\"https:\/\/schema.org\",\"@graph\":[{\"@type\":\"WebPage\",\"@id\":\"https:\/\/www.transisole.rivedemo.it\/trasporti-internazionali\",\"url\":\"https:\/\/www.transisole.rivedemo.it\/trasporti-internazionali\",\"name\":\"Trasporti internazionali su gomma o intermodale - Trans Isole\",\"isPartOf\":{\"@id\":\"https:\/\/www.transisole.rivedemo.it\/#website\"},\"datePublished\":\"2018-09-25T13:45:24+00:00\",\"dateModified\":\"2022-07-12T13:04:22+00:00\",\"description\":\"Trasporti internazionali Trans Isole: qualsiasi tipo di merce sia su gomma che in carico intermodale (gomma-rotaia o terra-mare)\",\"breadcrumb\":{\"@id\":\"https:\/\/www.transisole.rivedemo.it\/trasporti-internazionali#breadcrumb\"},\"inLanguage\":\"es\",\"potentialAction\":[{\"@type\":\"ReadAction\",\"target\":[\"https:\/\/www.transisole.rivedemo.it\/trasporti-internazionali\"]}]},{\"@type\":\"BreadcrumbList\",\"@id\":\"https:\/\/www.transisole.rivedemo.it\/trasporti-internazionali#breadcrumb\",\"itemListElement\":[{\"@type\":\"ListItem\",\"position\":1,\"name\":\"Home\",\"item\":\"https:\/\/www.transisole.rivedemo.it\/\"},{\"@type\":\"ListItem\",\"position\":2,\"name\":\"Transportes internacionales\"}]},{\"@type\":\"WebSite\",\"@id\":\"https:\/\/www.transisole.rivedemo.it\/#website\",\"url\":\"https:\/\/www.transisole.rivedemo.it\/\",\"name\":\"Trans Isole\",\"description\":\"Trasporto in Italia, Europa e isole, Deposito e Logistica\",\"potentialAction\":[{\"@type\":\"SearchAction\",\"target\":{\"@type\":\"EntryPoint\",\"urlTemplate\":\"https:\/\/www.transisole.rivedemo.it\/?s={search_term_string}\"},\"query-input\":{\"@type\":\"PropertyValueSpecification\",\"valueRequired\":true,\"valueName\":\"search_term_string\"}}],\"inLanguage\":\"es\"}]}<\/script>\n<!-- \/ Yoast SEO plugin. -->","yoast_head_json":{"title":"Trasporti internazionali su gomma o intermodale - Trans Isole","description":"Trasporti internazionali Trans Isole: qualsiasi tipo di merce sia su gomma che in carico intermodale (gomma-rotaia o terra-mare)","robots":{"index":"noindex","follow":"follow","max-snippet":"max-snippet:-1","max-image-preview":"max-image-preview:large","max-video-preview":"max-video-preview:-1"},"og_locale":"es_ES","og_type":"article","og_title":"Trasporti internazionali su gomma o intermodale - Trans Isole","og_description":"Trasporti internazionali Trans Isole: qualsiasi tipo di merce sia su gomma che in carico intermodale (gomma-rotaia o terra-mare)","og_url":"https:\/\/www.transisole.rivedemo.it\/trasporti-internazionali","og_site_name":"Trans Isole","article_publisher":"https:\/\/www.facebook.com\/transisole","article_modified_time":"2022-07-12T13:04:22+00:00","twitter_card":"summary_large_image","twitter_misc":{"Tiempo de lectura":"1 minuto"},"schema":{"@context":"https:\/\/schema.org","@graph":[{"@type":"WebPage","@id":"https:\/\/www.transisole.rivedemo.it\/trasporti-internazionali","url":"https:\/\/www.transisole.rivedemo.it\/trasporti-internazionali","name":"Trasporti internazionali su gomma o intermodale - Trans Isole","isPartOf":{"@id":"https:\/\/www.transisole.rivedemo.it\/#website"},"datePublished":"2018-09-25T13:45:24+00:00","dateModified":"2022-07-12T13:04:22+00:00","description":"Trasporti internazionali Trans Isole: qualsiasi tipo di merce sia su gomma che in carico intermodale (gomma-rotaia o terra-mare)","breadcrumb":{"@id":"https:\/\/www.transisole.rivedemo.it\/trasporti-internazionali#breadcrumb"},"inLanguage":"es","potentialAction":[{"@type":"ReadAction","target":["https:\/\/www.transisole.rivedemo.it\/trasporti-internazionali"]}]},{"@type":"BreadcrumbList","@id":"https:\/\/www.transisole.rivedemo.it\/trasporti-internazionali#breadcrumb","itemListElement":[{"@type":"ListItem","position":1,"name":"Home","item":"https:\/\/www.transisole.rivedemo.it\/"},{"@type":"ListItem","position":2,"name":"Transportes internacionales"}]},{"@type":"WebSite","@id":"https:\/\/www.transisole.rivedemo.it\/#website","url":"https:\/\/www.transisole.rivedemo.it\/","name":"Trans Isole","description":"Trasporto in Italia, Europa e isole, Deposito e Logistica","potentialAction":[{"@type":"SearchAction","target":{"@type":"EntryPoint","urlTemplate":"https:\/\/www.transisole.rivedemo.it\/?s={search_term_string}"},"query-input":{"@type":"PropertyValueSpecification","valueRequired":true,"valueName":"search_term_string"}}],"inLanguage":"es"}]}},"_links":{"self":[{"href":"https:\/\/www.transisole.rivedemo.it\/es\/wp-json\/wp\/v2\/pages\/2698","targetHints":{"allow":["GET"]}}],"collection":[{"href":"https:\/\/www.transisole.rivedemo.it\/es\/wp-json\/wp\/v2\/pages"}],"about":[{"href":"https:\/\/www.transisole.rivedemo.it\/es\/wp-json\/wp\/v2\/types\/page"}],"author":[{"embeddable":true,"href":"https:\/\/www.transisole.rivedemo.it\/es\/wp-json\/wp\/v2\/users\/2"}],"replies":[{"embeddable":true,"href":"https:\/\/www.transisole.rivedemo.it\/es\/wp-json\/wp\/v2\/comments?post=2698"}],"version-history":[{"count":10,"href":"https:\/\/www.transisole.rivedemo.it\/es\/wp-json\/wp\/v2\/pages\/2698\/revisions"}],"predecessor-version":[{"id":5800,"href":"https:\/\/www.transisole.rivedemo.it\/es\/wp-json\/wp\/v2\/pages\/2698\/revisions\/5800"}],"wp:attachment":[{"href":"https:\/\/www.transisole.rivedemo.it\/es\/wp-json\/wp\/v2\/media?parent=2698"}],"curies":[{"name":"wp","href":"https:\/\/api.w.org\/{rel}","templated":true}]}}