{"id":2558,"date":"2018-09-21T14:02:58","date_gmt":"2018-09-21T14:02:58","guid":{"rendered":"https:\/\/www.transisole.rivedemo.it\/italia-europa\/"},"modified":"2019-10-11T10:28:37","modified_gmt":"2019-10-11T10:28:37","slug":"italia-europa","status":"publish","type":"page","link":"https:\/\/www.transisole.rivedemo.it\/es\/italia-europa","title":{"rendered":"Italia \/ Europa"},"content":{"rendered":"<div class=\"wpb-content-wrapper\"><p>[vc_row][vc_column offset=\u00bbvc_hidden-sm vc_hidden-xs\u00bb][vc_column_text css=\u00bb.vc_custom_1540912246966{margin-bottom: 60px !important;}\u00bb]<\/p>\n<h2>Contactos Italia \/ Europa<\/h2>\n<p>[\/vc_column_text][vc_column_text]El centro opertivo Trans Isole tiene sede en Angri, en la provincia de Salerno. Est\u00e1 situado en el coraz\u00f3n del \u00e1rea productiva Nocera-Gragnano, en una posici\u00f3n estrat\u00e9gica entre los Puertos de N\u00e1poles y Salerno.[\/vc_column_text][vc_row_inner css=\u00bb.vc_custom_1449205358710{margin-bottom: 0px !important;}\u00bb][vc_column_inner width=\u00bb1\/2&#8243; css=\u00bb.vc_custom_1449205271760{margin-bottom: 30px !important;}\u00bb][vc_column_text css=\u00bb.vc_custom_1537538528212{border-top-width: 1px !important;border-right-width: 1px !important;border-bottom-width: 1px !important;border-left-width: 1px !important;padding-top: 40px !important;padding-right: 30px !important;padding-bottom: 40px !important;padding-left: 30px !important;border-left-color: #e6e6e6 !important;border-left-style: solid !important;border-right-color: #e6e6e6 !important;border-right-style: solid !important;border-top-color: #e6e6e6 !important;border-top-style: solid !important;border-bottom-color: #e6e6e6 !important;border-bottom-style: solid !important;}\u00bb]<\/p>\n<h4>SEDE AMMINISTRATIVA<\/h4>\n<p><iframe loading=\"lazy\" src=\"https:\/\/maps.google.it\/maps?f=q&amp;source=s_q&amp;hl=it&amp;geocode=&amp;q=via+Salice,+1+|+84012+Angri+(SA)+-+Italy&amp;aq=&amp;sll=41.29085,12.71216&amp;sspn=23.303708,46.538086&amp;ie=UTF8&amp;hq=&amp;hnear=Via+Salice,+1,+Scafati,+Salerno,+Campania&amp;t=m&amp;z=14&amp;output=embed\" width=\"630\" height=\"330\" frameborder=\"0\" marginwidth=\"0\" marginheight=\"0\" scrolling=\"no\"><\/iframe><\/p>\n<p>via Salice, 46 | 84012 Angri (SA) \u2013 Italy<br \/>\nTel: (+39) 081 5135020<br \/>\nFax: (+39) 081 5135063<br \/>\nE-Mail:\u00a0<a href=\"mailto:info@transisole.rivedemo.it\">info@transisole.rivedemo.it<\/a>[\/vc_column_text][\/vc_column_inner][vc_column_inner width=\u00bb1\/2&#8243; css=\u00bb.vc_custom_1449205275416{margin-bottom: 30px !important;}\u00bb][\/vc_column_inner][\/vc_row_inner][\/vc_column][\/vc_row][vc_row full_width=\u00bbstretch_row\u00bb el_class=\u00bbsecondary_bg_color\u00bb css=\u00bb.vc_custom_1447746818281{margin-bottom: 0px !important;}\u00bb][vc_column][vc_cta h2=\u00bb Transportamos cualquier mercanc\u00eda por carretera y por mar:\u00bb shape=\u00bbsquare\u00bb add_button=\u00bbright\u00bb btn_title=\u00bb Ver nuestra flota\u00bb btn_style=\u00bboutline\u00bb btn_shape=\u00bbround\u00bb btn_color=\u00bbwhite\u00bb btn_i_align=\u00bbright\u00bb btn_i_icon_fontawesome=\u00bbstm-arrow-next\u00bb btn_add_icon=\u00bbtrue\u00bb el_class=\u00bbsecondary_bg_color\u00bb btn_link=\u00bburl:%2Fes%2F%3Fp%3D2712|||\u00bb][\/vc_cta][\/vc_column][\/vc_row]<\/p>\n<\/div>","protected":false},"excerpt":{"rendered":"<p>[vc_row][vc_column offset=\u00bbvc_hidden-sm vc_hidden-xs\u00bb][vc_column_text css=\u00bb.vc_custom_1540912246966{margin-bottom: 60px !important;}\u00bb] Contactos Italia \/ Europa [\/vc_column_text][vc_column_text]El centro opertivo Trans Isole tiene sede en Angri, en la provincia de Salerno. Est\u00e1 situado en el coraz\u00f3n del \u00e1rea productiva Nocera-Gragnano,&#8230;<\/p>\n","protected":false},"author":2,"featured_media":0,"parent":0,"menu_order":0,"comment_status":"closed","ping_status":"closed","template":"","meta":{"footnotes":""},"class_list":["post-2558","page","type-page","status-publish","hentry"],"yoast_head":"<!-- This site is optimized with the Yoast SEO plugin v25.6 - https:\/\/yoast.com\/wordpress\/plugins\/seo\/ -->\n<title>Italia \/ Europa - Trans Isole<\/title>\n<meta name=\"robots\" content=\"noindex, nofollow\" \/>\n<meta property=\"og:locale\" content=\"es_ES\" \/>\n<meta property=\"og:type\" content=\"article\" \/>\n<meta property=\"og:title\" content=\"Italia \/ Europa - Trans Isole\" \/>\n<meta property=\"og:description\" content=\"[vc_row][vc_column offset=\u00bbvc_hidden-sm vc_hidden-xs\u00bb][vc_column_text css=\u00bb.vc_custom_1540912246966{margin-bottom: 60px !important;}\u00bb] Contactos Italia \/ Europa [\/vc_column_text][vc_column_text]El centro opertivo Trans Isole tiene sede en Angri, en la provincia de Salerno. Est\u00e1 situado en el coraz\u00f3n del \u00e1rea productiva Nocera-Gragnano,...\" \/>\n<meta property=\"og:url\" content=\"https:\/\/www.transisole.rivedemo.it\/italia-europa\" \/>\n<meta property=\"og:site_name\" content=\"Trans Isole\" \/>\n<meta property=\"article:publisher\" content=\"https:\/\/www.facebook.com\/transisole\" \/>\n<meta property=\"article:modified_time\" content=\"2019-10-11T10:28:37+00:00\" \/>\n<meta name=\"twitter:card\" content=\"summary_large_image\" \/>\n<meta name=\"twitter:label1\" content=\"Tiempo de lectura\" \/>\n\t<meta name=\"twitter:data1\" content=\"1 minuto\" \/>\n<script type=\"application\/ld+json\" class=\"yoast-schema-graph\">{\"@context\":\"https:\/\/schema.org\",\"@graph\":[{\"@type\":\"WebPage\",\"@id\":\"https:\/\/www.transisole.rivedemo.it\/italia-europa\",\"url\":\"https:\/\/www.transisole.rivedemo.it\/italia-europa\",\"name\":\"Italia \/ Europa - Trans Isole\",\"isPartOf\":{\"@id\":\"https:\/\/www.transisole.rivedemo.it\/#website\"},\"datePublished\":\"2018-09-21T14:02:58+00:00\",\"dateModified\":\"2019-10-11T10:28:37+00:00\",\"breadcrumb\":{\"@id\":\"https:\/\/www.transisole.rivedemo.it\/italia-europa#breadcrumb\"},\"inLanguage\":\"es\",\"potentialAction\":[{\"@type\":\"ReadAction\",\"target\":[\"https:\/\/www.transisole.rivedemo.it\/italia-europa\"]}]},{\"@type\":\"BreadcrumbList\",\"@id\":\"https:\/\/www.transisole.rivedemo.it\/italia-europa#breadcrumb\",\"itemListElement\":[{\"@type\":\"ListItem\",\"position\":1,\"name\":\"Home\",\"item\":\"https:\/\/www.transisole.rivedemo.it\/\"},{\"@type\":\"ListItem\",\"position\":2,\"name\":\"Italia \/ Europa\"}]},{\"@type\":\"WebSite\",\"@id\":\"https:\/\/www.transisole.rivedemo.it\/#website\",\"url\":\"https:\/\/www.transisole.rivedemo.it\/\",\"name\":\"Trans Isole\",\"description\":\"Trasporto in Italia, Europa e isole, Deposito e Logistica\",\"potentialAction\":[{\"@type\":\"SearchAction\",\"target\":{\"@type\":\"EntryPoint\",\"urlTemplate\":\"https:\/\/www.transisole.rivedemo.it\/?s={search_term_string}\"},\"query-input\":{\"@type\":\"PropertyValueSpecification\",\"valueRequired\":true,\"valueName\":\"search_term_string\"}}],\"inLanguage\":\"es\"}]}<\/script>\n<!-- \/ Yoast SEO plugin. -->","yoast_head_json":{"title":"Italia \/ Europa - Trans Isole","robots":{"index":"noindex","follow":"nofollow"},"og_locale":"es_ES","og_type":"article","og_title":"Italia \/ Europa - Trans Isole","og_description":"[vc_row][vc_column offset=\u00bbvc_hidden-sm vc_hidden-xs\u00bb][vc_column_text css=\u00bb.vc_custom_1540912246966{margin-bottom: 60px !important;}\u00bb] Contactos Italia \/ Europa [\/vc_column_text][vc_column_text]El centro opertivo Trans Isole tiene sede en Angri, en la provincia de Salerno. Est\u00e1 situado en el coraz\u00f3n del \u00e1rea productiva Nocera-Gragnano,...","og_url":"https:\/\/www.transisole.rivedemo.it\/italia-europa","og_site_name":"Trans Isole","article_publisher":"https:\/\/www.facebook.com\/transisole","article_modified_time":"2019-10-11T10:28:37+00:00","twitter_card":"summary_large_image","twitter_misc":{"Tiempo de lectura":"1 minuto"},"schema":{"@context":"https:\/\/schema.org","@graph":[{"@type":"WebPage","@id":"https:\/\/www.transisole.rivedemo.it\/italia-europa","url":"https:\/\/www.transisole.rivedemo.it\/italia-europa","name":"Italia \/ Europa - Trans Isole","isPartOf":{"@id":"https:\/\/www.transisole.rivedemo.it\/#website"},"datePublished":"2018-09-21T14:02:58+00:00","dateModified":"2019-10-11T10:28:37+00:00","breadcrumb":{"@id":"https:\/\/www.transisole.rivedemo.it\/italia-europa#breadcrumb"},"inLanguage":"es","potentialAction":[{"@type":"ReadAction","target":["https:\/\/www.transisole.rivedemo.it\/italia-europa"]}]},{"@type":"BreadcrumbList","@id":"https:\/\/www.transisole.rivedemo.it\/italia-europa#breadcrumb","itemListElement":[{"@type":"ListItem","position":1,"name":"Home","item":"https:\/\/www.transisole.rivedemo.it\/"},{"@type":"ListItem","position":2,"name":"Italia \/ Europa"}]},{"@type":"WebSite","@id":"https:\/\/www.transisole.rivedemo.it\/#website","url":"https:\/\/www.transisole.rivedemo.it\/","name":"Trans Isole","description":"Trasporto in Italia, Europa e isole, Deposito e Logistica","potentialAction":[{"@type":"SearchAction","target":{"@type":"EntryPoint","urlTemplate":"https:\/\/www.transisole.rivedemo.it\/?s={search_term_string}"},"query-input":{"@type":"PropertyValueSpecification","valueRequired":true,"valueName":"search_term_string"}}],"inLanguage":"es"}]}},"_links":{"self":[{"href":"https:\/\/www.transisole.rivedemo.it\/es\/wp-json\/wp\/v2\/pages\/2558","targetHints":{"allow":["GET"]}}],"collection":[{"href":"https:\/\/www.transisole.rivedemo.it\/es\/wp-json\/wp\/v2\/pages"}],"about":[{"href":"https:\/\/www.transisole.rivedemo.it\/es\/wp-json\/wp\/v2\/types\/page"}],"author":[{"embeddable":true,"href":"https:\/\/www.transisole.rivedemo.it\/es\/wp-json\/wp\/v2\/users\/2"}],"replies":[{"embeddable":true,"href":"https:\/\/www.transisole.rivedemo.it\/es\/wp-json\/wp\/v2\/comments?post=2558"}],"version-history":[{"count":2,"href":"https:\/\/www.transisole.rivedemo.it\/es\/wp-json\/wp\/v2\/pages\/2558\/revisions"}],"predecessor-version":[{"id":3941,"href":"https:\/\/www.transisole.rivedemo.it\/es\/wp-json\/wp\/v2\/pages\/2558\/revisions\/3941"}],"wp:attachment":[{"href":"https:\/\/www.transisole.rivedemo.it\/es\/wp-json\/wp\/v2\/media?parent=2558"}],"curies":[{"name":"wp","href":"https:\/\/api.w.org\/{rel}","templated":true}]}}