{"id":2545,"date":"2015-11-17T07:30:34","date_gmt":"2015-11-17T07:30:34","guid":{"rendered":"https:\/\/www.transisole.rivedemo.it\/preventivo-online-trasporti-logistica-distribuzione\/"},"modified":"2019-10-11T10:28:32","modified_gmt":"2019-10-11T10:28:32","slug":"soluciones-de-transportes-a-medida","status":"publish","type":"page","link":"https:\/\/www.transisole.rivedemo.it\/es\/soluciones-de-transportes-a-medida","title":{"rendered":"Presupuestos"},"content":{"rendered":"<div class=\"wpb-content-wrapper\"><p>[vc_row][vc_column width=\u00bb2\/3&#8243;][vc_column_text]<\/p>\n<h2>Solicitud estimada gratis<\/h2>\n<p>Trans Isole es especial\u00edsta en el transporte por carretera, internacional y mixto en toda Europa.<br \/>\nNuestro equipo sabr\u00e1 planificar\u00a0<strong>soluciones de transportes a medida<\/strong>\u00a0fiables, eficaces y sostenible.<\/p>\n<p>A continuaci\u00f3n encuentra nuestro formulario para solicitar un presupuesto ad-hoc.<br \/>\nRellena los campos subrrayados y especif\u00edca tus exigencias.<br \/>\nTe responderemos en un m\u00e1ximo de 48 horas.[\/vc_column_text][vc_column_text]<div id=\"vfb-form-4\" class=\"visual-form-builder-container\"><form id=\"preventivo-es-4\" class=\"visual-form-builder vfb-form-4  \" method=\"post\" enctype=\"multipart\/form-data\" action=\"\">\r\n\t\t<input type=\"hidden\" name=\"form_id\" value=\"4\" \/><fieldset class=\"vfb-fieldset vfb-fieldset-1 peticiones-especificas    \" id=\"item-vfb-179\"><div class=\"vfb-legend\"><h3>Peticiones espec\u00edficas<\/h3><\/div><ul class=\"vfb-section vfb-section-1\"><li class=\"vfb-item vfb-item-radio    \" id=\"item-vfb-183\"><label class=\"vfb-desc\">Tipo de carga <\/label><div><span class=\"vfb-span\"><input type=\"radio\" name=\"vfb-183\" id=\"vfb-183-1\" value=\"Completa\" class=\"vfb-radio  \" checked='checked' \/><label for=\"vfb-183-1\" class=\"vfb-choice\">Completa<\/label><\/span><span class=\"vfb-span\"><input type=\"radio\" name=\"vfb-183\" id=\"vfb-183-2\" value=\"Parcial\" class=\"vfb-radio  \" \/><label for=\"vfb-183-2\" class=\"vfb-choice\">Parcial<\/label><\/span><div style=\"clear:both\"><\/div><\/div><\/li>\n<li class=\"vfb-item vfb-item-text    vfb-conditional  vfb-conditional-hide\" id=\"item-vfb-184\"><label for=\"vfb-184\" class=\"vfb-desc\">Se parziale, specificare  <span class=\"vfb-required-asterisk\">*<\/span><\/label><input type=\"text\" name=\"vfb-184\" id=\"vfb-184\" value=\"\" class=\"vfb-text  vfb-large  required  \" \/><\/li>\n<li class=\"vfb-item vfb-item-date    \" id=\"item-vfb-185\"><label for=\"vfb-185\" class=\"vfb-desc\">Fecha de Carga  <span class=\"vfb-required-asterisk\">*<\/span><\/label><input type=\"text\" name=\"vfb-185\" id=\"vfb-185\" value=\"\" class=\"vfb-text vfb-date-picker  vfb-small  required \" data-dp-dateFormat=\"dd\/mm\/yy\" \/><\/li>\n<li class=\"vfb-item vfb-item-date    \" id=\"item-vfb-186\"><label for=\"vfb-186\" class=\"vfb-desc\">Fecha de Descarga  <span class=\"vfb-required-asterisk\">*<\/span><\/label><input type=\"text\" name=\"vfb-186\" id=\"vfb-186\" value=\"\" class=\"vfb-text vfb-date-picker  vfb-small  required \" data-dp-dateFormat=\"dd\/mm\/yy\" \/><\/li>\n<li class=\"vfb-item vfb-item-text    \" id=\"item-vfb-187\"><label for=\"vfb-187\" class=\"vfb-desc\">Tipo de mercanc\u00eda <\/label><input type=\"text\" name=\"vfb-187\" id=\"vfb-187\" value=\"\" class=\"vfb-text  vfb-large   \" \/><\/li>\n<li class=\"vfb-item vfb-item-text    \" id=\"item-vfb-188\"><label for=\"vfb-188\" class=\"vfb-desc\">Valor de la mercanc\u00eda <\/label><input type=\"text\" name=\"vfb-188\" id=\"vfb-188\" value=\"\" class=\"vfb-text  vfb-medium   \" \/><\/li>\n<li class=\"vfb-item vfb-item-radio    \" id=\"item-vfb-189\"><label class=\"vfb-desc\">Cobertura asegurativa <\/label><div><span class=\"vfb-span\"><input type=\"radio\" name=\"vfb-189\" id=\"vfb-189-1\" value=\"Si\" class=\"vfb-radio  \" checked='checked' \/><label for=\"vfb-189-1\" class=\"vfb-choice\">Si<\/label><\/span><span class=\"vfb-span\"><input type=\"radio\" name=\"vfb-189\" id=\"vfb-189-2\" value=\"No\" class=\"vfb-radio  \" \/><label for=\"vfb-189-2\" class=\"vfb-choice\">No<\/label><\/span><div style=\"clear:both\"><\/div><\/div><\/li>\n<li class=\"vfb-item vfb-item-text    \" id=\"item-vfb-190\"><label for=\"vfb-190\" class=\"vfb-desc\">Lugar de Carga <\/label><input type=\"text\" name=\"vfb-190\" id=\"vfb-190\" value=\"\" class=\"vfb-text  vfb-large   \" \/><\/li>\n<li class=\"vfb-item vfb-item-text    \" id=\"item-vfb-191\"><label for=\"vfb-191\" class=\"vfb-desc\">Lugar de Descarga <\/label><input type=\"text\" name=\"vfb-191\" id=\"vfb-191\" value=\"\" class=\"vfb-text  vfb-large   \" \/><\/li>\n<li class=\"vfb-item vfb-item-select    \" id=\"item-vfb-192\"><label for=\"vfb-192\" class=\"vfb-desc\">Tipo de Medio  <span class=\"vfb-required-asterisk\">*<\/span><\/label><select name=\"vfb-192\" id=\"vfb-192\" class=\"vfb-select  vfb-medium  required \"><option value=\"Cisternas\" selected='selected'>Cisternas<\/option><option value=\"Portacointainer\">Portacointainer<\/option><option value=\"Lonas\">Lonas<\/option><option value=\"Trailers cuello de cisne\">Trailers cuello de cisne<\/option><option value=\"Ba\u00f1eras\">Ba\u00f1eras<\/option><option value=\"Frigo\">Frigo<\/option><\/select><\/li>\n<\/ul>&nbsp;<\/fieldset><fieldset class=\"vfb-fieldset vfb-fieldset-2 tipo-de-peticion    \" id=\"item-vfb-196\"><div class=\"vfb-legend\"><h3>Tipo de petici\u00f3n<\/h3><\/div><ul class=\"vfb-section vfb-section-2\"><li class=\"vfb-item vfb-item-radio    \" id=\"item-vfb-197\"><label class=\"vfb-desc\">Usuario <\/label><div><span class=\"vfb-span\"><input type=\"radio\" name=\"vfb-197\" id=\"vfb-197-1\" value=\"Empresa\" class=\"vfb-radio  \" checked='checked' \/><label for=\"vfb-197-1\" class=\"vfb-choice\">Empresa<\/label><\/span><span class=\"vfb-span\"><input type=\"radio\" name=\"vfb-197\" id=\"vfb-197-2\" value=\"Privado\" class=\"vfb-radio  \" \/><label for=\"vfb-197-2\" class=\"vfb-choice\">Privado<\/label><\/span><div style=\"clear:both\"><\/div><\/div><\/li>\n<\/ul>&nbsp;<\/fieldset><fieldset class=\"vfb-fieldset vfb-fieldset-3 empresa    vfb-conditional  vfb-conditional-hide\" id=\"item-vfb-206\"><div class=\"vfb-legend\"><h3>Empresa<\/h3><\/div><ul class=\"vfb-section vfb-section-3\"><li class=\"vfb-item vfb-item-text    \" id=\"item-vfb-208\"><label for=\"vfb-208\" class=\"vfb-desc\">Nombre  <span class=\"vfb-required-asterisk\">*<\/span><\/label><input type=\"text\" name=\"vfb-208\" id=\"vfb-208\" value=\"\" class=\"vfb-text  vfb-medium  required  \" \/><\/li>\n<li class=\"vfb-item vfb-item-text    \" id=\"item-vfb-209\"><label for=\"vfb-209\" class=\"vfb-desc\">IVA  <span class=\"vfb-required-asterisk\">*<\/span><\/label><input type=\"text\" name=\"vfb-209\" id=\"vfb-209\" value=\"\" class=\"vfb-text  vfb-small  required  \" \/><\/li>\n<li class=\"vfb-item vfb-item-text    \" id=\"item-vfb-210\"><label for=\"vfb-210\" class=\"vfb-desc\">Referente <\/label><input type=\"text\" name=\"vfb-210\" id=\"vfb-210\" value=\"\" class=\"vfb-text  vfb-medium   \" \/><\/li>\n<\/ul>&nbsp;<\/fieldset><fieldset class=\"vfb-fieldset vfb-fieldset-4 privado    vfb-conditional  vfb-conditional-hide\" id=\"item-vfb-207\"><div class=\"vfb-legend\"><h3>Privado<\/h3><\/div><ul class=\"vfb-section vfb-section-4\"><li class=\"vfb-item vfb-item-text    \" id=\"item-vfb-211\"><label for=\"vfb-211\" class=\"vfb-desc\">Nombre  <span class=\"vfb-required-asterisk\">*<\/span><\/label><input type=\"text\" name=\"vfb-211\" id=\"vfb-211\" value=\"\" class=\"vfb-text  vfb-medium  required  \" \/><\/li>\n<li class=\"vfb-item vfb-item-text    \" id=\"item-vfb-212\"><label for=\"vfb-212\" class=\"vfb-desc\">Apellido  <span class=\"vfb-required-asterisk\">*<\/span><\/label><input type=\"text\" name=\"vfb-212\" id=\"vfb-212\" value=\"\" class=\"vfb-text  vfb-medium  required  \" \/><\/li>\n<li class=\"vfb-item vfb-item-text    \" id=\"item-vfb-213\"><label for=\"vfb-213\" class=\"vfb-desc\">C\u00f3digo fiscal  <span class=\"vfb-required-asterisk\">*<\/span><\/label><input type=\"text\" name=\"vfb-213\" id=\"vfb-213\" value=\"\" class=\"vfb-text  vfb-small  required  \" \/><\/li>\n<\/ul>&nbsp;<\/fieldset><fieldset class=\"vfb-fieldset vfb-fieldset-5 datos    \" id=\"item-vfb-198\"><div class=\"vfb-legend\"><h3>Datos<\/h3><\/div><ul class=\"vfb-section vfb-section-5\"><li class=\"vfb-item vfb-item-text    \" id=\"item-vfb-199\"><label for=\"vfb-199\" class=\"vfb-desc\">CAP  <span class=\"vfb-required-asterisk\">*<\/span><\/label><input type=\"text\" name=\"vfb-199\" id=\"vfb-199\" value=\"\" class=\"vfb-text  vfb-small  required  \" \/><\/li>\n<li class=\"vfb-item vfb-item-text    \" id=\"item-vfb-200\"><label for=\"vfb-200\" class=\"vfb-desc\">Ciudad  <span class=\"vfb-required-asterisk\">*<\/span><\/label><input type=\"text\" name=\"vfb-200\" id=\"vfb-200\" value=\"\" class=\"vfb-text  vfb-large  required  \" \/><\/li>\n<li class=\"vfb-item vfb-item-email    \" id=\"item-vfb-241\"><label for=\"vfb-241\" class=\"vfb-desc\">Email  <span class=\"vfb-required-asterisk\">*<\/span><\/label><input type=\"email\" name=\"vfb-241\" id=\"vfb-241\" value=\"\" class=\"vfb-text  vfb-large  required  email \" \/><\/li>\n<li class=\"vfb-item vfb-item-text    \" id=\"item-vfb-203\"><label for=\"vfb-203\" class=\"vfb-desc\">Telefono  <span class=\"vfb-required-asterisk\">*<\/span><\/label><input type=\"text\" name=\"vfb-203\" id=\"vfb-203\" value=\"\" class=\"vfb-text  vfb-medium  required  \" \/><\/li>\n<li class=\"vfb-item vfb-item-text    \" id=\"item-vfb-204\"><label for=\"vfb-204\" class=\"vfb-desc\">Fax <\/label><input type=\"text\" name=\"vfb-204\" id=\"vfb-204\" value=\"\" class=\"vfb-text  vfb-medium   \" \/><\/li>\n<\/ul>&nbsp;<\/fieldset><fieldset class=\"vfb-fieldset vfb-fieldset-6 confirmacion-y-envio    \" id=\"item-vfb-193\"><div class=\"vfb-legend\"><h3>Confirmaci\u00f3n y env\u00edo<\/h3><\/div><ul class=\"vfb-section vfb-section-6\"><li class=\"vfb-item vfb-item-select    \" id=\"item-vfb-205\"><label for=\"vfb-205\" class=\"vfb-desc\">C\u00f3mo has conocido Trans Isole <\/label><select name=\"vfb-205\" id=\"vfb-205\" class=\"vfb-select  vfb-medium  \"><option value=\"Specificare ----------------------\" selected='selected'>Specificare ----------------------<\/option><option value=\"Por internet\">Por internet<\/option><option value=\"Logo y contacto en veh\u00edculos\">Logo y contacto en veh\u00edculos<\/option><option value=\"Pasapalabra\">Pasapalabra<\/option><option value=\"Otro\">Otro<\/option><\/select><\/li>\n<li class=\"vfb-item vfb-item-instructions    \" id=\"item-vfb-194\"><label class=\"vfb-desc\">Pol\u00edtica de Privacidad <\/label>Compilando il seguente modulo autorizza l\u2019utilizzo dei suoi dati personali secondo il Regolamento Privacy 2016\/679\/UE (Regolamento generale sulla protezione dei dati \u2013 di seguito GDPR).<br>\r\n<a href=\"https:\/\/www.transisole.rivedemo.it\/areadownload\/privacy-policy.pdf\" target=\"_blank\">Leggi l'informativa sulla protezione dei dati di TRANS ISOLE S.R.L.<\/a><\/li>\n<li class=\"vfb-item vfb-item-checkbox    \" id=\"item-vfb-349\"><label class=\"vfb-desc\">Aceptaci\u00f3n <\/label><div><span><label>(s\u00f3lo despu\u00e9s de haber aceptado aparecer\u00e1 el bot\u00f3n para enviar el m\u00f3dulo)<\/label><\/span><span class=\"vfb-span\"><input type=\"checkbox\" name=\"vfb-349[]\" id=\"vfb-349-0\" value=\"He leido la informacion\" class=\"vfb-checkbox  \" \/><label for=\"vfb-349-0\" class=\"vfb-choice\">He leido la informacion<\/label><\/span><div style=\"clear:both\"><\/div><\/div><\/li>\n<\/ul>&nbsp;<\/fieldset><fieldset class=\"vfb-fieldset vfb-fieldset-7 verification  \" id=\"item-vfb-180\"><div class=\"vfb-legend\"><h3>Verification<\/h3><\/div><ul class=\"vfb-section vfb-section-7\"><li class=\"vfb-item vfb-item-secret\" ><label for=\"item-vfb-181\" class=\"vfb-desc\">Please enter any two digits <span class=\"vfb-required-asterisk\">*<\/span><\/label><input type=\"hidden\" name=\"_vfb-secret\" value=\"vfb-181\" \/><span class=\"vfb-span\"><input type=\"text\" name=\"vfb-181\" id=\"item-vfb-181\" value=\"\" class=\"vfb-text  vfb-medium  required {digits:true,maxlength:2,minlength:2} \" \/><label>Example: 12<\/label><\/span><li style=\"display:none;\"><label>This box is for spam protection - <strong>please leave it blank<\/strong><\/label><div><input name=\"vfb-spam\" \/><\/div><\/li><li class=\"vfb-item vfb-item-submit\" id=\"item-vfb-182\">\r\n\t\t\t\t\t<input type=\"submit\" name=\"vfb-submit\" id=\"vfb-182\" value=\"Env\u00eda una solicitud de presupuesto\" class=\"vfb-submit \" \/>\r\n\t\t\t\t\t<\/li><\/ul>\r\n\t\t &nbsp;\r\n\t\t <\/fieldset><input type=\"hidden\" name=\"_wp_http_referer\" value=\"\/es\/wp-json\/wp\/v2\/pages\/2545\" \/><\/form><\/div> <!-- .visual-form-builder-container -->[\/vc_column_text][\/vc_column][vc_column width=\u00bb1\/3&#8243;][vc_widget_sidebar sidebar_id=\u00bbtranscargo-right-sidebar\u00bb][\/vc_column][\/vc_row][vc_row full_width=\u00bbstretch_row\u00bb el_class=\u00bbsecondary_bg_color\u00bb css=\u00bb.vc_custom_1447746818281{margin-bottom: 0px !important;}\u00bb][vc_column][vc_cta h2=\u00bb Transportamos cualquier mercanc\u00eda por carretera y por mar:\u00bb shape=\u00bbsquare\u00bb add_button=\u00bbright\u00bb btn_title=\u00bb Ver nuestra flota\u00bb btn_style=\u00bboutline\u00bb btn_shape=\u00bbround\u00bb btn_color=\u00bbwhite\u00bb btn_i_align=\u00bbright\u00bb btn_i_icon_fontawesome=\u00bbstm-arrow-next\u00bb btn_add_icon=\u00bbtrue\u00bb el_class=\u00bbsecondary_bg_color\u00bb btn_link=\u00bburl:%2Fes%2F%3Fp%3D2712|||\u00bb][\/vc_cta][\/vc_column][\/vc_row]<\/p>\n<\/div>","protected":false},"excerpt":{"rendered":"<p>[vc_row][vc_column width=\u00bb2\/3&#8243;][vc_column_text] Solicitud estimada gratis Trans Isole es especial\u00edsta en el transporte por carretera, internacional y mixto en toda Europa. Nuestro equipo sabr\u00e1 planificar\u00a0soluciones de transportes a medida\u00a0fiables, eficaces y sostenible. A continuaci\u00f3n&#8230;<\/p>\n","protected":false},"author":2,"featured_media":0,"parent":0,"menu_order":0,"comment_status":"closed","ping_status":"closed","template":"","meta":{"footnotes":""},"class_list":["post-2545","page","type-page","status-publish","hentry"],"yoast_head":"<!-- This site is optimized with the Yoast SEO plugin v25.6 - https:\/\/yoast.com\/wordpress\/plugins\/seo\/ -->\n<title>Presupuestos - Trans Isole<\/title>\n<meta name=\"robots\" content=\"noindex, nofollow\" \/>\n<meta property=\"og:locale\" content=\"es_ES\" \/>\n<meta property=\"og:type\" content=\"article\" \/>\n<meta property=\"og:title\" content=\"Presupuestos - Trans Isole\" \/>\n<meta property=\"og:description\" content=\"[vc_row][vc_column width=\u00bb2\/3&#8243;][vc_column_text] Solicitud estimada gratis Trans Isole es especial\u00edsta en el transporte por carretera, internacional y mixto en toda Europa. Nuestro equipo sabr\u00e1 planificar\u00a0soluciones de transportes a medida\u00a0fiables, eficaces y sostenible. A continuaci\u00f3n...\" \/>\n<meta property=\"og:url\" content=\"https:\/\/www.transisole.rivedemo.it\/preventivo-online-trasporti-logistica-distribuzione\" \/>\n<meta property=\"og:site_name\" content=\"Trans Isole\" \/>\n<meta property=\"article:publisher\" content=\"https:\/\/www.facebook.com\/transisole\" \/>\n<meta property=\"article:modified_time\" content=\"2019-10-11T10:28:32+00:00\" \/>\n<meta name=\"twitter:card\" content=\"summary_large_image\" \/>\n<meta name=\"twitter:label1\" content=\"Tiempo de lectura\" \/>\n\t<meta name=\"twitter:data1\" content=\"1 minuto\" \/>\n<script type=\"application\/ld+json\" class=\"yoast-schema-graph\">{\"@context\":\"https:\/\/schema.org\",\"@graph\":[{\"@type\":\"WebPage\",\"@id\":\"https:\/\/www.transisole.rivedemo.it\/preventivo-online-trasporti-logistica-distribuzione\",\"url\":\"https:\/\/www.transisole.rivedemo.it\/preventivo-online-trasporti-logistica-distribuzione\",\"name\":\"Presupuestos - Trans Isole\",\"isPartOf\":{\"@id\":\"https:\/\/www.transisole.rivedemo.it\/#website\"},\"datePublished\":\"2015-11-17T07:30:34+00:00\",\"dateModified\":\"2019-10-11T10:28:32+00:00\",\"breadcrumb\":{\"@id\":\"https:\/\/www.transisole.rivedemo.it\/preventivo-online-trasporti-logistica-distribuzione#breadcrumb\"},\"inLanguage\":\"es\",\"potentialAction\":[{\"@type\":\"ReadAction\",\"target\":[\"https:\/\/www.transisole.rivedemo.it\/preventivo-online-trasporti-logistica-distribuzione\"]}]},{\"@type\":\"BreadcrumbList\",\"@id\":\"https:\/\/www.transisole.rivedemo.it\/preventivo-online-trasporti-logistica-distribuzione#breadcrumb\",\"itemListElement\":[{\"@type\":\"ListItem\",\"position\":1,\"name\":\"Home\",\"item\":\"https:\/\/www.transisole.rivedemo.it\/\"},{\"@type\":\"ListItem\",\"position\":2,\"name\":\"Presupuestos\"}]},{\"@type\":\"WebSite\",\"@id\":\"https:\/\/www.transisole.rivedemo.it\/#website\",\"url\":\"https:\/\/www.transisole.rivedemo.it\/\",\"name\":\"Trans Isole\",\"description\":\"Trasporto in Italia, Europa e isole, Deposito e Logistica\",\"potentialAction\":[{\"@type\":\"SearchAction\",\"target\":{\"@type\":\"EntryPoint\",\"urlTemplate\":\"https:\/\/www.transisole.rivedemo.it\/?s={search_term_string}\"},\"query-input\":{\"@type\":\"PropertyValueSpecification\",\"valueRequired\":true,\"valueName\":\"search_term_string\"}}],\"inLanguage\":\"es\"}]}<\/script>\n<!-- \/ Yoast SEO plugin. -->","yoast_head_json":{"title":"Presupuestos - Trans Isole","robots":{"index":"noindex","follow":"nofollow"},"og_locale":"es_ES","og_type":"article","og_title":"Presupuestos - Trans Isole","og_description":"[vc_row][vc_column width=\u00bb2\/3&#8243;][vc_column_text] Solicitud estimada gratis Trans Isole es especial\u00edsta en el transporte por carretera, internacional y mixto en toda Europa. Nuestro equipo sabr\u00e1 planificar\u00a0soluciones de transportes a medida\u00a0fiables, eficaces y sostenible. A continuaci\u00f3n...","og_url":"https:\/\/www.transisole.rivedemo.it\/preventivo-online-trasporti-logistica-distribuzione","og_site_name":"Trans Isole","article_publisher":"https:\/\/www.facebook.com\/transisole","article_modified_time":"2019-10-11T10:28:32+00:00","twitter_card":"summary_large_image","twitter_misc":{"Tiempo de lectura":"1 minuto"},"schema":{"@context":"https:\/\/schema.org","@graph":[{"@type":"WebPage","@id":"https:\/\/www.transisole.rivedemo.it\/preventivo-online-trasporti-logistica-distribuzione","url":"https:\/\/www.transisole.rivedemo.it\/preventivo-online-trasporti-logistica-distribuzione","name":"Presupuestos - Trans Isole","isPartOf":{"@id":"https:\/\/www.transisole.rivedemo.it\/#website"},"datePublished":"2015-11-17T07:30:34+00:00","dateModified":"2019-10-11T10:28:32+00:00","breadcrumb":{"@id":"https:\/\/www.transisole.rivedemo.it\/preventivo-online-trasporti-logistica-distribuzione#breadcrumb"},"inLanguage":"es","potentialAction":[{"@type":"ReadAction","target":["https:\/\/www.transisole.rivedemo.it\/preventivo-online-trasporti-logistica-distribuzione"]}]},{"@type":"BreadcrumbList","@id":"https:\/\/www.transisole.rivedemo.it\/preventivo-online-trasporti-logistica-distribuzione#breadcrumb","itemListElement":[{"@type":"ListItem","position":1,"name":"Home","item":"https:\/\/www.transisole.rivedemo.it\/"},{"@type":"ListItem","position":2,"name":"Presupuestos"}]},{"@type":"WebSite","@id":"https:\/\/www.transisole.rivedemo.it\/#website","url":"https:\/\/www.transisole.rivedemo.it\/","name":"Trans Isole","description":"Trasporto in Italia, Europa e isole, Deposito e Logistica","potentialAction":[{"@type":"SearchAction","target":{"@type":"EntryPoint","urlTemplate":"https:\/\/www.transisole.rivedemo.it\/?s={search_term_string}"},"query-input":{"@type":"PropertyValueSpecification","valueRequired":true,"valueName":"search_term_string"}}],"inLanguage":"es"}]}},"_links":{"self":[{"href":"https:\/\/www.transisole.rivedemo.it\/es\/wp-json\/wp\/v2\/pages\/2545","targetHints":{"allow":["GET"]}}],"collection":[{"href":"https:\/\/www.transisole.rivedemo.it\/es\/wp-json\/wp\/v2\/pages"}],"about":[{"href":"https:\/\/www.transisole.rivedemo.it\/es\/wp-json\/wp\/v2\/types\/page"}],"author":[{"embeddable":true,"href":"https:\/\/www.transisole.rivedemo.it\/es\/wp-json\/wp\/v2\/users\/2"}],"replies":[{"embeddable":true,"href":"https:\/\/www.transisole.rivedemo.it\/es\/wp-json\/wp\/v2\/comments?post=2545"}],"version-history":[{"count":4,"href":"https:\/\/www.transisole.rivedemo.it\/es\/wp-json\/wp\/v2\/pages\/2545\/revisions"}],"predecessor-version":[{"id":3940,"href":"https:\/\/www.transisole.rivedemo.it\/es\/wp-json\/wp\/v2\/pages\/2545\/revisions\/3940"}],"wp:attachment":[{"href":"https:\/\/www.transisole.rivedemo.it\/es\/wp-json\/wp\/v2\/media?parent=2545"}],"curies":[{"name":"wp","href":"https:\/\/api.w.org\/{rel}","templated":true}]}}