{"id":1905,"date":"2018-09-21T15:29:53","date_gmt":"2018-09-21T15:29:53","guid":{"rendered":"https:\/\/www.transisole.rivedemo.it\/punti-di-forza\/"},"modified":"2019-11-27T10:46:36","modified_gmt":"2019-11-27T10:46:36","slug":"punti-di-forza","status":"publish","type":"page","link":"https:\/\/www.transisole.rivedemo.it\/es\/punti-di-forza","title":{"rendered":"Puntos de fuerza"},"content":{"rendered":"<div class=\"wpb-content-wrapper\"><p>[vc_row][vc_column width=\u00bb2\/3&#8243;][vc_custom_heading text=\u00bbLongitud en las elecciones, penalidad y transparencia en los negocios siempre contraste el esp\u00edritu emprendedor de los gerentes de la compa\u00f1\u00eda Trans Isole.\u00bb font_container=\u00bbtag:h3|text_align:left\u00bb google_fonts=\u00bbfont_family:Titillium%20Web%3A200%2C200italic%2C300%2C300italic%2Cregular%2Citalic%2C600%2C600italic%2C700%2C700italic%2C900|font_style:400%20regular%3A400%3Anormal\u00bb][vc_single_image image=\u00bb1767&#8243; img_size=\u00bbfull\u00bb][vc_tta_accordion style=\u00bbflat\u00bb active_section=\u00bb1&#8243;][vc_tta_section title=\u00bbSEGURIDAD\u00bb tab_id=\u00bb1537885178111-01ee5984-5101&#8243;][vc_column_text]<\/p>\n<ul>\n<li>Gracias a procedimientos automatizados y a un sistema de control por sat\u00e9lite, somos capaces de monitorizar cada env\u00edo, localizar en tiempo real la mercanc\u00eda y garantizar el servicio con la m\u00e1xima seguridad, 24 horas sobre 24.<\/li>\n<li>Nuestra flota est\u00e1 constantemente sometida a mantenimiento y actualizaciones tanto en t\u00e8rminos de eficacia como de limpieza.<\/li>\n<\/ul>\n<p>[\/vc_column_text][\/vc_tta_section][vc_tta_section title=\u00bbPUNTUALIDAD\u00bb tab_id=\u00bb1537885178124-29753ad6-ab15&#8243;][vc_column_text]<\/p>\n<ul>\n<li>Garantizamos la m\u00e1xima precisi\u00f3n en la entrega en toda Europa, siempre.<\/li>\n<li>Garantizamos un servicio de transporte 24 horas sobre 24.<\/li>\n<li>Estamos siempre localizables, monitorizamos y tenemos continuamente actualizado al cliente, en tiempo real sobre los env\u00edos en curso, gracias a un software espec\u00edfico.<\/li>\n<li>Efectuamos, bajo petici\u00f3n, entregas r\u00e1pidas en 24 horas de palets inviduales o de cargas completas en Italia.<\/li>\n<\/ul>\n<p>[\/vc_column_text][\/vc_tta_section][vc_tta_section title=\u00bbFIABILIDAD\u00bb tab_id=\u00bb1537886610193-e4583915-8119&#8243;][vc_column_text]<\/p>\n<ul>\n<li>Todo el equipo est\u00e1 sometido a formaci\u00f3n y actualizaci\u00f3n continua para garantizar un excelente rendimiento, desde la planificaci\u00f3n log\u00edstica hasta la carga y manipulaci\u00f3n de mercancias.<\/li>\n<\/ul>\n<p>[\/vc_column_text][\/vc_tta_section][vc_tta_section title=\u00bbFLEXIBILIDAD\u00bb tab_id=\u00bb1537886611711-8153bdc9-7bbc\u00bb][vc_column_text]<\/p>\n<ul>\n<li>Somos din\u00e1micos y capaces de escuchar siempre las exigencias del cliente para transformarlas en soluciones log\u00edsticas flexibles y a medida.<\/li>\n<li>Hemos construido partnership seleccionados y consolidados a nivel Europeo y el conocimiento de los tiempos y de las necesidades de cada empresa cliente, nos permiten valorar en poco tiempo la mejor soluci\u00f3n siendo capaces de mejorar la relaci\u00f3n de calidad del servicio ofrecido\/precio.<\/li>\n<li>Analizamos los tiempos y las necesidades del cliente y valoramos en poqu\u00edsimo tiempo la mejor soluci\u00f3n.<\/li>\n<li>Tutelamos al cliente sobre todas las cosas y tratamos de alcanzar siempre el perfecto equilibrio entre calidad del servicio y costes.<\/li>\n<\/ul>\n<p>[\/vc_column_text][\/vc_tta_section][vc_tta_section title=\u00bbINTERLOCUTOR UNICO\u00bb tab_id=\u00bb1537886612655-333a81be-dc9a\u00bb][vc_column_text]<\/p>\n<ul>\n<li>Realizamos servicios puerta a puerta y nos ocupamos de todos los tr\u00e1mites legales de transporte sea por carretera que mar\u00edtimos internacionales.<\/li>\n<li>Establecemos una relaci\u00f3n de confianza, directa, casi familiar con nuestros clientes y son ellos nuestro punto de referencia en las relaciones con las empresas de navegaci\u00f3n, los agentes portuarios, las compa\u00f1\u00edas de seguros, la aduana para import-export, las entidades p\u00fablicas para la concesi\u00f3n de permisos, adem\u00e1s de los remitentes y destinatarios.<\/li>\n<li>Nos ocupamos de todo, reducimos al m\u00e1ximo los errores y os hacemos ahorrar tiempo y dinero.<\/li>\n<\/ul>\n<p>[\/vc_column_text][\/vc_tta_section][\/vc_tta_accordion][vc_single_image image=\u00bb2409&#8243; img_size=\u00bbfull\u00bb alignment=\u00bbcenter\u00bb style=\u00bbvc_box_outline\u00bb][vc_empty_space][\/vc_column][vc_column width=\u00bb1\/3&#8243;][vc_widget_sidebar sidebar_id=\u00bbtranscargo-right-sidebar\u00bb][\/vc_column][\/vc_row][vc_row full_width=\u00bbstretch_row\u00bb el_class=\u00bbsecondary_bg_color\u00bb css=\u00bb.vc_custom_1447746818281{margin-bottom: 0px !important;}\u00bb][vc_column][vc_cta h2=\u00bbPara info sobre servicios de Transporte, Log\u00edstica y Distribuci\u00f3n:\u00bb shape=\u00bbsquare\u00bb add_button=\u00bbright\u00bb btn_title=\u00bbPedir un presupuesto\u00bb btn_style=\u00bboutline\u00bb btn_shape=\u00bbround\u00bb btn_color=\u00bbwhite\u00bb btn_i_align=\u00bbright\u00bb btn_i_icon_fontawesome=\u00bbstm-arrow-next\u00bb btn_add_icon=\u00bbtrue\u00bb el_class=\u00bbsecondary_bg_color\u00bb btn_link=\u00bburl:%2Fes%2F%3Fp%3D2545|||\u00bb][\/vc_cta][\/vc_column][\/vc_row]<\/p>\n<\/div>","protected":false},"excerpt":{"rendered":"<p>[vc_row][vc_column width=\u00bb2\/3&#8243;][vc_custom_heading text=\u00bbLongitud en las elecciones, penalidad y transparencia en los negocios siempre contraste el esp\u00edritu emprendedor de los gerentes de la compa\u00f1\u00eda Trans Isole.\u00bb font_container=\u00bbtag:h3|text_align:left\u00bb google_fonts=\u00bbfont_family:Titillium%20Web%3A200%2C200italic%2C300%2C300italic%2Cregular%2Citalic%2C600%2C600italic%2C700%2C700italic%2C900|font_style:400%20regular%3A400%3Anormal\u00bb][vc_single_image image=\u00bb1767&#8243; img_size=\u00bbfull\u00bb][vc_tta_accordion style=\u00bbflat\u00bb active_section=\u00bb1&#8243;][vc_tta_section title=\u00bbSEGURIDAD\u00bb tab_id=\u00bb1537885178111-01ee5984-5101&#8243;][vc_column_text]&#8230;<\/p>\n","protected":false},"author":2,"featured_media":0,"parent":0,"menu_order":0,"comment_status":"closed","ping_status":"closed","template":"","meta":{"footnotes":""},"class_list":["post-1905","page","type-page","status-publish","hentry"],"yoast_head":"<!-- This site is optimized with the Yoast SEO plugin v25.6 - https:\/\/yoast.com\/wordpress\/plugins\/seo\/ -->\n<title>Puntos de fuerza - Trans Isole<\/title>\n<meta name=\"robots\" content=\"noindex, follow, max-snippet:-1, max-image-preview:large, max-video-preview:-1\" \/>\n<meta property=\"og:locale\" content=\"es_ES\" \/>\n<meta property=\"og:type\" content=\"article\" \/>\n<meta property=\"og:title\" content=\"Puntos de fuerza - Trans Isole\" \/>\n<meta property=\"og:description\" content=\"[vc_row][vc_column width=\u00bb2\/3&#8243;][vc_custom_heading text=\u00bbLongitud en las elecciones, penalidad y transparencia en los negocios siempre contraste el esp\u00edritu emprendedor de los gerentes de la compa\u00f1\u00eda Trans Isole.\u00bb font_container=\u00bbtag:h3|text_align:left\u00bb google_fonts=\u00bbfont_family:Titillium%20Web%3A200%2C200italic%2C300%2C300italic%2Cregular%2Citalic%2C600%2C600italic%2C700%2C700italic%2C900|font_style:400%20regular%3A400%3Anormal\u00bb][vc_single_image image=\u00bb1767&#8243; img_size=\u00bbfull\u00bb][vc_tta_accordion style=\u00bbflat\u00bb active_section=\u00bb1&#8243;][vc_tta_section title=\u00bbSEGURIDAD\u00bb tab_id=\u00bb1537885178111-01ee5984-5101&#8243;][vc_column_text]...\" \/>\n<meta property=\"og:url\" content=\"https:\/\/www.transisole.rivedemo.it\/punti-di-forza\" \/>\n<meta property=\"og:site_name\" content=\"Trans Isole\" \/>\n<meta property=\"article:publisher\" content=\"https:\/\/www.facebook.com\/transisole\" \/>\n<meta property=\"article:modified_time\" content=\"2019-11-27T10:46:36+00:00\" \/>\n<meta name=\"twitter:card\" content=\"summary_large_image\" \/>\n<meta name=\"twitter:label1\" content=\"Tiempo de lectura\" \/>\n\t<meta name=\"twitter:data1\" content=\"3 minutos\" \/>\n<script type=\"application\/ld+json\" class=\"yoast-schema-graph\">{\"@context\":\"https:\/\/schema.org\",\"@graph\":[{\"@type\":\"WebPage\",\"@id\":\"https:\/\/www.transisole.rivedemo.it\/punti-di-forza\",\"url\":\"https:\/\/www.transisole.rivedemo.it\/punti-di-forza\",\"name\":\"Puntos de fuerza - Trans Isole\",\"isPartOf\":{\"@id\":\"https:\/\/www.transisole.rivedemo.it\/#website\"},\"datePublished\":\"2018-09-21T15:29:53+00:00\",\"dateModified\":\"2019-11-27T10:46:36+00:00\",\"breadcrumb\":{\"@id\":\"https:\/\/www.transisole.rivedemo.it\/punti-di-forza#breadcrumb\"},\"inLanguage\":\"es\",\"potentialAction\":[{\"@type\":\"ReadAction\",\"target\":[\"https:\/\/www.transisole.rivedemo.it\/punti-di-forza\"]}]},{\"@type\":\"BreadcrumbList\",\"@id\":\"https:\/\/www.transisole.rivedemo.it\/punti-di-forza#breadcrumb\",\"itemListElement\":[{\"@type\":\"ListItem\",\"position\":1,\"name\":\"Home\",\"item\":\"https:\/\/www.transisole.rivedemo.it\/\"},{\"@type\":\"ListItem\",\"position\":2,\"name\":\"Puntos de fuerza\"}]},{\"@type\":\"WebSite\",\"@id\":\"https:\/\/www.transisole.rivedemo.it\/#website\",\"url\":\"https:\/\/www.transisole.rivedemo.it\/\",\"name\":\"Trans Isole\",\"description\":\"Trasporto in Italia, Europa e isole, Deposito e Logistica\",\"potentialAction\":[{\"@type\":\"SearchAction\",\"target\":{\"@type\":\"EntryPoint\",\"urlTemplate\":\"https:\/\/www.transisole.rivedemo.it\/?s={search_term_string}\"},\"query-input\":{\"@type\":\"PropertyValueSpecification\",\"valueRequired\":true,\"valueName\":\"search_term_string\"}}],\"inLanguage\":\"es\"}]}<\/script>\n<!-- \/ Yoast SEO plugin. -->","yoast_head_json":{"title":"Puntos de fuerza - Trans Isole","robots":{"index":"noindex","follow":"follow","max-snippet":"max-snippet:-1","max-image-preview":"max-image-preview:large","max-video-preview":"max-video-preview:-1"},"og_locale":"es_ES","og_type":"article","og_title":"Puntos de fuerza - Trans Isole","og_description":"[vc_row][vc_column width=\u00bb2\/3&#8243;][vc_custom_heading text=\u00bbLongitud en las elecciones, penalidad y transparencia en los negocios siempre contraste el esp\u00edritu emprendedor de los gerentes de la compa\u00f1\u00eda Trans Isole.\u00bb font_container=\u00bbtag:h3|text_align:left\u00bb google_fonts=\u00bbfont_family:Titillium%20Web%3A200%2C200italic%2C300%2C300italic%2Cregular%2Citalic%2C600%2C600italic%2C700%2C700italic%2C900|font_style:400%20regular%3A400%3Anormal\u00bb][vc_single_image image=\u00bb1767&#8243; img_size=\u00bbfull\u00bb][vc_tta_accordion style=\u00bbflat\u00bb active_section=\u00bb1&#8243;][vc_tta_section title=\u00bbSEGURIDAD\u00bb tab_id=\u00bb1537885178111-01ee5984-5101&#8243;][vc_column_text]...","og_url":"https:\/\/www.transisole.rivedemo.it\/punti-di-forza","og_site_name":"Trans Isole","article_publisher":"https:\/\/www.facebook.com\/transisole","article_modified_time":"2019-11-27T10:46:36+00:00","twitter_card":"summary_large_image","twitter_misc":{"Tiempo de lectura":"3 minutos"},"schema":{"@context":"https:\/\/schema.org","@graph":[{"@type":"WebPage","@id":"https:\/\/www.transisole.rivedemo.it\/punti-di-forza","url":"https:\/\/www.transisole.rivedemo.it\/punti-di-forza","name":"Puntos de fuerza - Trans Isole","isPartOf":{"@id":"https:\/\/www.transisole.rivedemo.it\/#website"},"datePublished":"2018-09-21T15:29:53+00:00","dateModified":"2019-11-27T10:46:36+00:00","breadcrumb":{"@id":"https:\/\/www.transisole.rivedemo.it\/punti-di-forza#breadcrumb"},"inLanguage":"es","potentialAction":[{"@type":"ReadAction","target":["https:\/\/www.transisole.rivedemo.it\/punti-di-forza"]}]},{"@type":"BreadcrumbList","@id":"https:\/\/www.transisole.rivedemo.it\/punti-di-forza#breadcrumb","itemListElement":[{"@type":"ListItem","position":1,"name":"Home","item":"https:\/\/www.transisole.rivedemo.it\/"},{"@type":"ListItem","position":2,"name":"Puntos de fuerza"}]},{"@type":"WebSite","@id":"https:\/\/www.transisole.rivedemo.it\/#website","url":"https:\/\/www.transisole.rivedemo.it\/","name":"Trans Isole","description":"Trasporto in Italia, Europa e isole, Deposito e Logistica","potentialAction":[{"@type":"SearchAction","target":{"@type":"EntryPoint","urlTemplate":"https:\/\/www.transisole.rivedemo.it\/?s={search_term_string}"},"query-input":{"@type":"PropertyValueSpecification","valueRequired":true,"valueName":"search_term_string"}}],"inLanguage":"es"}]}},"_links":{"self":[{"href":"https:\/\/www.transisole.rivedemo.it\/es\/wp-json\/wp\/v2\/pages\/1905","targetHints":{"allow":["GET"]}}],"collection":[{"href":"https:\/\/www.transisole.rivedemo.it\/es\/wp-json\/wp\/v2\/pages"}],"about":[{"href":"https:\/\/www.transisole.rivedemo.it\/es\/wp-json\/wp\/v2\/types\/page"}],"author":[{"embeddable":true,"href":"https:\/\/www.transisole.rivedemo.it\/es\/wp-json\/wp\/v2\/users\/2"}],"replies":[{"embeddable":true,"href":"https:\/\/www.transisole.rivedemo.it\/es\/wp-json\/wp\/v2\/comments?post=1905"}],"version-history":[{"count":14,"href":"https:\/\/www.transisole.rivedemo.it\/es\/wp-json\/wp\/v2\/pages\/1905\/revisions"}],"predecessor-version":[{"id":4332,"href":"https:\/\/www.transisole.rivedemo.it\/es\/wp-json\/wp\/v2\/pages\/1905\/revisions\/4332"}],"wp:attachment":[{"href":"https:\/\/www.transisole.rivedemo.it\/es\/wp-json\/wp\/v2\/media?parent=1905"}],"curies":[{"name":"wp","href":"https:\/\/api.w.org\/{rel}","templated":true}]}}